{"id":1668,"date":"2025-04-21T23:09:59","date_gmt":"2025-04-22T03:09:59","guid":{"rendered":"https:\/\/sorinionescu.org\/inicio\/"},"modified":"2025-04-21T23:10:01","modified_gmt":"2025-04-22T03:10:01","slug":"inicio","status":"publish","type":"page","link":"https:\/\/sorinionescu.org\/es\/","title":{"rendered":"Inicio"},"content":{"rendered":"\t\t<div data-elementor-type=\"wp-post\" data-elementor-id=\"1668\" class=\"elementor elementor-1668 elementor-505\" data-elementor-post-type=\"page\">\n\t\t\t\t\t\t<section class=\"elementor-section elementor-top-section elementor-element elementor-element-e594fb2 elementor-section-boxed elementor-section-height-default elementor-section-height-default\" data-id=\"e594fb2\" data-element_type=\"section\">\n\t\t\t\t\t\t<div class=\"elementor-container elementor-column-gap-default\">\n\t\t\t\t\t<div class=\"elementor-column elementor-col-100 elementor-top-column elementor-element elementor-element-5778bf8\" data-id=\"5778bf8\" data-element_type=\"column\">\n\t\t\t<div class=\"elementor-widget-wrap elementor-element-populated\">\n\t\t\t\t\t\t<section class=\"elementor-section elementor-inner-section elementor-element elementor-element-5a0fa26 elementor-section-boxed elementor-section-height-default elementor-section-height-default\" data-id=\"5a0fa26\" data-element_type=\"section\">\n\t\t\t\t\t\t<div class=\"elementor-container elementor-column-gap-default\">\n\t\t\t\t\t<div class=\"elementor-column elementor-col-50 elementor-inner-column elementor-element elementor-element-358206a\" data-id=\"358206a\" data-element_type=\"column\">\n\t\t\t<div class=\"elementor-widget-wrap elementor-element-populated\">\n\t\t\t\t\t\t<div class=\"elementor-element elementor-element-0ca3f5f elementor-widget__width-initial elementor-widget elementor-widget-image\" data-id=\"0ca3f5f\" data-element_type=\"widget\" data-widget_type=\"image.default\">\n\t\t\t\t<div class=\"elementor-widget-container\">\n\t\t\t\t\t\t\t\t\t\t\t\t\t\t\t\t<a href=\"https:\/\/sorinionescu.org\/umoja-greenlands\/\">\n\t\t\t\t\t\t\t<img fetchpriority=\"high\" decoding=\"async\" width=\"800\" height=\"804\" src=\"https:\/\/sorinionescu.org\/wp-content\/uploads\/2025\/03\/UmojaGreenlands-1019x1024.jpg\" class=\"attachment-large size-large wp-image-1350\" alt=\"\" srcset=\"https:\/\/sorinionescu.org\/wp-content\/uploads\/2025\/03\/UmojaGreenlands-1019x1024.jpg 1019w, https:\/\/sorinionescu.org\/wp-content\/uploads\/2025\/03\/UmojaGreenlands-150x150.jpg 150w, https:\/\/sorinionescu.org\/wp-content\/uploads\/2025\/03\/UmojaGreenlands-768x772.jpg 768w, https:\/\/sorinionescu.org\/wp-content\/uploads\/2025\/03\/UmojaGreenlands.jpg 1077w\" sizes=\"(max-width: 800px) 100vw, 800px\" \/>\t\t\t\t\t\t\t\t<\/a>\n\t\t\t\t\t\t\t\t\t\t\t\t\t\t\t<\/div>\n\t\t\t\t<\/div>\n\t\t\t\t\t<\/div>\n\t\t<\/div>\n\t\t\t\t<div class=\"elementor-column elementor-col-50 elementor-inner-column elementor-element elementor-element-ffb4748\" data-id=\"ffb4748\" data-element_type=\"column\">\n\t\t\t<div class=\"elementor-widget-wrap elementor-element-populated\">\n\t\t\t\t\t\t<div class=\"elementor-element elementor-element-ceb32d6 elementor-widget elementor-widget-text-editor\" data-id=\"ceb32d6\" data-element_type=\"widget\" data-widget_type=\"text-editor.default\">\n\t\t\t\t<div class=\"elementor-widget-container\">\n\t\t\t\t\t\t\t\t\t<p><span style=\"color: inherit; font-family: inherit; font-size: 1.75rem;\"><a href=\"https:\/\/sorinionescu.org\/umoja-greenlands\/\">Umoja Greenlands<\/a>: Construir juntos comunidades pr\u00f3speras<\/span><\/p><p>Umoja Greenlands es un movimiento de base dedicado a unir a las comunidades de toda Kenia para abordar los retos comunes mediante la colaboraci\u00f3n, el apoyo mutuo y las soluciones sostenibles. Nuestra misi\u00f3n es transformar vidas al tiempo que restauramos el medio ambiente para las generaciones futuras. <\/p><p>Nos centramos en \u00e1reas de impacto clave:<\/p><ul style=\"font-size: 16px; background-color: #ffffff;\"><li style=\"font-size: 16px;\"><span style=\"font-weight: bolder;\">Acceso al agua limpia<\/span> &#8211; Proporcionar agua segura y fiable a todas las comunidades.<\/li><li style=\"font-size: 16px;\"><span style=\"font-weight: bolder;\">Seguridad Alimentaria y Permacultura<\/span> &#8211; Fomento de la agricultura sostenible a trav\u00e9s de los bosques alimentarios y la agricultura regenerativa.<\/li><li style=\"font-size: 16px;\"><span style=\"font-weight: bolder;\">Restauraci\u00f3n de tierras<\/span> &#8211; Revitalizar las tierras degradadas para garantizar un futuro resiliente.<\/li><li style=\"font-size: 16px;\"><span style=\"font-weight: bolder;\">Viviendas e Infraestructuras<\/span> &#8211; Construir viviendas y espacios comunes mediante la acci\u00f3n colectiva.<\/li><li style=\"font-size: 16px;\"><span style=\"font-weight: bolder;\">Apoyo mutuo y colaboraci\u00f3n<\/span> &#8211; Fortalecer las comunidades trabajando juntos.<\/li><\/ul><p>Nuestra prioridad inmediata es <span style=\"font-weight: bolder;\">el agua limpia<\/span>, porque el agua es vida. Mediante la instalaci\u00f3n de dep\u00f3sitos de agua comunitarios, estamos abordando la urgente crisis del agua, pueblo por pueblo. <\/p><p><a href=\"https:\/\/sorinionescu.org\/umoja-greenlands\/\">\u00danete a nosotros para crear un futuro de resiliencia, abundancia y prosperidad compartida.  <span style=\"font-weight: bolder;\">Juntos, prosperamos.<\/span><\/a><\/p>\t\t\t\t\t\t\t\t<\/div>\n\t\t\t\t<\/div>\n\t\t\t\t\t<\/div>\n\t\t<\/div>\n\t\t\t\t\t<\/div>\n\t\t<\/section>\n\t\t\t\t<div class=\"elementor-element elementor-element-ea67063 elementor-widget elementor-widget-spacer\" data-id=\"ea67063\" data-element_type=\"widget\" data-widget_type=\"spacer.default\">\n\t\t\t\t<div class=\"elementor-widget-container\">\n\t\t\t\t\t\t\t<div class=\"elementor-spacer\">\n\t\t\t<div class=\"elementor-spacer-inner\"><\/div>\n\t\t<\/div>\n\t\t\t\t\t\t<\/div>\n\t\t\t\t<\/div>\n\t\t\t\t<div class=\"elementor-element elementor-element-8d6f790 elementor-widget-divider--view-line elementor-widget elementor-widget-divider\" data-id=\"8d6f790\" data-element_type=\"widget\" data-widget_type=\"divider.default\">\n\t\t\t\t<div class=\"elementor-widget-container\">\n\t\t\t\t\t\t\t<div class=\"elementor-divider\">\n\t\t\t<span class=\"elementor-divider-separator\">\n\t\t\t\t\t\t<\/span>\n\t\t<\/div>\n\t\t\t\t\t\t<\/div>\n\t\t\t\t<\/div>\n\t\t\t\t<section class=\"elementor-section elementor-inner-section elementor-element elementor-element-16f8c1d elementor-section-boxed elementor-section-height-default elementor-section-height-default\" data-id=\"16f8c1d\" data-element_type=\"section\">\n\t\t\t\t\t\t<div class=\"elementor-container elementor-column-gap-default\">\n\t\t\t\t\t<div class=\"elementor-column elementor-col-50 elementor-inner-column elementor-element elementor-element-0aae901\" data-id=\"0aae901\" data-element_type=\"column\">\n\t\t\t<div class=\"elementor-widget-wrap elementor-element-populated\">\n\t\t\t\t\t\t<div class=\"elementor-element elementor-element-0d2472e elementor-widget elementor-widget-heading\" data-id=\"0d2472e\" data-element_type=\"widget\" data-widget_type=\"heading.default\">\n\t\t\t\t<div class=\"elementor-widget-container\">\n\t\t\t\t\t<h2 class=\"elementor-heading-title elementor-size-default\">Qui\u00e9n soy<\/h2>\t\t\t\t<\/div>\n\t\t\t\t<\/div>\n\t\t\t\t<div class=\"elementor-element elementor-element-e704e7e elementor-widget elementor-widget-text-editor\" data-id=\"e704e7e\" data-element_type=\"widget\" data-widget_type=\"text-editor.default\">\n\t\t\t\t<div class=\"elementor-widget-container\">\n\t\t\t\t\t\t\t\t\t<p>Busco el sentido y la verdad.<\/p><p>  Busco dar sentido a un mundo en el que dar sentido no es tarea f\u00e1cil.<\/p><p>Busco marcar la diferencia dejando el mundo un poco mejor de lo que lo encontr\u00e9.<\/p><p>Intento minimizar el sufrimiento a trav\u00e9s de mis acciones y pensamientos.<\/p><p>Temo algunas historias escritas en lo m\u00e1s profundo de nuestra biolog\u00eda, como la competencia depredadora.<\/p><p>Temo algunas historias de nuestra cultura, como el consumismo y el individualismo.<\/p><p>Me temo que las posibilidades de que la Tierra evite un colapso catastr\u00f3fico son infinitamente peque\u00f1as.<\/p><p> <\/p>\t\t\t\t\t\t\t\t<\/div>\n\t\t\t\t<\/div>\n\t\t\t\t\t<\/div>\n\t\t<\/div>\n\t\t\t\t<div class=\"elementor-column elementor-col-50 elementor-inner-column elementor-element elementor-element-bf5e334\" data-id=\"bf5e334\" data-element_type=\"column\">\n\t\t\t<div class=\"elementor-widget-wrap elementor-element-populated\">\n\t\t\t\t\t\t<div class=\"elementor-element elementor-element-a167d82 elementor-widget elementor-widget-image\" data-id=\"a167d82\" data-element_type=\"widget\" data-widget_type=\"image.default\">\n\t\t\t\t<div class=\"elementor-widget-container\">\n\t\t\t\t\t\t\t\t\t\t\t\t\t\t\t<img decoding=\"async\" width=\"800\" height=\"600\" src=\"https:\/\/sorinionescu.org\/wp-content\/uploads\/2020\/07\/Rock-1-1024x768.jpg\" class=\"attachment-large size-large wp-image-510\" alt=\"\" srcset=\"https:\/\/sorinionescu.org\/wp-content\/uploads\/2020\/07\/Rock-1-1024x768.jpg 1024w, https:\/\/sorinionescu.org\/wp-content\/uploads\/2020\/07\/Rock-1-300x225.jpg 300w, https:\/\/sorinionescu.org\/wp-content\/uploads\/2020\/07\/Rock-1-768x576.jpg 768w, https:\/\/sorinionescu.org\/wp-content\/uploads\/2020\/07\/Rock-1.jpg 1152w\" sizes=\"(max-width: 800px) 100vw, 800px\" \/>\t\t\t\t\t\t\t\t\t\t\t\t\t\t\t<\/div>\n\t\t\t\t<\/div>\n\t\t\t\t\t<\/div>\n\t\t<\/div>\n\t\t\t\t\t<\/div>\n\t\t<\/section>\n\t\t\t\t<section class=\"elementor-section elementor-inner-section elementor-element elementor-element-0a35555 elementor-section-boxed elementor-section-height-default elementor-section-height-default\" data-id=\"0a35555\" data-element_type=\"section\">\n\t\t\t\t\t\t<div class=\"elementor-container elementor-column-gap-default\">\n\t\t\t\t\t<div class=\"elementor-column elementor-col-50 elementor-inner-column elementor-element elementor-element-1e1e829\" data-id=\"1e1e829\" data-element_type=\"column\">\n\t\t\t<div class=\"elementor-widget-wrap elementor-element-populated\">\n\t\t\t\t\t\t<div class=\"elementor-element elementor-element-4c3cef4 elementor-widget elementor-widget-image\" data-id=\"4c3cef4\" data-element_type=\"widget\" data-widget_type=\"image.default\">\n\t\t\t\t<div class=\"elementor-widget-container\">\n\t\t\t\t\t\t\t\t\t\t\t\t\t\t\t<img decoding=\"async\" width=\"800\" height=\"400\" src=\"https:\/\/sorinionescu.org\/wp-content\/uploads\/2020\/07\/Altrusim-1024x512.jpg\" class=\"attachment-large size-large wp-image-514\" alt=\"\" srcset=\"https:\/\/sorinionescu.org\/wp-content\/uploads\/2020\/07\/Altrusim-1024x512.jpg 1024w, https:\/\/sorinionescu.org\/wp-content\/uploads\/2020\/07\/Altrusim-300x150.jpg 300w, https:\/\/sorinionescu.org\/wp-content\/uploads\/2020\/07\/Altrusim-768x384.jpg 768w, https:\/\/sorinionescu.org\/wp-content\/uploads\/2020\/07\/Altrusim.jpg 1040w\" sizes=\"(max-width: 800px) 100vw, 800px\" \/>\t\t\t\t\t\t\t\t\t\t\t\t\t\t\t<\/div>\n\t\t\t\t<\/div>\n\t\t\t\t\t<\/div>\n\t\t<\/div>\n\t\t\t\t<div class=\"elementor-column elementor-col-50 elementor-inner-column elementor-element elementor-element-f4af1dc\" data-id=\"f4af1dc\" data-element_type=\"column\">\n\t\t\t<div class=\"elementor-widget-wrap elementor-element-populated\">\n\t\t\t\t\t\t<div class=\"elementor-element elementor-element-f43795d elementor-widget elementor-widget-text-editor\" data-id=\"f43795d\" data-element_type=\"widget\" data-widget_type=\"text-editor.default\">\n\t\t\t\t<div class=\"elementor-widget-container\">\n\t\t\t\t\t\t\t\t\t<p>Tengo fe en el altruismo, la bondad y la compasi\u00f3n que hay en todos nosotros.  <\/p><p>Albergo la profunda esperanza de que nos abriremos paso y creo que prevalecer\u00e1n la cooperaci\u00f3n y una inteligencia colectiva coherente y ben\u00e9vola.<\/p>\t\t\t\t\t\t\t\t<\/div>\n\t\t\t\t<\/div>\n\t\t\t\t\t<\/div>\n\t\t<\/div>\n\t\t\t\t\t<\/div>\n\t\t<\/section>\n\t\t\t\t<section class=\"elementor-section elementor-inner-section elementor-element elementor-element-b74443f elementor-section-boxed elementor-section-height-default elementor-section-height-default\" data-id=\"b74443f\" data-element_type=\"section\">\n\t\t\t\t\t\t<div class=\"elementor-container elementor-column-gap-default\">\n\t\t\t\t\t<div class=\"elementor-column elementor-col-50 elementor-inner-column elementor-element elementor-element-0f6a989\" data-id=\"0f6a989\" data-element_type=\"column\">\n\t\t\t<div class=\"elementor-widget-wrap elementor-element-populated\">\n\t\t\t\t\t\t<div class=\"elementor-element elementor-element-f70ce28 elementor-widget elementor-widget-text-editor\" data-id=\"f70ce28\" data-element_type=\"widget\" data-widget_type=\"text-editor.default\">\n\t\t\t\t<div class=\"elementor-widget-container\">\n\t\t\t\t\t\t\t\t\t<p> <\/p><p>Yo era un ingeniero de software canadiense nacido en Ruman\u00eda.  <\/p><p>Dej\u00e9 mi trabajo y mi casa, y ahora soy un n\u00f3mada al servicio de la transici\u00f3n que debe atravesar la humanidad, una peque\u00f1a c\u00e9lula terrestre al servicio del organismo del planeta Tierra.<\/p><p>Soy un so\u00f1ador diurno y un trabajador nocturno.  <\/p><p>Soy una amante de todo lo que es bello y amable y soy una buscadora de conexiones aut\u00e9nticas y profundas.<\/p><p>Por encima de todo, no soy nadie.<\/p>\t\t\t\t\t\t\t\t<\/div>\n\t\t\t\t<\/div>\n\t\t\t\t\t<\/div>\n\t\t<\/div>\n\t\t\t\t<div class=\"elementor-column elementor-col-50 elementor-inner-column elementor-element elementor-element-75fc519\" data-id=\"75fc519\" data-element_type=\"column\">\n\t\t\t<div class=\"elementor-widget-wrap elementor-element-populated\">\n\t\t\t\t\t\t<div class=\"elementor-element elementor-element-c914b74 elementor-widget elementor-widget-image\" data-id=\"c914b74\" data-element_type=\"widget\" data-widget_type=\"image.default\">\n\t\t\t\t<div class=\"elementor-widget-container\">\n\t\t\t\t\t\t\t\t\t\t\t\t\t\t\t<img loading=\"lazy\" decoding=\"async\" width=\"472\" height=\"354\" src=\"https:\/\/sorinionescu.org\/wp-content\/uploads\/2020\/07\/Nomad.jpg\" class=\"attachment-large size-large wp-image-518\" alt=\"\" srcset=\"https:\/\/sorinionescu.org\/wp-content\/uploads\/2020\/07\/Nomad.jpg 472w, https:\/\/sorinionescu.org\/wp-content\/uploads\/2020\/07\/Nomad-300x225.jpg 300w\" sizes=\"(max-width: 472px) 100vw, 472px\" \/>\t\t\t\t\t\t\t\t\t\t\t\t\t\t\t<\/div>\n\t\t\t\t<\/div>\n\t\t\t\t\t<\/div>\n\t\t<\/div>\n\t\t\t\t\t<\/div>\n\t\t<\/section>\n\t\t\t\t\t<\/div>\n\t\t<\/div>\n\t\t\t\t\t<\/div>\n\t\t<\/section>\n\t\t\t\t<\/div>\n\t\t","protected":false},"excerpt":{"rendered":"<p>Umoja Greenlands: Construir juntos comunidades pr\u00f3speras Umoja Greenlands es un movimiento de base dedicado a unir a las comunidades de toda Kenia para abordar los retos comunes mediante la colaboraci\u00f3n, el apoyo mutuo y las soluciones sostenibles. Nuestra misi\u00f3n es transformar vidas al tiempo que restauramos el medio ambiente para las generaciones futuras. Nos centramos [&hellip;]<\/p>\n","protected":false},"author":2,"featured_media":0,"parent":0,"menu_order":0,"comment_status":"closed","ping_status":"closed","template":"","meta":{"footnotes":""},"class_list":["post-1668","page","type-page","status-publish","hentry"],"yoast_head":"<!-- This site is optimized with the Yoast SEO plugin v27.4 - https:\/\/yoast.com\/product\/yoast-seo-wordpress\/ -->\n<title>Inicio ~ Sorin Ionescu<\/title>\n<meta name=\"robots\" content=\"index, follow, max-snippet:-1, max-image-preview:large, max-video-preview:-1\" \/>\n<link rel=\"canonical\" href=\"https:\/\/sorinionescu.org\/es\/inicio\/\" \/>\n<meta property=\"og:locale\" content=\"es_ES\" \/>\n<meta property=\"og:type\" content=\"article\" \/>\n<meta property=\"og:title\" content=\"Inicio ~ Sorin Ionescu\" \/>\n<meta property=\"og:description\" content=\"Umoja Greenlands: Construir juntos comunidades pr\u00f3speras Umoja Greenlands es un movimiento de base dedicado a unir a las comunidades de toda Kenia para abordar los retos comunes mediante la colaboraci\u00f3n, el apoyo mutuo y las soluciones sostenibles. Nuestra misi\u00f3n es transformar vidas al tiempo que restauramos el medio ambiente para las generaciones futuras. Nos centramos [&hellip;]\" \/>\n<meta property=\"og:url\" content=\"https:\/\/sorinionescu.org\/es\/inicio\/\" \/>\n<meta property=\"og:site_name\" content=\"Sorin Ionescu\" \/>\n<meta property=\"article:modified_time\" content=\"2025-04-22T03:10:01+00:00\" \/>\n<meta property=\"og:image\" content=\"https:\/\/sorinionescu.org\/wp-content\/uploads\/2025\/03\/UmojaGreenlands.jpg\" \/>\n\t<meta property=\"og:image:width\" content=\"1077\" \/>\n\t<meta property=\"og:image:height\" content=\"1082\" \/>\n\t<meta property=\"og:image:type\" content=\"image\/jpeg\" \/>\n<meta name=\"twitter:card\" content=\"summary_large_image\" \/>\n<meta name=\"twitter:label1\" content=\"Tiempo de lectura\" \/>\n\t<meta name=\"twitter:data1\" content=\"2 minutos\" \/>\n<script type=\"application\/ld+json\" class=\"yoast-schema-graph\">{\"@context\":\"https:\\\/\\\/schema.org\",\"@graph\":[{\"@type\":\"WebPage\",\"@id\":\"https:\\\/\\\/sorinionescu.org\\\/es\\\/inicio\\\/\",\"url\":\"https:\\\/\\\/sorinionescu.org\\\/es\\\/inicio\\\/\",\"name\":\"Inicio ~ Sorin Ionescu\",\"isPartOf\":{\"@id\":\"https:\\\/\\\/sorinionescu.org\\\/#website\"},\"primaryImageOfPage\":{\"@id\":\"https:\\\/\\\/sorinionescu.org\\\/es\\\/inicio\\\/#primaryimage\"},\"image\":{\"@id\":\"https:\\\/\\\/sorinionescu.org\\\/es\\\/inicio\\\/#primaryimage\"},\"thumbnailUrl\":\"https:\\\/\\\/sorinionescu.org\\\/wp-content\\\/uploads\\\/2025\\\/03\\\/UmojaGreenlands-1019x1024.jpg\",\"datePublished\":\"2025-04-22T03:09:59+00:00\",\"dateModified\":\"2025-04-22T03:10:01+00:00\",\"breadcrumb\":{\"@id\":\"https:\\\/\\\/sorinionescu.org\\\/es\\\/inicio\\\/#breadcrumb\"},\"inLanguage\":\"es\",\"potentialAction\":[{\"@type\":\"ReadAction\",\"target\":[\"https:\\\/\\\/sorinionescu.org\\\/es\\\/inicio\\\/\"]}]},{\"@type\":\"ImageObject\",\"inLanguage\":\"es\",\"@id\":\"https:\\\/\\\/sorinionescu.org\\\/es\\\/inicio\\\/#primaryimage\",\"url\":\"https:\\\/\\\/sorinionescu.org\\\/wp-content\\\/uploads\\\/2025\\\/03\\\/UmojaGreenlands-1019x1024.jpg\",\"contentUrl\":\"https:\\\/\\\/sorinionescu.org\\\/wp-content\\\/uploads\\\/2025\\\/03\\\/UmojaGreenlands-1019x1024.jpg\"},{\"@type\":\"BreadcrumbList\",\"@id\":\"https:\\\/\\\/sorinionescu.org\\\/es\\\/inicio\\\/#breadcrumb\",\"itemListElement\":[{\"@type\":\"ListItem\",\"position\":1,\"name\":\"Home\",\"item\":\"https:\\\/\\\/sorinionescu.org\\\/es\\\/inicio\\\/\"},{\"@type\":\"ListItem\",\"position\":2,\"name\":\"Inicio\"}]},{\"@type\":\"WebSite\",\"@id\":\"https:\\\/\\\/sorinionescu.org\\\/#website\",\"url\":\"https:\\\/\\\/sorinionescu.org\\\/\",\"name\":\"Sorin Ionescu\",\"description\":\"\",\"publisher\":{\"@id\":\"https:\\\/\\\/sorinionescu.org\\\/#\\\/schema\\\/person\\\/8b60c7d9c1322e6c108e45a89abb67ae\"},\"potentialAction\":[{\"@type\":\"SearchAction\",\"target\":{\"@type\":\"EntryPoint\",\"urlTemplate\":\"https:\\\/\\\/sorinionescu.org\\\/?s={search_term_string}\"},\"query-input\":{\"@type\":\"PropertyValueSpecification\",\"valueRequired\":true,\"valueName\":\"search_term_string\"}}],\"inLanguage\":\"es\"},{\"@type\":[\"Person\",\"Organization\"],\"@id\":\"https:\\\/\\\/sorinionescu.org\\\/#\\\/schema\\\/person\\\/8b60c7d9c1322e6c108e45a89abb67ae\",\"name\":\"Sorin Ionescu\",\"image\":{\"@type\":\"ImageObject\",\"inLanguage\":\"es\",\"@id\":\"https:\\\/\\\/sorinionescu.org\\\/wp-content\\\/uploads\\\/2019\\\/08\\\/cropped-SorinLogo.png\",\"url\":\"https:\\\/\\\/sorinionescu.org\\\/wp-content\\\/uploads\\\/2019\\\/08\\\/cropped-SorinLogo.png\",\"contentUrl\":\"https:\\\/\\\/sorinionescu.org\\\/wp-content\\\/uploads\\\/2019\\\/08\\\/cropped-SorinLogo.png\",\"width\":126,\"height\":119,\"caption\":\"Sorin Ionescu\"},\"logo\":{\"@id\":\"https:\\\/\\\/sorinionescu.org\\\/wp-content\\\/uploads\\\/2019\\\/08\\\/cropped-SorinLogo.png\"},\"sameAs\":[\"https:\\\/\\\/sorinionescu.org\"]}]}<\/script>\n<!-- \/ Yoast SEO plugin. -->","yoast_head_json":{"title":"Inicio ~ Sorin Ionescu","robots":{"index":"index","follow":"follow","max-snippet":"max-snippet:-1","max-image-preview":"max-image-preview:large","max-video-preview":"max-video-preview:-1"},"canonical":"https:\/\/sorinionescu.org\/es\/inicio\/","og_locale":"es_ES","og_type":"article","og_title":"Inicio ~ Sorin Ionescu","og_description":"Umoja Greenlands: Construir juntos comunidades pr\u00f3speras Umoja Greenlands es un movimiento de base dedicado a unir a las comunidades de toda Kenia para abordar los retos comunes mediante la colaboraci\u00f3n, el apoyo mutuo y las soluciones sostenibles. Nuestra misi\u00f3n es transformar vidas al tiempo que restauramos el medio ambiente para las generaciones futuras. Nos centramos [&hellip;]","og_url":"https:\/\/sorinionescu.org\/es\/inicio\/","og_site_name":"Sorin Ionescu","article_modified_time":"2025-04-22T03:10:01+00:00","og_image":[{"width":1077,"height":1082,"url":"https:\/\/sorinionescu.org\/wp-content\/uploads\/2025\/03\/UmojaGreenlands.jpg","type":"image\/jpeg"}],"twitter_card":"summary_large_image","twitter_misc":{"Tiempo de lectura":"2 minutos"},"schema":{"@context":"https:\/\/schema.org","@graph":[{"@type":"WebPage","@id":"https:\/\/sorinionescu.org\/es\/inicio\/","url":"https:\/\/sorinionescu.org\/es\/inicio\/","name":"Inicio ~ Sorin Ionescu","isPartOf":{"@id":"https:\/\/sorinionescu.org\/#website"},"primaryImageOfPage":{"@id":"https:\/\/sorinionescu.org\/es\/inicio\/#primaryimage"},"image":{"@id":"https:\/\/sorinionescu.org\/es\/inicio\/#primaryimage"},"thumbnailUrl":"https:\/\/sorinionescu.org\/wp-content\/uploads\/2025\/03\/UmojaGreenlands-1019x1024.jpg","datePublished":"2025-04-22T03:09:59+00:00","dateModified":"2025-04-22T03:10:01+00:00","breadcrumb":{"@id":"https:\/\/sorinionescu.org\/es\/inicio\/#breadcrumb"},"inLanguage":"es","potentialAction":[{"@type":"ReadAction","target":["https:\/\/sorinionescu.org\/es\/inicio\/"]}]},{"@type":"ImageObject","inLanguage":"es","@id":"https:\/\/sorinionescu.org\/es\/inicio\/#primaryimage","url":"https:\/\/sorinionescu.org\/wp-content\/uploads\/2025\/03\/UmojaGreenlands-1019x1024.jpg","contentUrl":"https:\/\/sorinionescu.org\/wp-content\/uploads\/2025\/03\/UmojaGreenlands-1019x1024.jpg"},{"@type":"BreadcrumbList","@id":"https:\/\/sorinionescu.org\/es\/inicio\/#breadcrumb","itemListElement":[{"@type":"ListItem","position":1,"name":"Home","item":"https:\/\/sorinionescu.org\/es\/inicio\/"},{"@type":"ListItem","position":2,"name":"Inicio"}]},{"@type":"WebSite","@id":"https:\/\/sorinionescu.org\/#website","url":"https:\/\/sorinionescu.org\/","name":"Sorin Ionescu","description":"","publisher":{"@id":"https:\/\/sorinionescu.org\/#\/schema\/person\/8b60c7d9c1322e6c108e45a89abb67ae"},"potentialAction":[{"@type":"SearchAction","target":{"@type":"EntryPoint","urlTemplate":"https:\/\/sorinionescu.org\/?s={search_term_string}"},"query-input":{"@type":"PropertyValueSpecification","valueRequired":true,"valueName":"search_term_string"}}],"inLanguage":"es"},{"@type":["Person","Organization"],"@id":"https:\/\/sorinionescu.org\/#\/schema\/person\/8b60c7d9c1322e6c108e45a89abb67ae","name":"Sorin Ionescu","image":{"@type":"ImageObject","inLanguage":"es","@id":"https:\/\/sorinionescu.org\/wp-content\/uploads\/2019\/08\/cropped-SorinLogo.png","url":"https:\/\/sorinionescu.org\/wp-content\/uploads\/2019\/08\/cropped-SorinLogo.png","contentUrl":"https:\/\/sorinionescu.org\/wp-content\/uploads\/2019\/08\/cropped-SorinLogo.png","width":126,"height":119,"caption":"Sorin Ionescu"},"logo":{"@id":"https:\/\/sorinionescu.org\/wp-content\/uploads\/2019\/08\/cropped-SorinLogo.png"},"sameAs":["https:\/\/sorinionescu.org"]}]}},"_links":{"self":[{"href":"https:\/\/sorinionescu.org\/es\/wp-json\/wp\/v2\/pages\/1668","targetHints":{"allow":["GET"]}}],"collection":[{"href":"https:\/\/sorinionescu.org\/es\/wp-json\/wp\/v2\/pages"}],"about":[{"href":"https:\/\/sorinionescu.org\/es\/wp-json\/wp\/v2\/types\/page"}],"author":[{"embeddable":true,"href":"https:\/\/sorinionescu.org\/es\/wp-json\/wp\/v2\/users\/2"}],"replies":[{"embeddable":true,"href":"https:\/\/sorinionescu.org\/es\/wp-json\/wp\/v2\/comments?post=1668"}],"version-history":[{"count":1,"href":"https:\/\/sorinionescu.org\/es\/wp-json\/wp\/v2\/pages\/1668\/revisions"}],"predecessor-version":[{"id":1670,"href":"https:\/\/sorinionescu.org\/es\/wp-json\/wp\/v2\/pages\/1668\/revisions\/1670"}],"wp:attachment":[{"href":"https:\/\/sorinionescu.org\/es\/wp-json\/wp\/v2\/media?parent=1668"}],"curies":[{"name":"wp","href":"https:\/\/api.w.org\/{rel}","templated":true}]}}