{"id":1675,"date":"2025-04-21T23:10:00","date_gmt":"2025-04-22T03:10:00","guid":{"rendered":"https:\/\/sorinionescu.org\/mi-pasado\/"},"modified":"2025-04-21T23:10:01","modified_gmt":"2025-04-22T03:10:01","slug":"mi-pasado","status":"publish","type":"page","link":"https:\/\/sorinionescu.org\/es\/mi-pasado\/","title":{"rendered":"Mi pasado"},"content":{"rendered":"\t\t<div data-elementor-type=\"wp-post\" data-elementor-id=\"1675\" class=\"elementor elementor-1675 elementor-277\" data-elementor-post-type=\"page\">\n\t\t\t\t\t\t<section class=\"elementor-section elementor-inner-section elementor-element elementor-element-c9ffd72 elementor-section-boxed elementor-section-height-default elementor-section-height-default\" data-id=\"c9ffd72\" data-element_type=\"section\">\n\t\t\t\t\t\t<div class=\"elementor-container elementor-column-gap-default\">\n\t\t\t\t\t<div class=\"elementor-column elementor-col-50 elementor-inner-column elementor-element elementor-element-e79321f\" data-id=\"e79321f\" data-element_type=\"column\">\n\t\t\t<div class=\"elementor-widget-wrap elementor-element-populated\">\n\t\t\t\t\t\t<div class=\"elementor-element elementor-element-457f12d elementor-widget elementor-widget-image\" data-id=\"457f12d\" data-element_type=\"widget\" data-widget_type=\"image.default\">\n\t\t\t\t<div class=\"elementor-widget-container\">\n\t\t\t\t\t\t\t\t\t\t\t\t\t\t\t<img fetchpriority=\"high\" decoding=\"async\" width=\"464\" height=\"261\" src=\"https:\/\/sorinionescu.org\/wp-content\/uploads\/2019\/11\/baby-me-dad-1.jpg\" class=\"attachment-medium_large size-medium_large wp-image-1694\" alt=\"\" srcset=\"https:\/\/sorinionescu.org\/wp-content\/uploads\/2019\/11\/baby-me-dad-1.jpg 464w, https:\/\/sorinionescu.org\/wp-content\/uploads\/2019\/11\/baby-me-dad-1-300x169.jpg 300w\" sizes=\"(max-width: 464px) 100vw, 464px\" \/>\t\t\t\t\t\t\t\t\t\t\t\t\t\t\t<\/div>\n\t\t\t\t<\/div>\n\t\t\t\t\t<\/div>\n\t\t<\/div>\n\t\t\t\t<div class=\"elementor-column elementor-col-50 elementor-inner-column elementor-element elementor-element-8feda85\" data-id=\"8feda85\" data-element_type=\"column\">\n\t\t\t<div class=\"elementor-widget-wrap elementor-element-populated\">\n\t\t\t\t\t\t<div class=\"elementor-element elementor-element-e705ea5 elementor-widget elementor-widget-heading\" data-id=\"e705ea5\" data-element_type=\"widget\" data-widget_type=\"heading.default\">\n\t\t\t\t<div class=\"elementor-widget-container\">\n\t\t\t\t\t<h3 class=\"elementor-heading-title elementor-size-default\">Vida temprana<\/h3>\t\t\t\t<\/div>\n\t\t\t\t<\/div>\n\t\t\t\t<div class=\"elementor-element elementor-element-a5a1a79 elementor-widget elementor-widget-text-editor\" data-id=\"a5a1a79\" data-element_type=\"widget\" data-widget_type=\"text-editor.default\">\n\t\t\t\t<div class=\"elementor-widget-container\">\n\t\t\t\t\t\t\t\t\t<p>Nac\u00ed en la tierra de los antiguos <a href=\"https:\/\/en.wikipedia.org\/wiki\/Dacia\">Dacs<\/a>, conocida hoy como <a href=\"https:\/\/en.wikipedia.org\/wiki\/Romania\">Ruman\u00eda<\/a>. (No me identifico con una nacionalidad m\u00e1s que con otra). <span style=\"font-size: 1rem;\">Crec\u00ed en el comunismo<\/span><span style=\"font-size: 1rem;\"> bajo la dictadura de <\/span><a style=\"background-color: #ffffff; font-size: 1rem;\" href=\"https:\/\/en.wikipedia.org\/wiki\/Nicolae_Ceau%C8%99escu\">Ceausescu<\/a> <span style=\"font-size: 1rem;\">. Ten\u00eda nueve a\u00f1os durante la  <\/span><a style=\"background-color: #ffffff; font-size: 1rem;\" href=\"https:\/\/en.wikipedia.org\/wiki\/Romanian_Revolution\">revoluci\u00f3n<\/a><span style=\"font-size: 1rem;\">  y a\u00fan recuerdo el sonido de las balas mientras me escond\u00eda en el pasillo de nuestro apartamento. A\u00fan recuerdo tener s\u00f3lo una naranja al a\u00f1o en Navidad, crecer sin electricidad estable, calefacci\u00f3n ni agua (fr\u00eda o caliente) y a mi abuela encontrando una rata muerta en medio de una barra de pan. <\/span><\/p>\t\t\t\t\t\t\t\t<\/div>\n\t\t\t\t<\/div>\n\t\t\t\t\t<\/div>\n\t\t<\/div>\n\t\t\t\t\t<\/div>\n\t\t<\/section>\n\t\t\t\t<section class=\"elementor-section elementor-inner-section elementor-element elementor-element-ef620c8 elementor-section-boxed elementor-section-height-default elementor-section-height-default\" data-id=\"ef620c8\" data-element_type=\"section\">\n\t\t\t\t\t\t<div class=\"elementor-container elementor-column-gap-default\">\n\t\t\t\t\t<div class=\"elementor-column elementor-col-50 elementor-inner-column elementor-element elementor-element-f9bba63\" data-id=\"f9bba63\" data-element_type=\"column\">\n\t\t\t<div class=\"elementor-widget-wrap elementor-element-populated\">\n\t\t\t\t\t\t<div class=\"elementor-element elementor-element-a97c8b7 elementor-widget elementor-widget-text-editor\" data-id=\"a97c8b7\" data-element_type=\"widget\" data-widget_type=\"text-editor.default\">\n\t\t\t\t<div class=\"elementor-widget-container\">\n\t\t\t\t\t\t\t\t\t<p>Experiment\u00e9 de primera mano la escasez econ\u00f3mica y la pobreza del falso r\u00e9gimen comunista en los pa\u00edses de Europa del Este, aunque mi familia pertenec\u00eda a la clase media alta, \u00e9ramos ricos para los est\u00e1ndares rumanos. Mi padre era un brillante profesor universitario de mec\u00e1nica y mi madre una ingeniera civil de cierta influencia. Sin embargo, ambos no formaban parte del Partido Comunista debido a sus valores y nuestra familia sufri\u00f3 por ello. La corrupci\u00f3n del pa\u00eds se impuso sobre ellos como sobre todos. A mi padre le afect\u00f3 mucho el hecho de que le obligaran a poner notas altas para que los alumnos tuvieran \u00e9xito no seg\u00fan los criterios acad\u00e9micos, sino seg\u00fan su pertenencia e influencia en el partido.    <\/p>\t\t\t\t\t\t\t\t<\/div>\n\t\t\t\t<\/div>\n\t\t\t\t\t<\/div>\n\t\t<\/div>\n\t\t\t\t<div class=\"elementor-column elementor-col-50 elementor-inner-column elementor-element elementor-element-9f04b79\" data-id=\"9f04b79\" data-element_type=\"column\">\n\t\t\t<div class=\"elementor-widget-wrap elementor-element-populated\">\n\t\t\t\t\t\t<div class=\"elementor-element elementor-element-d6ac57c elementor-widget elementor-widget-image\" data-id=\"d6ac57c\" data-element_type=\"widget\" data-widget_type=\"image.default\">\n\t\t\t\t<div class=\"elementor-widget-container\">\n\t\t\t\t\t\t\t\t\t\t\t\t\t\t\t<img decoding=\"async\" width=\"464\" height=\"261\" src=\"https:\/\/sorinionescu.org\/wp-content\/uploads\/2019\/11\/me-in-romania.jpg\" class=\"attachment-large size-large wp-image-1693\" alt=\"\" srcset=\"https:\/\/sorinionescu.org\/wp-content\/uploads\/2019\/11\/me-in-romania.jpg 464w, https:\/\/sorinionescu.org\/wp-content\/uploads\/2019\/11\/me-in-romania-300x169.jpg 300w\" sizes=\"(max-width: 464px) 100vw, 464px\" \/>\t\t\t\t\t\t\t\t\t\t\t\t\t\t\t<\/div>\n\t\t\t\t<\/div>\n\t\t\t\t\t<\/div>\n\t\t<\/div>\n\t\t\t\t\t<\/div>\n\t\t<\/section>\n\t\t\t\t<section class=\"elementor-section elementor-top-section elementor-element elementor-element-c67ca31 elementor-section-boxed elementor-section-height-default elementor-section-height-default\" data-id=\"c67ca31\" data-element_type=\"section\">\n\t\t\t\t\t\t<div class=\"elementor-container elementor-column-gap-default\">\n\t\t\t\t\t<div class=\"elementor-column elementor-col-100 elementor-top-column elementor-element elementor-element-538ede8\" data-id=\"538ede8\" data-element_type=\"column\">\n\t\t\t<div class=\"elementor-widget-wrap elementor-element-populated\">\n\t\t\t\t\t\t<div class=\"elementor-element elementor-element-19a97ef elementor-widget elementor-widget-text-editor\" data-id=\"19a97ef\" data-element_type=\"widget\" data-widget_type=\"text-editor.default\">\n\t\t\t\t<div class=\"elementor-widget-container\">\n\t\t\t\t\t\t\t\t\t<p>Un a\u00f1o despu\u00e9s de la ca\u00edda del r\u00e9gimen comunista, decepcionados por el alto grado de corrupci\u00f3n del nuevo gobierno rumano y por el hecho de que las cosas no hab\u00edan cambiado en absoluto, mis padres se marcharon a Italia. No volvieron hasta pasados tres a\u00f1os y durante ese tiempo pas\u00e9 mi tiempo con mis abuelos. En Italia no ten\u00edan permiso de trabajo y pod\u00edan vivir de rentas bajas y de otros trabajos en el mercado negro. Finalmente, se les concedi\u00f3 el derecho a venir a Canad\u00e1 como residentes permanentes en calidad de refugiados.   <\/p>\t\t\t\t\t\t\t\t<\/div>\n\t\t\t\t<\/div>\n\t\t\t\t\t<\/div>\n\t\t<\/div>\n\t\t\t\t\t<\/div>\n\t\t<\/section>\n\t\t\t\t<section class=\"elementor-section elementor-top-section elementor-element elementor-element-f1b7120 elementor-section-boxed elementor-section-height-default elementor-section-height-default\" data-id=\"f1b7120\" data-element_type=\"section\">\n\t\t\t\t\t\t<div class=\"elementor-container elementor-column-gap-default\">\n\t\t\t\t\t<div class=\"elementor-column elementor-col-100 elementor-top-column elementor-element elementor-element-c150645\" data-id=\"c150645\" data-element_type=\"column\">\n\t\t\t<div class=\"elementor-widget-wrap elementor-element-populated\">\n\t\t\t\t\t\t<div class=\"elementor-element elementor-element-7b55376 elementor-widget-divider--view-line elementor-widget elementor-widget-divider\" data-id=\"7b55376\" data-element_type=\"widget\" data-widget_type=\"divider.default\">\n\t\t\t\t<div class=\"elementor-widget-container\">\n\t\t\t\t\t\t\t<div class=\"elementor-divider\">\n\t\t\t<span class=\"elementor-divider-separator\">\n\t\t\t\t\t\t<\/span>\n\t\t<\/div>\n\t\t\t\t\t\t<\/div>\n\t\t\t\t<\/div>\n\t\t\t\t\t<\/div>\n\t\t<\/div>\n\t\t\t\t\t<\/div>\n\t\t<\/section>\n\t\t\t\t<section class=\"elementor-section elementor-top-section elementor-element elementor-element-b9adda6 elementor-section-boxed elementor-section-height-default elementor-section-height-default\" data-id=\"b9adda6\" data-element_type=\"section\">\n\t\t\t\t\t\t<div class=\"elementor-container elementor-column-gap-default\">\n\t\t\t\t\t<div class=\"elementor-column elementor-col-100 elementor-top-column elementor-element elementor-element-9e1626b\" data-id=\"9e1626b\" data-element_type=\"column\">\n\t\t\t<div class=\"elementor-widget-wrap elementor-element-populated\">\n\t\t\t\t\t\t<div class=\"elementor-element elementor-element-cd8ef3f elementor-widget elementor-widget-heading\" data-id=\"cd8ef3f\" data-element_type=\"widget\" data-widget_type=\"heading.default\">\n\t\t\t\t<div class=\"elementor-widget-container\">\n\t\t\t\t\t<h3 class=\"elementor-heading-title elementor-size-default\">Mis adolescentes<\/h3>\t\t\t\t<\/div>\n\t\t\t\t<\/div>\n\t\t\t\t\t<\/div>\n\t\t<\/div>\n\t\t\t\t\t<\/div>\n\t\t<\/section>\n\t\t\t\t<section class=\"elementor-section elementor-top-section elementor-element elementor-element-2495f7d elementor-section-boxed elementor-section-height-default elementor-section-height-default\" data-id=\"2495f7d\" data-element_type=\"section\">\n\t\t\t\t\t\t<div class=\"elementor-container elementor-column-gap-default\">\n\t\t\t\t\t<div class=\"elementor-column elementor-col-100 elementor-top-column elementor-element elementor-element-f3bd643\" data-id=\"f3bd643\" data-element_type=\"column\">\n\t\t\t<div class=\"elementor-widget-wrap elementor-element-populated\">\n\t\t\t\t\t\t<div class=\"elementor-element elementor-element-d40db09 elementor-widget elementor-widget-text-editor\" data-id=\"d40db09\" data-element_type=\"widget\" data-widget_type=\"text-editor.default\">\n\t\t\t\t<div class=\"elementor-widget-container\">\n\t\t\t\t\t\t\t\t\t<p><span style=\"font-size: 1rem;\">Como a la mayor\u00eda de los ni\u00f1os de trece a\u00f1os, no me gust\u00f3 que me alejaran de mis amigos y de mi entorno conocido tres veces seguidas: una vez cuando mis padres se fueron a Italia y tuve que irme a vivir con mis abuelos, otra cuando me un\u00ed a ellos para vivir un a\u00f1o en Italia y una tercera vez cuando vinimos a la Isla Tortuga (en el territorio reclamado por el estado canadiense).  <\/span><\/p><p>En la escuela, mi rendimiento acad\u00e9mico, mi fr\u00e1gil anatom\u00eda y mi actitud educada me convirtieron en el blanco ideal del acoso escolar. Me presionaban mis padres, que no perd\u00edan ocasi\u00f3n de recordarme el sacrificio que hab\u00edan hecho para llevarme a un pa\u00eds donde tendr\u00eda la oportunidad de \u00abtriunfar\u00bb como ellos nunca pudieron. A pesar de ello, despreciaba en silencio los estudios y la escuela (por eso nunca estudi\u00e9 realmente) y cualquier otra forma de autoridad.    <\/p><p>La necesidad de conformarme me obligaba a tomar las mismas decisiones que los dem\u00e1s.<\/p>\t\t\t\t\t\t\t\t<\/div>\n\t\t\t\t<\/div>\n\t\t\t\t\t<\/div>\n\t\t<\/div>\n\t\t\t\t\t<\/div>\n\t\t<\/section>\n\t\t\t\t<section class=\"elementor-section elementor-inner-section elementor-element elementor-element-1972aca elementor-section-boxed elementor-section-height-default elementor-section-height-default\" data-id=\"1972aca\" data-element_type=\"section\">\n\t\t\t\t\t\t<div class=\"elementor-container elementor-column-gap-default\">\n\t\t\t\t\t<div class=\"elementor-column elementor-col-50 elementor-inner-column elementor-element elementor-element-ae01185\" data-id=\"ae01185\" data-element_type=\"column\">\n\t\t\t<div class=\"elementor-widget-wrap elementor-element-populated\">\n\t\t\t\t\t\t<div class=\"elementor-element elementor-element-66eedba elementor-widget elementor-widget-heading\" data-id=\"66eedba\" data-element_type=\"widget\" data-widget_type=\"heading.default\">\n\t\t\t\t<div class=\"elementor-widget-container\">\n\t\t\t\t\t<h3 class=\"elementor-heading-title elementor-size-default\">Carrera temprana<\/h3>\t\t\t\t<\/div>\n\t\t\t\t<\/div>\n\t\t\t\t<div class=\"elementor-element elementor-element-99f65ca elementor-widget elementor-widget-image\" data-id=\"99f65ca\" data-element_type=\"widget\" data-widget_type=\"image.default\">\n\t\t\t\t<div class=\"elementor-widget-container\">\n\t\t\t\t\t\t\t\t\t\t\t\t\t\t\t<img decoding=\"async\" width=\"245\" height=\"370\" src=\"https:\/\/sorinionescu.org\/wp-content\/uploads\/2019\/11\/university.png\" class=\"attachment-medium_large size-medium_large wp-image-1695\" alt=\"\" srcset=\"https:\/\/sorinionescu.org\/wp-content\/uploads\/2019\/11\/university.png 245w, https:\/\/sorinionescu.org\/wp-content\/uploads\/2019\/11\/university-199x300.png 199w\" sizes=\"(max-width: 245px) 100vw, 245px\" \/>\t\t\t\t\t\t\t\t\t\t\t\t\t\t\t<\/div>\n\t\t\t\t<\/div>\n\t\t\t\t\t<\/div>\n\t\t<\/div>\n\t\t\t\t<div class=\"elementor-column elementor-col-50 elementor-inner-column elementor-element elementor-element-ff4a560\" data-id=\"ff4a560\" data-element_type=\"column\">\n\t\t\t<div class=\"elementor-widget-wrap elementor-element-populated\">\n\t\t\t\t\t\t<div class=\"elementor-element elementor-element-3f38b7e elementor-widget elementor-widget-text-editor\" data-id=\"3f38b7e\" data-element_type=\"widget\" data-widget_type=\"text-editor.default\">\n\t\t\t\t<div class=\"elementor-widget-container\">\n\t\t\t\t\t\t\t\t\t<p>Ten\u00eda que elegir una carrera. Mi madre quer\u00eda que fuera m\u00e9dico. Mi padre me aconsej\u00f3 que no lo hiciera debido a mi incapacidad para ser disciplinado. Sugiri\u00f3 que la ingenier\u00eda de software podr\u00eda ser una buena opci\u00f3n dadas mis habilidades matem\u00e1ticas. Yo era un nihilista que pensaba que nada ten\u00eda sentido y quer\u00eda divertirme hasta el d\u00eda de mi muerte. Me hice ingeniero de software.     <\/p><p>Los primeros a\u00f1os fueron buenos. Gan\u00e9 mucho dinero y consegu\u00ed dopamina resolviendo problemas de programaci\u00f3n. Empec\u00e9 a vivir el \u00absue\u00f1o americano\u00bb. R\u00e1pidamente me di cuenta de las grietas del sistema lucrativo y, para compensarlo, recurr\u00ed al alcoholismo de fin de semana. A los veintiocho a\u00f1os, estaba en la cima de mi carrera y ten\u00eda casi todo lo que se supone que hay que tener seg\u00fan las normas de la sociedad. Lo \u00fanico que me faltaba era la felicidad. Hice lo \u00fanico que mi cuerpo me permit\u00eda hacer: tuve mi primer \u00abcrash and burn\u00bb y reinici\u00e9 mi sistema.      <\/p><p>Mi padre muri\u00f3 de c\u00e1ncer poco despu\u00e9s, dej\u00e1ndome en la mayor oscuridad de mi vida. Hab\u00eda vivido mi vida a su sombra, sin tomar decisiones personales, confiando en su juicio por encima de todo. Su brillantez era inigualable a mis ojos, pero su ambici\u00f3n y voluntad fueron destrozadas por nuestro sistema t\u00f3xico. A\u00fan recuerdo que le pregunt\u00e9 por qu\u00e9 no hab\u00eda utilizado sus habilidades para cambiar nuestro sistema. Siempre le recordar\u00e9 dici\u00e9ndome con mirada nost\u00e1lgica que alg\u00fan d\u00eda lo entender\u00eda (todav\u00eda no lo hago).    <\/p>\t\t\t\t\t\t\t\t<\/div>\n\t\t\t\t<\/div>\n\t\t\t\t\t<\/div>\n\t\t<\/div>\n\t\t\t\t\t<\/div>\n\t\t<\/section>\n\t\t\t\t<\/div>\n\t\t","protected":false},"excerpt":{"rendered":"<p>Vida temprana Nac\u00ed en la tierra de los antiguos Dacs, conocida hoy como Ruman\u00eda. (No me identifico con una nacionalidad m\u00e1s que con otra). Crec\u00ed en el comunismo bajo la dictadura de Ceausescu . Ten\u00eda nueve a\u00f1os durante la revoluci\u00f3n y a\u00fan recuerdo el sonido de las balas mientras me escond\u00eda en el pasillo de [&hellip;]<\/p>\n","protected":false},"author":2,"featured_media":0,"parent":0,"menu_order":0,"comment_status":"closed","ping_status":"closed","template":"","meta":{"footnotes":""},"class_list":["post-1675","page","type-page","status-publish","hentry"],"yoast_head":"<!-- This site is optimized with the Yoast SEO plugin v27.4 - https:\/\/yoast.com\/product\/yoast-seo-wordpress\/ -->\n<title>Mi pasado ~ Sorin Ionescu<\/title>\n<meta name=\"robots\" content=\"index, follow, max-snippet:-1, max-image-preview:large, max-video-preview:-1\" \/>\n<link rel=\"canonical\" href=\"https:\/\/sorinionescu.org\/es\/mi-pasado\/\" \/>\n<meta property=\"og:locale\" content=\"es_ES\" \/>\n<meta property=\"og:type\" content=\"article\" \/>\n<meta property=\"og:title\" content=\"Mi pasado ~ Sorin Ionescu\" \/>\n<meta property=\"og:description\" content=\"Vida temprana Nac\u00ed en la tierra de los antiguos Dacs, conocida hoy como Ruman\u00eda. (No me identifico con una nacionalidad m\u00e1s que con otra). Crec\u00ed en el comunismo bajo la dictadura de Ceausescu . Ten\u00eda nueve a\u00f1os durante la revoluci\u00f3n y a\u00fan recuerdo el sonido de las balas mientras me escond\u00eda en el pasillo de [&hellip;]\" \/>\n<meta property=\"og:url\" content=\"https:\/\/sorinionescu.org\/es\/mi-pasado\/\" \/>\n<meta property=\"og:site_name\" content=\"Sorin Ionescu\" \/>\n<meta property=\"article:modified_time\" content=\"2025-04-22T03:10:01+00:00\" \/>\n<meta property=\"og:image\" content=\"https:\/\/sorinionescu.org\/wp-content\/uploads\/2019\/11\/baby-me-dad-1.jpg\" \/>\n\t<meta property=\"og:image:width\" content=\"464\" \/>\n\t<meta property=\"og:image:height\" content=\"261\" \/>\n\t<meta property=\"og:image:type\" content=\"image\/jpeg\" \/>\n<meta name=\"twitter:card\" content=\"summary_large_image\" \/>\n<meta name=\"twitter:label1\" content=\"Tiempo de lectura\" \/>\n\t<meta name=\"twitter:data1\" content=\"4 minutos\" \/>\n<script type=\"application\/ld+json\" class=\"yoast-schema-graph\">{\"@context\":\"https:\\\/\\\/schema.org\",\"@graph\":[{\"@type\":\"WebPage\",\"@id\":\"https:\\\/\\\/sorinionescu.org\\\/es\\\/mi-pasado\\\/\",\"url\":\"https:\\\/\\\/sorinionescu.org\\\/es\\\/mi-pasado\\\/\",\"name\":\"Mi pasado ~ Sorin Ionescu\",\"isPartOf\":{\"@id\":\"https:\\\/\\\/sorinionescu.org\\\/#website\"},\"primaryImageOfPage\":{\"@id\":\"https:\\\/\\\/sorinionescu.org\\\/es\\\/mi-pasado\\\/#primaryimage\"},\"image\":{\"@id\":\"https:\\\/\\\/sorinionescu.org\\\/es\\\/mi-pasado\\\/#primaryimage\"},\"thumbnailUrl\":\"https:\\\/\\\/sorinionescu.org\\\/wp-content\\\/uploads\\\/2019\\\/11\\\/baby-me-dad-1.jpg\",\"datePublished\":\"2025-04-22T03:10:00+00:00\",\"dateModified\":\"2025-04-22T03:10:01+00:00\",\"breadcrumb\":{\"@id\":\"https:\\\/\\\/sorinionescu.org\\\/es\\\/mi-pasado\\\/#breadcrumb\"},\"inLanguage\":\"es\",\"potentialAction\":[{\"@type\":\"ReadAction\",\"target\":[\"https:\\\/\\\/sorinionescu.org\\\/es\\\/mi-pasado\\\/\"]}]},{\"@type\":\"ImageObject\",\"inLanguage\":\"es\",\"@id\":\"https:\\\/\\\/sorinionescu.org\\\/es\\\/mi-pasado\\\/#primaryimage\",\"url\":\"https:\\\/\\\/sorinionescu.org\\\/wp-content\\\/uploads\\\/2019\\\/11\\\/baby-me-dad-1.jpg\",\"contentUrl\":\"https:\\\/\\\/sorinionescu.org\\\/wp-content\\\/uploads\\\/2019\\\/11\\\/baby-me-dad-1.jpg\"},{\"@type\":\"BreadcrumbList\",\"@id\":\"https:\\\/\\\/sorinionescu.org\\\/es\\\/mi-pasado\\\/#breadcrumb\",\"itemListElement\":[{\"@type\":\"ListItem\",\"position\":1,\"name\":\"Home\",\"item\":\"https:\\\/\\\/sorinionescu.org\\\/es\\\/inicio\\\/\"},{\"@type\":\"ListItem\",\"position\":2,\"name\":\"Mi pasado\"}]},{\"@type\":\"WebSite\",\"@id\":\"https:\\\/\\\/sorinionescu.org\\\/#website\",\"url\":\"https:\\\/\\\/sorinionescu.org\\\/\",\"name\":\"Sorin Ionescu\",\"description\":\"\",\"publisher\":{\"@id\":\"https:\\\/\\\/sorinionescu.org\\\/#\\\/schema\\\/person\\\/8b60c7d9c1322e6c108e45a89abb67ae\"},\"potentialAction\":[{\"@type\":\"SearchAction\",\"target\":{\"@type\":\"EntryPoint\",\"urlTemplate\":\"https:\\\/\\\/sorinionescu.org\\\/?s={search_term_string}\"},\"query-input\":{\"@type\":\"PropertyValueSpecification\",\"valueRequired\":true,\"valueName\":\"search_term_string\"}}],\"inLanguage\":\"es\"},{\"@type\":[\"Person\",\"Organization\"],\"@id\":\"https:\\\/\\\/sorinionescu.org\\\/#\\\/schema\\\/person\\\/8b60c7d9c1322e6c108e45a89abb67ae\",\"name\":\"Sorin Ionescu\",\"image\":{\"@type\":\"ImageObject\",\"inLanguage\":\"es\",\"@id\":\"https:\\\/\\\/sorinionescu.org\\\/wp-content\\\/uploads\\\/2019\\\/08\\\/cropped-SorinLogo.png\",\"url\":\"https:\\\/\\\/sorinionescu.org\\\/wp-content\\\/uploads\\\/2019\\\/08\\\/cropped-SorinLogo.png\",\"contentUrl\":\"https:\\\/\\\/sorinionescu.org\\\/wp-content\\\/uploads\\\/2019\\\/08\\\/cropped-SorinLogo.png\",\"width\":126,\"height\":119,\"caption\":\"Sorin Ionescu\"},\"logo\":{\"@id\":\"https:\\\/\\\/sorinionescu.org\\\/wp-content\\\/uploads\\\/2019\\\/08\\\/cropped-SorinLogo.png\"},\"sameAs\":[\"https:\\\/\\\/sorinionescu.org\"]}]}<\/script>\n<!-- \/ Yoast SEO plugin. -->","yoast_head_json":{"title":"Mi pasado ~ Sorin Ionescu","robots":{"index":"index","follow":"follow","max-snippet":"max-snippet:-1","max-image-preview":"max-image-preview:large","max-video-preview":"max-video-preview:-1"},"canonical":"https:\/\/sorinionescu.org\/es\/mi-pasado\/","og_locale":"es_ES","og_type":"article","og_title":"Mi pasado ~ Sorin Ionescu","og_description":"Vida temprana Nac\u00ed en la tierra de los antiguos Dacs, conocida hoy como Ruman\u00eda. (No me identifico con una nacionalidad m\u00e1s que con otra). Crec\u00ed en el comunismo bajo la dictadura de Ceausescu . Ten\u00eda nueve a\u00f1os durante la revoluci\u00f3n y a\u00fan recuerdo el sonido de las balas mientras me escond\u00eda en el pasillo de [&hellip;]","og_url":"https:\/\/sorinionescu.org\/es\/mi-pasado\/","og_site_name":"Sorin Ionescu","article_modified_time":"2025-04-22T03:10:01+00:00","og_image":[{"width":464,"height":261,"url":"https:\/\/sorinionescu.org\/wp-content\/uploads\/2019\/11\/baby-me-dad-1.jpg","type":"image\/jpeg"}],"twitter_card":"summary_large_image","twitter_misc":{"Tiempo de lectura":"4 minutos"},"schema":{"@context":"https:\/\/schema.org","@graph":[{"@type":"WebPage","@id":"https:\/\/sorinionescu.org\/es\/mi-pasado\/","url":"https:\/\/sorinionescu.org\/es\/mi-pasado\/","name":"Mi pasado ~ Sorin Ionescu","isPartOf":{"@id":"https:\/\/sorinionescu.org\/#website"},"primaryImageOfPage":{"@id":"https:\/\/sorinionescu.org\/es\/mi-pasado\/#primaryimage"},"image":{"@id":"https:\/\/sorinionescu.org\/es\/mi-pasado\/#primaryimage"},"thumbnailUrl":"https:\/\/sorinionescu.org\/wp-content\/uploads\/2019\/11\/baby-me-dad-1.jpg","datePublished":"2025-04-22T03:10:00+00:00","dateModified":"2025-04-22T03:10:01+00:00","breadcrumb":{"@id":"https:\/\/sorinionescu.org\/es\/mi-pasado\/#breadcrumb"},"inLanguage":"es","potentialAction":[{"@type":"ReadAction","target":["https:\/\/sorinionescu.org\/es\/mi-pasado\/"]}]},{"@type":"ImageObject","inLanguage":"es","@id":"https:\/\/sorinionescu.org\/es\/mi-pasado\/#primaryimage","url":"https:\/\/sorinionescu.org\/wp-content\/uploads\/2019\/11\/baby-me-dad-1.jpg","contentUrl":"https:\/\/sorinionescu.org\/wp-content\/uploads\/2019\/11\/baby-me-dad-1.jpg"},{"@type":"BreadcrumbList","@id":"https:\/\/sorinionescu.org\/es\/mi-pasado\/#breadcrumb","itemListElement":[{"@type":"ListItem","position":1,"name":"Home","item":"https:\/\/sorinionescu.org\/es\/inicio\/"},{"@type":"ListItem","position":2,"name":"Mi pasado"}]},{"@type":"WebSite","@id":"https:\/\/sorinionescu.org\/#website","url":"https:\/\/sorinionescu.org\/","name":"Sorin Ionescu","description":"","publisher":{"@id":"https:\/\/sorinionescu.org\/#\/schema\/person\/8b60c7d9c1322e6c108e45a89abb67ae"},"potentialAction":[{"@type":"SearchAction","target":{"@type":"EntryPoint","urlTemplate":"https:\/\/sorinionescu.org\/?s={search_term_string}"},"query-input":{"@type":"PropertyValueSpecification","valueRequired":true,"valueName":"search_term_string"}}],"inLanguage":"es"},{"@type":["Person","Organization"],"@id":"https:\/\/sorinionescu.org\/#\/schema\/person\/8b60c7d9c1322e6c108e45a89abb67ae","name":"Sorin Ionescu","image":{"@type":"ImageObject","inLanguage":"es","@id":"https:\/\/sorinionescu.org\/wp-content\/uploads\/2019\/08\/cropped-SorinLogo.png","url":"https:\/\/sorinionescu.org\/wp-content\/uploads\/2019\/08\/cropped-SorinLogo.png","contentUrl":"https:\/\/sorinionescu.org\/wp-content\/uploads\/2019\/08\/cropped-SorinLogo.png","width":126,"height":119,"caption":"Sorin Ionescu"},"logo":{"@id":"https:\/\/sorinionescu.org\/wp-content\/uploads\/2019\/08\/cropped-SorinLogo.png"},"sameAs":["https:\/\/sorinionescu.org"]}]}},"_links":{"self":[{"href":"https:\/\/sorinionescu.org\/es\/wp-json\/wp\/v2\/pages\/1675","targetHints":{"allow":["GET"]}}],"collection":[{"href":"https:\/\/sorinionescu.org\/es\/wp-json\/wp\/v2\/pages"}],"about":[{"href":"https:\/\/sorinionescu.org\/es\/wp-json\/wp\/v2\/types\/page"}],"author":[{"embeddable":true,"href":"https:\/\/sorinionescu.org\/es\/wp-json\/wp\/v2\/users\/2"}],"replies":[{"embeddable":true,"href":"https:\/\/sorinionescu.org\/es\/wp-json\/wp\/v2\/comments?post=1675"}],"version-history":[{"count":1,"href":"https:\/\/sorinionescu.org\/es\/wp-json\/wp\/v2\/pages\/1675\/revisions"}],"predecessor-version":[{"id":1677,"href":"https:\/\/sorinionescu.org\/es\/wp-json\/wp\/v2\/pages\/1675\/revisions\/1677"}],"wp:attachment":[{"href":"https:\/\/sorinionescu.org\/es\/wp-json\/wp\/v2\/media?parent=1675"}],"curies":[{"name":"wp","href":"https:\/\/api.w.org\/{rel}","templated":true}]}}