{"id":1681,"date":"2025-04-21T23:10:07","date_gmt":"2025-04-22T03:10:07","guid":{"rendered":"https:\/\/sorinionescu.org\/modelo-de-carta-para-prohibir-la-caza-con-trampas-en-las-reservas-naturales-de-quebec\/"},"modified":"2025-04-21T23:10:10","modified_gmt":"2025-04-22T03:10:10","slug":"modelo-de-carta-para-prohibir-la-caza-con-trampas-en-las-reservas-naturales-de-quebec","status":"publish","type":"page","link":"https:\/\/sorinionescu.org\/es\/modelo-de-carta-para-prohibir-la-caza-con-trampas-en-las-reservas-naturales-de-quebec\/","title":{"rendered":"Modelo de carta para prohibir la caza con trampas en las reservas naturales de Quebec"},"content":{"rendered":"\t\t<div data-elementor-type=\"wp-post\" data-elementor-id=\"1681\" class=\"elementor elementor-1681 elementor-224\" data-elementor-post-type=\"page\">\n\t\t\t\t\t\t<section class=\"elementor-section elementor-top-section elementor-element elementor-element-fd48ca2 elementor-section-boxed elementor-section-height-default elementor-section-height-default\" data-id=\"fd48ca2\" data-element_type=\"section\">\n\t\t\t\t\t\t<div class=\"elementor-container elementor-column-gap-default\">\n\t\t\t\t\t<div class=\"elementor-column elementor-col-100 elementor-top-column elementor-element elementor-element-35ee7be\" data-id=\"35ee7be\" data-element_type=\"column\">\n\t\t\t<div class=\"elementor-widget-wrap elementor-element-populated\">\n\t\t\t\t\t\t<section class=\"elementor-section elementor-inner-section elementor-element elementor-element-70dd6b0 elementor-section-boxed elementor-section-height-default elementor-section-height-default\" data-id=\"70dd6b0\" data-element_type=\"section\">\n\t\t\t\t\t\t<div class=\"elementor-container elementor-column-gap-default\">\n\t\t\t\t\t<div class=\"elementor-column elementor-col-50 elementor-inner-column elementor-element elementor-element-1b8f99a\" data-id=\"1b8f99a\" data-element_type=\"column\">\n\t\t\t<div class=\"elementor-widget-wrap elementor-element-populated\">\n\t\t\t\t\t\t<div class=\"elementor-element elementor-element-bfb9ba8 elementor-widget elementor-widget-heading\" data-id=\"bfb9ba8\" data-element_type=\"widget\" data-widget_type=\"heading.default\">\n\t\t\t\t<div class=\"elementor-widget-container\">\n\t\t\t\t\t<h5 class=\"elementor-heading-title elementor-size-default\">Asunto:  <\/h5>\t\t\t\t<\/div>\n\t\t\t\t<\/div>\n\t\t\t\t<div class=\"elementor-element elementor-element-04001ec elementor-widget elementor-widget-text-editor\" data-id=\"04001ec\" data-element_type=\"widget\" data-widget_type=\"text-editor.default\">\n\t\t\t\t<div class=\"elementor-widget-container\">\n\t\t\t\t\t\t\t\t\t<p><strong><span style=\"font-size: 1rem;\">Captura de animales de peleter\u00eda en las reservas naturales de Quebec<\/span><\/strong><\/p>\t\t\t\t\t\t\t\t<\/div>\n\t\t\t\t<\/div>\n\t\t\t\t<div class=\"elementor-element elementor-element-f70f1aa elementor-widget elementor-widget-heading\" data-id=\"f70f1aa\" data-element_type=\"widget\" data-widget_type=\"heading.default\">\n\t\t\t\t<div class=\"elementor-widget-container\">\n\t\t\t\t\t<h5 class=\"elementor-heading-title elementor-size-default\">CORREO ELECTR\u00d3NICO:<\/h5>\t\t\t\t<\/div>\n\t\t\t\t<\/div>\n\t\t\t\t<div class=\"elementor-element elementor-element-39ed4fe elementor-widget elementor-widget-text-editor\" data-id=\"39ed4fe\" data-element_type=\"widget\" data-widget_type=\"text-editor.default\">\n\t\t\t\t<div class=\"elementor-widget-container\">\n\t\t\t\t\t\t\t\t\t<p><a href=\"mailto:ministre-mffp@mffp.gouv.qc.ca\">ministre-mffp@mffp.gouv.qc.ca<\/a><\/p>\t\t\t\t\t\t\t\t<\/div>\n\t\t\t\t<\/div>\n\t\t\t\t\t<\/div>\n\t\t<\/div>\n\t\t\t\t<div class=\"elementor-column elementor-col-50 elementor-inner-column elementor-element elementor-element-23d3f89\" data-id=\"23d3f89\" data-element_type=\"column\">\n\t\t\t<div class=\"elementor-widget-wrap elementor-element-populated\">\n\t\t\t\t\t\t<div class=\"elementor-element elementor-element-5b347ea elementor-widget elementor-widget-heading\" data-id=\"5b347ea\" data-element_type=\"widget\" data-widget_type=\"heading.default\">\n\t\t\t\t<div class=\"elementor-widget-container\">\n\t\t\t\t\t<h5 class=\"elementor-heading-title elementor-size-default\">Direcci\u00f3n<br><\/h5>\t\t\t\t<\/div>\n\t\t\t\t<\/div>\n\t\t\t\t<div class=\"elementor-element elementor-element-b46a3e5 elementor-widget elementor-widget-text-editor\" data-id=\"b46a3e5\" data-element_type=\"widget\" data-widget_type=\"text-editor.default\">\n\t\t\t\t<div class=\"elementor-widget-container\">\n\t\t\t\t\t\t\t\t\t<p><span style=\"font-size: 1rem;\">Sr. <\/span><strong style=\"font-size: 1rem;\">Pierre Dufour<\/strong><span style=\"font-size: 1rem;\">Ministro<\/span><\/p><p>Ministerio de Bosques, Fauna y Parques<\/p><p>5700, 4e Avenue Ouest<\/p><p>Qu\u00e9bec(Qu\u00e9bec), G1H 6R1<\/p>\t\t\t\t\t\t\t\t<\/div>\n\t\t\t\t<\/div>\n\t\t\t\t\t<\/div>\n\t\t<\/div>\n\t\t\t\t\t<\/div>\n\t\t<\/section>\n\t\t\t\t<div class=\"elementor-element elementor-element-620bb8b elementor-widget-divider--view-line elementor-widget elementor-widget-divider\" data-id=\"620bb8b\" data-element_type=\"widget\" data-widget_type=\"divider.default\">\n\t\t\t\t<div class=\"elementor-widget-container\">\n\t\t\t\t\t\t\t<div class=\"elementor-divider\">\n\t\t\t<span class=\"elementor-divider-separator\">\n\t\t\t\t\t\t<\/span>\n\t\t<\/div>\n\t\t\t\t\t\t<\/div>\n\t\t\t\t<\/div>\n\t\t\t\t<div class=\"elementor-element elementor-element-a804ed7 elementor-widget elementor-widget-text-editor\" data-id=\"a804ed7\" data-element_type=\"widget\" data-widget_type=\"text-editor.default\">\n\t\t\t\t<div class=\"elementor-widget-container\">\n\t\t\t\t\t\t\t\t\t<p><span style=\"font-size: 1rem;\">Sr. Ministro,<\/span><\/p><p>En 1984, el gobierno de Quebec levant\u00f3 la prohibici\u00f3n de la caza con trampas en las reservas naturales, cediendo a la presi\u00f3n del poderoso grupo de presi\u00f3n de los 21.000 tramperos de la \u00e9poca. Desde entonces, el n\u00famero de tramperos ha descendido un 62%; actualmente, s\u00f3lo representan un escas\u00edsimo 0,11% de la poblaci\u00f3n total de la provincia. <\/p><p>En Quebec, la captura de 19 especies animales est\u00e1 autorizada en m\u00e1s de 1.490.000 km2, es decir, m\u00e1s del 98% del territorio de Quebec. Cada a\u00f1o, los tramperos matan a m\u00e1s de 200.000 animales salvajes, por no hablar de la captura destructiva de especies protegidas. <\/p><p>Este pasado privilegio de atrapar en las reservas de fauna de Quebec se concedi\u00f3 en un contexto social, cultural y econ\u00f3mico muy diferente del que vivimos hoy.<\/p><p>Por tanto, recomiendo que el Gobierno de Quebec proh\u00edba, como hac\u00eda antes de 1984, todas las actividades de captura en las reservas de fauna salvaje, para reflejar plenamente los valores actuales de los quebequeses y de los numerosos visitantes hacia la fauna salvaje.<\/p><p>Por favor, como Ministro, ten la amabilidad de compartir conmigo tus pensamientos y orientaciones sobre esta importante cuesti\u00f3n.<\/p><p>Acepte, Sr. Dufour, la expresi\u00f3n de mis mejores deseos.  <\/p>\t\t\t\t\t\t\t\t<\/div>\n\t\t\t\t<\/div>\n\t\t\t\t\t<\/div>\n\t\t<\/div>\n\t\t\t\t\t<\/div>\n\t\t<\/section>\n\t\t\t\t<\/div>\n\t\t","protected":false},"excerpt":{"rendered":"<p>Asunto: Captura de animales de peleter\u00eda en las reservas naturales de Quebec CORREO ELECTR\u00d3NICO: ministre-mffp@mffp.gouv.qc.ca Direcci\u00f3n Sr. Pierre DufourMinistro Ministerio de Bosques, Fauna y Parques 5700, 4e Avenue Ouest Qu\u00e9bec(Qu\u00e9bec), G1H 6R1 Sr. Ministro, En 1984, el gobierno de Quebec levant\u00f3 la prohibici\u00f3n de la caza con trampas en las reservas naturales, cediendo a la [&hellip;]<\/p>\n","protected":false},"author":2,"featured_media":0,"parent":0,"menu_order":0,"comment_status":"closed","ping_status":"closed","template":"","meta":{"footnotes":""},"class_list":["post-1681","page","type-page","status-publish","hentry"],"yoast_head":"<!-- This site is optimized with the Yoast SEO plugin v27.4 - https:\/\/yoast.com\/product\/yoast-seo-wordpress\/ -->\n<title>Modelo de carta para prohibir la caza con trampas en las reservas naturales de Quebec ~ Sorin Ionescu<\/title>\n<meta name=\"robots\" content=\"index, follow, max-snippet:-1, max-image-preview:large, max-video-preview:-1\" \/>\n<link rel=\"canonical\" href=\"https:\/\/sorinionescu.org\/es\/modelo-de-carta-para-prohibir-la-caza-con-trampas-en-las-reservas-naturales-de-quebec\/\" \/>\n<meta property=\"og:locale\" content=\"es_ES\" \/>\n<meta property=\"og:type\" content=\"article\" \/>\n<meta property=\"og:title\" content=\"Modelo de carta para prohibir la caza con trampas en las reservas naturales de Quebec ~ Sorin Ionescu\" \/>\n<meta property=\"og:description\" content=\"Asunto: Captura de animales de peleter\u00eda en las reservas naturales de Quebec CORREO ELECTR\u00d3NICO: ministre-mffp@mffp.gouv.qc.ca Direcci\u00f3n Sr. Pierre DufourMinistro Ministerio de Bosques, Fauna y Parques 5700, 4e Avenue Ouest Qu\u00e9bec(Qu\u00e9bec), G1H 6R1 Sr. Ministro, En 1984, el gobierno de Quebec levant\u00f3 la prohibici\u00f3n de la caza con trampas en las reservas naturales, cediendo a la [&hellip;]\" \/>\n<meta property=\"og:url\" content=\"https:\/\/sorinionescu.org\/es\/modelo-de-carta-para-prohibir-la-caza-con-trampas-en-las-reservas-naturales-de-quebec\/\" \/>\n<meta property=\"og:site_name\" content=\"Sorin Ionescu\" \/>\n<meta property=\"article:modified_time\" content=\"2025-04-22T03:10:10+00:00\" \/>\n<meta name=\"twitter:card\" content=\"summary_large_image\" \/>\n<meta name=\"twitter:label1\" content=\"Tiempo de lectura\" \/>\n\t<meta name=\"twitter:data1\" content=\"1 minuto\" \/>\n<script type=\"application\/ld+json\" class=\"yoast-schema-graph\">{\"@context\":\"https:\\\/\\\/schema.org\",\"@graph\":[{\"@type\":\"WebPage\",\"@id\":\"https:\\\/\\\/sorinionescu.org\\\/es\\\/modelo-de-carta-para-prohibir-la-caza-con-trampas-en-las-reservas-naturales-de-quebec\\\/\",\"url\":\"https:\\\/\\\/sorinionescu.org\\\/es\\\/modelo-de-carta-para-prohibir-la-caza-con-trampas-en-las-reservas-naturales-de-quebec\\\/\",\"name\":\"Modelo de carta para prohibir la caza con trampas en las reservas naturales de Quebec ~ Sorin Ionescu\",\"isPartOf\":{\"@id\":\"https:\\\/\\\/sorinionescu.org\\\/#website\"},\"datePublished\":\"2025-04-22T03:10:07+00:00\",\"dateModified\":\"2025-04-22T03:10:10+00:00\",\"breadcrumb\":{\"@id\":\"https:\\\/\\\/sorinionescu.org\\\/es\\\/modelo-de-carta-para-prohibir-la-caza-con-trampas-en-las-reservas-naturales-de-quebec\\\/#breadcrumb\"},\"inLanguage\":\"es\",\"potentialAction\":[{\"@type\":\"ReadAction\",\"target\":[\"https:\\\/\\\/sorinionescu.org\\\/es\\\/modelo-de-carta-para-prohibir-la-caza-con-trampas-en-las-reservas-naturales-de-quebec\\\/\"]}]},{\"@type\":\"BreadcrumbList\",\"@id\":\"https:\\\/\\\/sorinionescu.org\\\/es\\\/modelo-de-carta-para-prohibir-la-caza-con-trampas-en-las-reservas-naturales-de-quebec\\\/#breadcrumb\",\"itemListElement\":[{\"@type\":\"ListItem\",\"position\":1,\"name\":\"Home\",\"item\":\"https:\\\/\\\/sorinionescu.org\\\/es\\\/inicio\\\/\"},{\"@type\":\"ListItem\",\"position\":2,\"name\":\"Modelo de carta para prohibir la caza con trampas en las reservas naturales de Quebec\"}]},{\"@type\":\"WebSite\",\"@id\":\"https:\\\/\\\/sorinionescu.org\\\/#website\",\"url\":\"https:\\\/\\\/sorinionescu.org\\\/\",\"name\":\"Sorin Ionescu\",\"description\":\"\",\"publisher\":{\"@id\":\"https:\\\/\\\/sorinionescu.org\\\/#\\\/schema\\\/person\\\/8b60c7d9c1322e6c108e45a89abb67ae\"},\"potentialAction\":[{\"@type\":\"SearchAction\",\"target\":{\"@type\":\"EntryPoint\",\"urlTemplate\":\"https:\\\/\\\/sorinionescu.org\\\/?s={search_term_string}\"},\"query-input\":{\"@type\":\"PropertyValueSpecification\",\"valueRequired\":true,\"valueName\":\"search_term_string\"}}],\"inLanguage\":\"es\"},{\"@type\":[\"Person\",\"Organization\"],\"@id\":\"https:\\\/\\\/sorinionescu.org\\\/#\\\/schema\\\/person\\\/8b60c7d9c1322e6c108e45a89abb67ae\",\"name\":\"Sorin Ionescu\",\"image\":{\"@type\":\"ImageObject\",\"inLanguage\":\"es\",\"@id\":\"https:\\\/\\\/sorinionescu.org\\\/wp-content\\\/uploads\\\/2019\\\/08\\\/cropped-SorinLogo.png\",\"url\":\"https:\\\/\\\/sorinionescu.org\\\/wp-content\\\/uploads\\\/2019\\\/08\\\/cropped-SorinLogo.png\",\"contentUrl\":\"https:\\\/\\\/sorinionescu.org\\\/wp-content\\\/uploads\\\/2019\\\/08\\\/cropped-SorinLogo.png\",\"width\":126,\"height\":119,\"caption\":\"Sorin Ionescu\"},\"logo\":{\"@id\":\"https:\\\/\\\/sorinionescu.org\\\/wp-content\\\/uploads\\\/2019\\\/08\\\/cropped-SorinLogo.png\"},\"sameAs\":[\"https:\\\/\\\/sorinionescu.org\"]}]}<\/script>\n<!-- \/ Yoast SEO plugin. -->","yoast_head_json":{"title":"Modelo de carta para prohibir la caza con trampas en las reservas naturales de Quebec ~ Sorin Ionescu","robots":{"index":"index","follow":"follow","max-snippet":"max-snippet:-1","max-image-preview":"max-image-preview:large","max-video-preview":"max-video-preview:-1"},"canonical":"https:\/\/sorinionescu.org\/es\/modelo-de-carta-para-prohibir-la-caza-con-trampas-en-las-reservas-naturales-de-quebec\/","og_locale":"es_ES","og_type":"article","og_title":"Modelo de carta para prohibir la caza con trampas en las reservas naturales de Quebec ~ Sorin Ionescu","og_description":"Asunto: Captura de animales de peleter\u00eda en las reservas naturales de Quebec CORREO ELECTR\u00d3NICO: ministre-mffp@mffp.gouv.qc.ca Direcci\u00f3n Sr. Pierre DufourMinistro Ministerio de Bosques, Fauna y Parques 5700, 4e Avenue Ouest Qu\u00e9bec(Qu\u00e9bec), G1H 6R1 Sr. Ministro, En 1984, el gobierno de Quebec levant\u00f3 la prohibici\u00f3n de la caza con trampas en las reservas naturales, cediendo a la [&hellip;]","og_url":"https:\/\/sorinionescu.org\/es\/modelo-de-carta-para-prohibir-la-caza-con-trampas-en-las-reservas-naturales-de-quebec\/","og_site_name":"Sorin Ionescu","article_modified_time":"2025-04-22T03:10:10+00:00","twitter_card":"summary_large_image","twitter_misc":{"Tiempo de lectura":"1 minuto"},"schema":{"@context":"https:\/\/schema.org","@graph":[{"@type":"WebPage","@id":"https:\/\/sorinionescu.org\/es\/modelo-de-carta-para-prohibir-la-caza-con-trampas-en-las-reservas-naturales-de-quebec\/","url":"https:\/\/sorinionescu.org\/es\/modelo-de-carta-para-prohibir-la-caza-con-trampas-en-las-reservas-naturales-de-quebec\/","name":"Modelo de carta para prohibir la caza con trampas en las reservas naturales de Quebec ~ Sorin Ionescu","isPartOf":{"@id":"https:\/\/sorinionescu.org\/#website"},"datePublished":"2025-04-22T03:10:07+00:00","dateModified":"2025-04-22T03:10:10+00:00","breadcrumb":{"@id":"https:\/\/sorinionescu.org\/es\/modelo-de-carta-para-prohibir-la-caza-con-trampas-en-las-reservas-naturales-de-quebec\/#breadcrumb"},"inLanguage":"es","potentialAction":[{"@type":"ReadAction","target":["https:\/\/sorinionescu.org\/es\/modelo-de-carta-para-prohibir-la-caza-con-trampas-en-las-reservas-naturales-de-quebec\/"]}]},{"@type":"BreadcrumbList","@id":"https:\/\/sorinionescu.org\/es\/modelo-de-carta-para-prohibir-la-caza-con-trampas-en-las-reservas-naturales-de-quebec\/#breadcrumb","itemListElement":[{"@type":"ListItem","position":1,"name":"Home","item":"https:\/\/sorinionescu.org\/es\/inicio\/"},{"@type":"ListItem","position":2,"name":"Modelo de carta para prohibir la caza con trampas en las reservas naturales de Quebec"}]},{"@type":"WebSite","@id":"https:\/\/sorinionescu.org\/#website","url":"https:\/\/sorinionescu.org\/","name":"Sorin Ionescu","description":"","publisher":{"@id":"https:\/\/sorinionescu.org\/#\/schema\/person\/8b60c7d9c1322e6c108e45a89abb67ae"},"potentialAction":[{"@type":"SearchAction","target":{"@type":"EntryPoint","urlTemplate":"https:\/\/sorinionescu.org\/?s={search_term_string}"},"query-input":{"@type":"PropertyValueSpecification","valueRequired":true,"valueName":"search_term_string"}}],"inLanguage":"es"},{"@type":["Person","Organization"],"@id":"https:\/\/sorinionescu.org\/#\/schema\/person\/8b60c7d9c1322e6c108e45a89abb67ae","name":"Sorin Ionescu","image":{"@type":"ImageObject","inLanguage":"es","@id":"https:\/\/sorinionescu.org\/wp-content\/uploads\/2019\/08\/cropped-SorinLogo.png","url":"https:\/\/sorinionescu.org\/wp-content\/uploads\/2019\/08\/cropped-SorinLogo.png","contentUrl":"https:\/\/sorinionescu.org\/wp-content\/uploads\/2019\/08\/cropped-SorinLogo.png","width":126,"height":119,"caption":"Sorin Ionescu"},"logo":{"@id":"https:\/\/sorinionescu.org\/wp-content\/uploads\/2019\/08\/cropped-SorinLogo.png"},"sameAs":["https:\/\/sorinionescu.org"]}]}},"_links":{"self":[{"href":"https:\/\/sorinionescu.org\/es\/wp-json\/wp\/v2\/pages\/1681","targetHints":{"allow":["GET"]}}],"collection":[{"href":"https:\/\/sorinionescu.org\/es\/wp-json\/wp\/v2\/pages"}],"about":[{"href":"https:\/\/sorinionescu.org\/es\/wp-json\/wp\/v2\/types\/page"}],"author":[{"embeddable":true,"href":"https:\/\/sorinionescu.org\/es\/wp-json\/wp\/v2\/users\/2"}],"replies":[{"embeddable":true,"href":"https:\/\/sorinionescu.org\/es\/wp-json\/wp\/v2\/comments?post=1681"}],"version-history":[{"count":1,"href":"https:\/\/sorinionescu.org\/es\/wp-json\/wp\/v2\/pages\/1681\/revisions"}],"predecessor-version":[{"id":1682,"href":"https:\/\/sorinionescu.org\/es\/wp-json\/wp\/v2\/pages\/1681\/revisions\/1682"}],"wp:attachment":[{"href":"https:\/\/sorinionescu.org\/es\/wp-json\/wp\/v2\/media?parent=1681"}],"curies":[{"name":"wp","href":"https:\/\/api.w.org\/{rel}","templated":true}]}}