{"id":1685,"date":"2025-04-21T23:10:09","date_gmt":"2025-04-22T03:10:09","guid":{"rendered":"https:\/\/sorinionescu.org\/ponte-en-contacto-con\/"},"modified":"2025-04-21T23:10:10","modified_gmt":"2025-04-22T03:10:10","slug":"ponte-en-contacto-con","status":"publish","type":"page","link":"https:\/\/sorinionescu.org\/es\/ponte-en-contacto-con\/","title":{"rendered":"Ponte en contacto con"},"content":{"rendered":"\t\t<div data-elementor-type=\"wp-post\" data-elementor-id=\"1685\" class=\"elementor elementor-1685 elementor-29\" data-elementor-post-type=\"page\">\n\t\t\t\t\t\t<section class=\"elementor-section elementor-top-section elementor-element elementor-element-6c2762c elementor-section-boxed elementor-section-height-default elementor-section-height-default\" data-id=\"6c2762c\" data-element_type=\"section\">\n\t\t\t\t\t\t<div class=\"elementor-container elementor-column-gap-extended\">\n\t\t\t\t\t<div class=\"elementor-column elementor-col-50 elementor-top-column elementor-element elementor-element-c529bcb\" data-id=\"c529bcb\" data-element_type=\"column\">\n\t\t\t<div class=\"elementor-widget-wrap elementor-element-populated\">\n\t\t\t\t\t\t<div class=\"elementor-element elementor-element-e9a3cd1 elementor-widget elementor-widget-text-editor\" data-id=\"e9a3cd1\" data-element_type=\"widget\" data-widget_type=\"text-editor.default\">\n\t\t\t\t<div class=\"elementor-widget-container\">\n\t\t\t\t\t\t\t\t\t<p>Env\u00edame un mensaje si tienes preguntas o si quieres m\u00e1s informaci\u00f3n sobre m\u00ed.<\/p>\t\t\t\t\t\t\t\t<\/div>\n\t\t\t\t<\/div>\n\t\t\t\t<div class=\"elementor-element elementor-element-7c4c329 elementor-button-align-stretch elementor-widget elementor-widget-form\" data-id=\"7c4c329\" data-element_type=\"widget\" data-settings=\"{&quot;button_width&quot;:&quot;100&quot;,&quot;step_next_label&quot;:&quot;Siguiente&quot;,&quot;step_previous_label&quot;:&quot;Anterior&quot;,&quot;step_type&quot;:&quot;number_text&quot;,&quot;step_icon_shape&quot;:&quot;circle&quot;}\" data-widget_type=\"form.default\">\n\t\t\t\t<div class=\"elementor-widget-container\">\n\t\t\t\t\t\t\t<form class=\"elementor-form\" method=\"post\" name=\"Nuevo formulario\">\n\t\t\t<input type=\"hidden\" name=\"post_id\" value=\"1685\"\/>\n\t\t\t<input type=\"hidden\" name=\"form_id\" value=\"7c4c329\"\/>\n\t\t\t<input type=\"hidden\" name=\"referer_title\" value=\"Sorin Ionescu\" \/>\n\n\t\t\t\n\t\t\t<div class=\"elementor-form-fields-wrapper elementor-labels-\">\n\t\t\t\t\t\t\t\t<div class=\"elementor-field-type-text elementor-field-group elementor-column elementor-field-group-name elementor-col-100\">\n\t\t\t\t\t\t\t\t\t\t\t\t<label for=\"form-field-name\" class=\"elementor-field-label elementor-screen-only\">\n\t\t\t\t\t\t\t\tNombre\t\t\t\t\t\t\t<\/label>\n\t\t\t\t\t\t\t\t\t\t\t\t\t\t<input size=\"1\" type=\"text\" name=\"form_fields[name]\" id=\"form-field-name\" class=\"elementor-field elementor-size-md  elementor-field-textual\" placeholder=\"Nombre\">\n\t\t\t\t\t\t\t\t\t\t\t<\/div>\n\t\t\t\t\t\t\t\t<div class=\"elementor-field-type-email elementor-field-group elementor-column elementor-field-group-email elementor-col-100 elementor-field-required\">\n\t\t\t\t\t\t\t\t\t\t\t\t<label for=\"form-field-email\" class=\"elementor-field-label elementor-screen-only\">\n\t\t\t\t\t\t\t\tEnv\u00eda un correo electr\u00f3nico a\t\t\t\t\t\t\t<\/label>\n\t\t\t\t\t\t\t\t\t\t\t\t\t\t<input size=\"1\" type=\"email\" name=\"form_fields[email]\" id=\"form-field-email\" class=\"elementor-field elementor-size-md  elementor-field-textual\" placeholder=\"Env\u00eda un correo electr\u00f3nico a\" required=\"required\">\n\t\t\t\t\t\t\t\t\t\t\t<\/div>\n\t\t\t\t\t\t\t\t<div class=\"elementor-field-type-textarea elementor-field-group elementor-column elementor-field-group-message elementor-col-100\">\n\t\t\t\t\t\t\t\t\t\t\t\t<label for=\"form-field-message\" class=\"elementor-field-label elementor-screen-only\">\n\t\t\t\t\t\t\t\tMensaje\t\t\t\t\t\t\t<\/label>\n\t\t\t\t\t\t<textarea class=\"elementor-field-textual elementor-field  elementor-size-md\" name=\"form_fields[message]\" id=\"form-field-message\" rows=\"4\" placeholder=\"Mensaje\"><\/textarea>\t\t\t\t<\/div>\n\t\t\t\t\t\t\t\t<div class=\"elementor-field-group elementor-column elementor-field-type-submit elementor-col-100 e-form__buttons\">\n\t\t\t\t\t<button class=\"elementor-button elementor-size-sm\" type=\"submit\">\n\t\t\t\t\t\t<span class=\"elementor-button-content-wrapper\">\n\t\t\t\t\t\t\t\t\t\t\t\t\t\t\t\t\t\t\t\t\t\t<span class=\"elementor-button-text\">Env\u00eda<\/span>\n\t\t\t\t\t\t\t\t\t\t\t\t\t<\/span>\n\t\t\t\t\t<\/button>\n\t\t\t\t<\/div>\n\t\t\t<\/div>\n\t\t<\/form>\n\t\t\t\t\t\t<\/div>\n\t\t\t\t<\/div>\n\t\t\t\t\t<\/div>\n\t\t<\/div>\n\t\t\t\t<div class=\"elementor-column elementor-col-50 elementor-top-column elementor-element elementor-element-d7147ca\" data-id=\"d7147ca\" data-element_type=\"column\">\n\t\t\t<div class=\"elementor-widget-wrap elementor-element-populated\">\n\t\t\t\t\t\t<div class=\"elementor-element elementor-element-b694c5a elementor-widget elementor-widget-text-editor\" data-id=\"b694c5a\" data-element_type=\"widget\" data-widget_type=\"text-editor.default\">\n\t\t\t\t<div class=\"elementor-widget-container\">\n\t\t\t\t\t\t\t\t\t<p>O ponte en contacto conmigo en las redes sociales<\/p>\t\t\t\t\t\t\t\t<\/div>\n\t\t\t\t<\/div>\n\t\t\t\t<div class=\"elementor-element elementor-element-f5e20a6 elementor-shape-circle elementor-grid-0 e-grid-align-center elementor-widget elementor-widget-social-icons\" data-id=\"f5e20a6\" data-element_type=\"widget\" data-widget_type=\"social-icons.default\">\n\t\t\t\t<div class=\"elementor-widget-container\">\n\t\t\t\t\t\t\t<div class=\"elementor-social-icons-wrapper elementor-grid\">\n\t\t\t\t\t\t\t<span class=\"elementor-grid-item\">\n\t\t\t\t\t<a class=\"elementor-icon elementor-social-icon elementor-social-icon-facebook-f elementor-repeater-item-1ad507b\" href=\"https:\/\/www.facebook.com\/VeganSorin\" target=\"_blank\">\n\t\t\t\t\t\t<span class=\"elementor-screen-only\">Facebook-f<\/span>\n\t\t\t\t\t\t<i class=\"fab fa-facebook-f\"><\/i>\t\t\t\t\t<\/a>\n\t\t\t\t<\/span>\n\t\t\t\t\t<\/div>\n\t\t\t\t\t\t<\/div>\n\t\t\t\t<\/div>\n\t\t\t\t\t<\/div>\n\t\t<\/div>\n\t\t\t\t\t<\/div>\n\t\t<\/section>\n\t\t\t\t<\/div>\n\t\t","protected":false},"excerpt":{"rendered":"<p>Env\u00edame un mensaje si tienes preguntas o si quieres m\u00e1s informaci\u00f3n sobre m\u00ed. O ponte en contacto conmigo en las redes sociales Facebook-f<\/p>\n","protected":false},"author":1,"featured_media":0,"parent":0,"menu_order":0,"comment_status":"closed","ping_status":"closed","template":"","meta":{"footnotes":""},"class_list":["post-1685","page","type-page","status-publish","hentry"],"yoast_head":"<!-- This site is optimized with the Yoast SEO plugin v27.4 - https:\/\/yoast.com\/product\/yoast-seo-wordpress\/ -->\n<title>Ponte en contacto con ~ Sorin Ionescu<\/title>\n<meta name=\"robots\" content=\"index, follow, max-snippet:-1, max-image-preview:large, max-video-preview:-1\" \/>\n<link rel=\"canonical\" href=\"https:\/\/sorinionescu.org\/es\/ponte-en-contacto-con\/\" \/>\n<meta property=\"og:locale\" content=\"es_ES\" \/>\n<meta property=\"og:type\" content=\"article\" \/>\n<meta property=\"og:title\" content=\"Ponte en contacto con ~ Sorin Ionescu\" \/>\n<meta property=\"og:description\" content=\"Env\u00edame un mensaje si tienes preguntas o si quieres m\u00e1s informaci\u00f3n sobre m\u00ed. O ponte en contacto conmigo en las redes sociales Facebook-f\" \/>\n<meta property=\"og:url\" content=\"https:\/\/sorinionescu.org\/es\/ponte-en-contacto-con\/\" \/>\n<meta property=\"og:site_name\" content=\"Sorin Ionescu\" \/>\n<meta property=\"article:modified_time\" content=\"2025-04-22T03:10:10+00:00\" \/>\n<meta name=\"twitter:card\" content=\"summary_large_image\" \/>\n<script type=\"application\/ld+json\" class=\"yoast-schema-graph\">{\"@context\":\"https:\\\/\\\/schema.org\",\"@graph\":[{\"@type\":\"WebPage\",\"@id\":\"https:\\\/\\\/sorinionescu.org\\\/es\\\/ponte-en-contacto-con\\\/\",\"url\":\"https:\\\/\\\/sorinionescu.org\\\/es\\\/ponte-en-contacto-con\\\/\",\"name\":\"Ponte en contacto con ~ Sorin Ionescu\",\"isPartOf\":{\"@id\":\"https:\\\/\\\/sorinionescu.org\\\/#website\"},\"datePublished\":\"2025-04-22T03:10:09+00:00\",\"dateModified\":\"2025-04-22T03:10:10+00:00\",\"breadcrumb\":{\"@id\":\"https:\\\/\\\/sorinionescu.org\\\/es\\\/ponte-en-contacto-con\\\/#breadcrumb\"},\"inLanguage\":\"es\",\"potentialAction\":[{\"@type\":\"ReadAction\",\"target\":[\"https:\\\/\\\/sorinionescu.org\\\/es\\\/ponte-en-contacto-con\\\/\"]}]},{\"@type\":\"BreadcrumbList\",\"@id\":\"https:\\\/\\\/sorinionescu.org\\\/es\\\/ponte-en-contacto-con\\\/#breadcrumb\",\"itemListElement\":[{\"@type\":\"ListItem\",\"position\":1,\"name\":\"Home\",\"item\":\"https:\\\/\\\/sorinionescu.org\\\/es\\\/inicio\\\/\"},{\"@type\":\"ListItem\",\"position\":2,\"name\":\"Ponte en contacto con\"}]},{\"@type\":\"WebSite\",\"@id\":\"https:\\\/\\\/sorinionescu.org\\\/#website\",\"url\":\"https:\\\/\\\/sorinionescu.org\\\/\",\"name\":\"Sorin Ionescu\",\"description\":\"\",\"publisher\":{\"@id\":\"https:\\\/\\\/sorinionescu.org\\\/#\\\/schema\\\/person\\\/8b60c7d9c1322e6c108e45a89abb67ae\"},\"potentialAction\":[{\"@type\":\"SearchAction\",\"target\":{\"@type\":\"EntryPoint\",\"urlTemplate\":\"https:\\\/\\\/sorinionescu.org\\\/?s={search_term_string}\"},\"query-input\":{\"@type\":\"PropertyValueSpecification\",\"valueRequired\":true,\"valueName\":\"search_term_string\"}}],\"inLanguage\":\"es\"},{\"@type\":[\"Person\",\"Organization\"],\"@id\":\"https:\\\/\\\/sorinionescu.org\\\/#\\\/schema\\\/person\\\/8b60c7d9c1322e6c108e45a89abb67ae\",\"name\":\"Sorin Ionescu\",\"image\":{\"@type\":\"ImageObject\",\"inLanguage\":\"es\",\"@id\":\"https:\\\/\\\/sorinionescu.org\\\/wp-content\\\/uploads\\\/2019\\\/08\\\/cropped-SorinLogo.png\",\"url\":\"https:\\\/\\\/sorinionescu.org\\\/wp-content\\\/uploads\\\/2019\\\/08\\\/cropped-SorinLogo.png\",\"contentUrl\":\"https:\\\/\\\/sorinionescu.org\\\/wp-content\\\/uploads\\\/2019\\\/08\\\/cropped-SorinLogo.png\",\"width\":126,\"height\":119,\"caption\":\"Sorin Ionescu\"},\"logo\":{\"@id\":\"https:\\\/\\\/sorinionescu.org\\\/wp-content\\\/uploads\\\/2019\\\/08\\\/cropped-SorinLogo.png\"},\"sameAs\":[\"https:\\\/\\\/sorinionescu.org\"]}]}<\/script>\n<!-- \/ Yoast SEO plugin. -->","yoast_head_json":{"title":"Ponte en contacto con ~ Sorin Ionescu","robots":{"index":"index","follow":"follow","max-snippet":"max-snippet:-1","max-image-preview":"max-image-preview:large","max-video-preview":"max-video-preview:-1"},"canonical":"https:\/\/sorinionescu.org\/es\/ponte-en-contacto-con\/","og_locale":"es_ES","og_type":"article","og_title":"Ponte en contacto con ~ Sorin Ionescu","og_description":"Env\u00edame un mensaje si tienes preguntas o si quieres m\u00e1s informaci\u00f3n sobre m\u00ed. O ponte en contacto conmigo en las redes sociales Facebook-f","og_url":"https:\/\/sorinionescu.org\/es\/ponte-en-contacto-con\/","og_site_name":"Sorin Ionescu","article_modified_time":"2025-04-22T03:10:10+00:00","twitter_card":"summary_large_image","schema":{"@context":"https:\/\/schema.org","@graph":[{"@type":"WebPage","@id":"https:\/\/sorinionescu.org\/es\/ponte-en-contacto-con\/","url":"https:\/\/sorinionescu.org\/es\/ponte-en-contacto-con\/","name":"Ponte en contacto con ~ Sorin Ionescu","isPartOf":{"@id":"https:\/\/sorinionescu.org\/#website"},"datePublished":"2025-04-22T03:10:09+00:00","dateModified":"2025-04-22T03:10:10+00:00","breadcrumb":{"@id":"https:\/\/sorinionescu.org\/es\/ponte-en-contacto-con\/#breadcrumb"},"inLanguage":"es","potentialAction":[{"@type":"ReadAction","target":["https:\/\/sorinionescu.org\/es\/ponte-en-contacto-con\/"]}]},{"@type":"BreadcrumbList","@id":"https:\/\/sorinionescu.org\/es\/ponte-en-contacto-con\/#breadcrumb","itemListElement":[{"@type":"ListItem","position":1,"name":"Home","item":"https:\/\/sorinionescu.org\/es\/inicio\/"},{"@type":"ListItem","position":2,"name":"Ponte en contacto con"}]},{"@type":"WebSite","@id":"https:\/\/sorinionescu.org\/#website","url":"https:\/\/sorinionescu.org\/","name":"Sorin Ionescu","description":"","publisher":{"@id":"https:\/\/sorinionescu.org\/#\/schema\/person\/8b60c7d9c1322e6c108e45a89abb67ae"},"potentialAction":[{"@type":"SearchAction","target":{"@type":"EntryPoint","urlTemplate":"https:\/\/sorinionescu.org\/?s={search_term_string}"},"query-input":{"@type":"PropertyValueSpecification","valueRequired":true,"valueName":"search_term_string"}}],"inLanguage":"es"},{"@type":["Person","Organization"],"@id":"https:\/\/sorinionescu.org\/#\/schema\/person\/8b60c7d9c1322e6c108e45a89abb67ae","name":"Sorin Ionescu","image":{"@type":"ImageObject","inLanguage":"es","@id":"https:\/\/sorinionescu.org\/wp-content\/uploads\/2019\/08\/cropped-SorinLogo.png","url":"https:\/\/sorinionescu.org\/wp-content\/uploads\/2019\/08\/cropped-SorinLogo.png","contentUrl":"https:\/\/sorinionescu.org\/wp-content\/uploads\/2019\/08\/cropped-SorinLogo.png","width":126,"height":119,"caption":"Sorin Ionescu"},"logo":{"@id":"https:\/\/sorinionescu.org\/wp-content\/uploads\/2019\/08\/cropped-SorinLogo.png"},"sameAs":["https:\/\/sorinionescu.org"]}]}},"_links":{"self":[{"href":"https:\/\/sorinionescu.org\/es\/wp-json\/wp\/v2\/pages\/1685","targetHints":{"allow":["GET"]}}],"collection":[{"href":"https:\/\/sorinionescu.org\/es\/wp-json\/wp\/v2\/pages"}],"about":[{"href":"https:\/\/sorinionescu.org\/es\/wp-json\/wp\/v2\/types\/page"}],"author":[{"embeddable":true,"href":"https:\/\/sorinionescu.org\/es\/wp-json\/wp\/v2\/users\/1"}],"replies":[{"embeddable":true,"href":"https:\/\/sorinionescu.org\/es\/wp-json\/wp\/v2\/comments?post=1685"}],"version-history":[{"count":1,"href":"https:\/\/sorinionescu.org\/es\/wp-json\/wp\/v2\/pages\/1685\/revisions"}],"predecessor-version":[{"id":1686,"href":"https:\/\/sorinionescu.org\/es\/wp-json\/wp\/v2\/pages\/1685\/revisions\/1686"}],"wp:attachment":[{"href":"https:\/\/sorinionescu.org\/es\/wp-json\/wp\/v2\/media?parent=1685"}],"curies":[{"name":"wp","href":"https:\/\/api.w.org\/{rel}","templated":true}]}}