{"id":228,"date":"2019-11-21T23:14:38","date_gmt":"2019-11-22T04:14:38","guid":{"rendered":"https:\/\/sorinionescu.org\/lettre-modele-afin-dinterdire-le-piegeage-dans-les-reserves-fauniques-du-quebec\/"},"modified":"2019-11-21T23:14:39","modified_gmt":"2019-11-22T04:14:39","slug":"lettre-modele-afin-dinterdire-le-piegeage-dans-les-reserves-fauniques-du-quebec","status":"publish","type":"page","link":"https:\/\/sorinionescu.org\/fr\/lettre-modele-afin-dinterdire-le-piegeage-dans-les-reserves-fauniques-du-quebec\/","title":{"rendered":"Lettre mod\u00e8le afin d\u2019interdire le pi\u00e9geage dans les r\u00e9serves fauniques du Qu\u00e9bec"},"content":{"rendered":"\t\t<div data-elementor-type=\"wp-post\" data-elementor-id=\"228\" class=\"elementor elementor-228 elementor-224\" data-elementor-post-type=\"page\">\n\t\t\t\t\t\t<section class=\"elementor-section elementor-top-section elementor-element elementor-element-fd48ca2 elementor-section-boxed elementor-section-height-default elementor-section-height-default\" data-id=\"fd48ca2\" data-element_type=\"section\">\n\t\t\t\t\t\t<div class=\"elementor-container elementor-column-gap-default\">\n\t\t\t\t\t<div class=\"elementor-column elementor-col-100 elementor-top-column elementor-element elementor-element-35ee7be\" data-id=\"35ee7be\" data-element_type=\"column\">\n\t\t\t<div class=\"elementor-widget-wrap elementor-element-populated\">\n\t\t\t\t\t\t<section class=\"elementor-section elementor-inner-section elementor-element elementor-element-70dd6b0 elementor-section-boxed elementor-section-height-default elementor-section-height-default\" data-id=\"70dd6b0\" data-element_type=\"section\">\n\t\t\t\t\t\t<div class=\"elementor-container elementor-column-gap-default\">\n\t\t\t\t\t<div class=\"elementor-column elementor-col-50 elementor-inner-column elementor-element elementor-element-1b8f99a\" data-id=\"1b8f99a\" data-element_type=\"column\">\n\t\t\t<div class=\"elementor-widget-wrap elementor-element-populated\">\n\t\t\t\t\t\t<div class=\"elementor-element elementor-element-bfb9ba8 elementor-widget elementor-widget-heading\" data-id=\"bfb9ba8\" data-element_type=\"widget\" data-widget_type=\"heading.default\">\n\t\t\t\t<div class=\"elementor-widget-container\">\n\t\t\t\t\t<h5 class=\"elementor-heading-title elementor-size-default\">Objet :<\/h5>\t\t\t\t<\/div>\n\t\t\t\t<\/div>\n\t\t\t\t<div class=\"elementor-element elementor-element-04001ec elementor-widget elementor-widget-text-editor\" data-id=\"04001ec\" data-element_type=\"widget\" data-widget_type=\"text-editor.default\">\n\t\t\t\t<div class=\"elementor-widget-container\">\n\t\t\t\t\t\t\t\t\t<p><strong>Le pi\u00e9geage des animaux \u00e0 fourrure dans les r\u00e9serves fauniques du Qu\u00e9bec<\/strong><\/p>\n\t\t\t\t\t\t\t\t<\/div>\n\t\t\t\t<\/div>\n\t\t\t\t<div class=\"elementor-element elementor-element-f70f1aa elementor-widget elementor-widget-heading\" data-id=\"f70f1aa\" data-element_type=\"widget\" data-widget_type=\"heading.default\">\n\t\t\t\t<div class=\"elementor-widget-container\">\n\t\t\t\t\t<h5 class=\"elementor-heading-title elementor-size-default\">COURRIEL:<\/h5>\t\t\t\t<\/div>\n\t\t\t\t<\/div>\n\t\t\t\t<div class=\"elementor-element elementor-element-39ed4fe elementor-widget elementor-widget-text-editor\" data-id=\"39ed4fe\" data-element_type=\"widget\" data-widget_type=\"text-editor.default\">\n\t\t\t\t<div class=\"elementor-widget-container\">\n\t\t\t\t\t\t\t\t\t<p><a href=\"mailto:ministre-mffp@mffp.gouv.qc.ca\">ministre-mffp@mffp.gouv.qc.ca<\/a><\/p>\n\t\t\t\t\t\t\t\t<\/div>\n\t\t\t\t<\/div>\n\t\t\t\t\t<\/div>\n\t\t<\/div>\n\t\t\t\t<div class=\"elementor-column elementor-col-50 elementor-inner-column elementor-element elementor-element-23d3f89\" data-id=\"23d3f89\" data-element_type=\"column\">\n\t\t\t<div class=\"elementor-widget-wrap elementor-element-populated\">\n\t\t\t\t\t\t<div class=\"elementor-element elementor-element-5b347ea elementor-widget elementor-widget-heading\" data-id=\"5b347ea\" data-element_type=\"widget\" data-widget_type=\"heading.default\">\n\t\t\t\t<div class=\"elementor-widget-container\">\n\t\t\t\t\t<h5 class=\"elementor-heading-title elementor-size-default\">Adresse<\/h5>\t\t\t\t<\/div>\n\t\t\t\t<\/div>\n\t\t\t\t<div class=\"elementor-element elementor-element-b46a3e5 elementor-widget elementor-widget-text-editor\" data-id=\"b46a3e5\" data-element_type=\"widget\" data-widget_type=\"text-editor.default\">\n\t\t\t\t<div class=\"elementor-widget-container\">\n\t\t\t\t\t\t\t\t\t<p>Monsieur <strong>Pierre Dufour<\/strong>, ministre<br \/>\nMinist\u00e8re des For\u00eats, de la Faune et des Parcs<br \/>\n5700, 4e Avenue Ouest<br \/>\nQu\u00e9bec (Qu\u00e9bec)\u00a0\u00a0G1H 6R1<\/p>\n\t\t\t\t\t\t\t\t<\/div>\n\t\t\t\t<\/div>\n\t\t\t\t\t<\/div>\n\t\t<\/div>\n\t\t\t\t\t<\/div>\n\t\t<\/section>\n\t\t\t\t<div class=\"elementor-element elementor-element-620bb8b elementor-widget-divider--view-line elementor-widget elementor-widget-divider\" data-id=\"620bb8b\" data-element_type=\"widget\" data-widget_type=\"divider.default\">\n\t\t\t\t<div class=\"elementor-widget-container\">\n\t\t\t\t\t\t\t<div class=\"elementor-divider\">\n\t\t\t<span class=\"elementor-divider-separator\">\n\t\t\t\t\t\t<\/span>\n\t\t<\/div>\n\t\t\t\t\t\t<\/div>\n\t\t\t\t<\/div>\n\t\t\t\t<div class=\"elementor-element elementor-element-a804ed7 elementor-widget elementor-widget-text-editor\" data-id=\"a804ed7\" data-element_type=\"widget\" data-widget_type=\"text-editor.default\">\n\t\t\t\t<div class=\"elementor-widget-container\">\n\t\t\t\t\t\t\t\t\t<p>Monsieur le Ministre,<\/p>\n<p>En 1984, le gouvernement du Qu\u00e9bec levait l&rsquo;interdiction de pi\u00e9ger dans les r\u00e9serves fauniques, c\u00e9dant ainsi aux pressions du puissant lobby des 21 000 trappeurs de l&rsquo;\u00e9poque. Depuis ce temps, le nombre de pi\u00e9geurs a chut\u00e9 de 62 %; actuellement, ils ne repr\u00e9sentent qu&rsquo;un tr\u00e8s mince 0,11 % de la population totale de la province.<\/p>\n<p><strong>Au Qu\u00e9bec, le pi\u00e9geage de 19 esp\u00e8ces animales est autoris\u00e9 sur plus de 1\u00a0490\u00a0000 km2, soit plus de 98% du territoire qu\u00e9b\u00e9cois. Chaque ann\u00e9e, les trappeurs causent la mort de plus de 200,000 animaux sauvages, sans compter les captures destructrices d&rsquo;esp\u00e8ces prot\u00e9g\u00e9es.<\/strong><\/p>\n<p>Ce privil\u00e8ge pass\u00e9iste de pi\u00e9ger dans les r\u00e9serves fauniques du Qu\u00e9bec fut accord\u00e9 dans un contexte social, culturel et \u00e9conomique fort diff\u00e9rent de celui dans lequel nous \u00e9voluons aujourd&rsquo;hui.<\/p>\n<p><strong>Par cons\u00e9quent, je recommande au gouvernement du Qu\u00e9bec d&rsquo;interdire, comme ce fut le cas avant 1984, toutes activit\u00e9s de pi\u00e9geage dans les r\u00e9serves fauniques afin de refl\u00e9ter pleinement les valeurs actuelles qu&rsquo;entretiennent les Qu\u00e9b\u00e9cois et les nombreux visiteurs envers la faune sauvage.<\/strong><\/p>\n<p>Je vous prie, en tant que Ministre, d&rsquo;avoir l&rsquo;amabilit\u00e9 de me faire part de <strong>vos r\u00e9flexions<\/strong> et de <strong>vos orientations<\/strong> concernant cette question <strong>d&rsquo;int\u00e9r\u00eat majeur<\/strong>.<\/p>\n<p>Veuillez agr\u00e9er, Monsieur Dufour, l&rsquo;expression de mes sentiments les meilleurs.<\/p>\n\t\t\t\t\t\t\t\t<\/div>\n\t\t\t\t<\/div>\n\t\t\t\t\t<\/div>\n\t\t<\/div>\n\t\t\t\t\t<\/div>\n\t\t<\/section>\n\t\t\t\t<\/div>\n\t\t","protected":false},"excerpt":{"rendered":"<p>Objet : Le pi\u00e9geage des animaux \u00e0 fourrure dans les r\u00e9serves fauniques du Qu\u00e9bec COURRIEL: ministre-mffp@mffp.gouv.qc.ca Adresse Monsieur Pierre Dufour, ministre Minist\u00e8re des For\u00eats, de la Faune et des Parcs 5700, 4e Avenue Ouest Qu\u00e9bec (Qu\u00e9bec)\u00a0\u00a0G1H 6R1 Monsieur le Ministre, En 1984, le gouvernement du Qu\u00e9bec levait l&rsquo;interdiction de pi\u00e9ger dans les r\u00e9serves fauniques, c\u00e9dant [&hellip;]<\/p>\n","protected":false},"author":2,"featured_media":0,"parent":0,"menu_order":0,"comment_status":"closed","ping_status":"closed","template":"","meta":{"footnotes":""},"class_list":["post-228","page","type-page","status-publish","hentry"],"yoast_head":"<!-- This site is optimized with the Yoast SEO plugin v27.4 - https:\/\/yoast.com\/product\/yoast-seo-wordpress\/ -->\n<title>Lettre mod\u00e8le afin d\u2019interdire le pi\u00e9geage dans les r\u00e9serves fauniques du Qu\u00e9bec ~ Sorin Ionescu<\/title>\n<meta name=\"robots\" content=\"index, follow, max-snippet:-1, max-image-preview:large, max-video-preview:-1\" \/>\n<link rel=\"canonical\" href=\"https:\/\/sorinionescu.org\/fr\/lettre-modele-afin-dinterdire-le-piegeage-dans-les-reserves-fauniques-du-quebec\/\" \/>\n<meta property=\"og:locale\" content=\"fr_FR\" \/>\n<meta property=\"og:type\" content=\"article\" \/>\n<meta property=\"og:title\" content=\"Lettre mod\u00e8le afin d\u2019interdire le pi\u00e9geage dans les r\u00e9serves fauniques du Qu\u00e9bec ~ Sorin Ionescu\" \/>\n<meta property=\"og:description\" content=\"Objet : Le pi\u00e9geage des animaux \u00e0 fourrure dans les r\u00e9serves fauniques du Qu\u00e9bec COURRIEL: ministre-mffp@mffp.gouv.qc.ca Adresse Monsieur Pierre Dufour, ministre Minist\u00e8re des For\u00eats, de la Faune et des Parcs 5700, 4e Avenue Ouest Qu\u00e9bec (Qu\u00e9bec)\u00a0\u00a0G1H 6R1 Monsieur le Ministre, En 1984, le gouvernement du Qu\u00e9bec levait l&rsquo;interdiction de pi\u00e9ger dans les r\u00e9serves fauniques, c\u00e9dant [&hellip;]\" \/>\n<meta property=\"og:url\" content=\"https:\/\/sorinionescu.org\/fr\/lettre-modele-afin-dinterdire-le-piegeage-dans-les-reserves-fauniques-du-quebec\/\" \/>\n<meta property=\"og:site_name\" content=\"Sorin Ionescu\" \/>\n<meta property=\"article:modified_time\" content=\"2019-11-22T04:14:39+00:00\" \/>\n<meta name=\"twitter:card\" content=\"summary_large_image\" \/>\n<meta name=\"twitter:label1\" content=\"Dur\u00e9e de lecture estim\u00e9e\" \/>\n\t<meta name=\"twitter:data1\" content=\"1 minute\" \/>\n<script type=\"application\/ld+json\" class=\"yoast-schema-graph\">{\"@context\":\"https:\\\/\\\/schema.org\",\"@graph\":[{\"@type\":\"WebPage\",\"@id\":\"https:\\\/\\\/sorinionescu.org\\\/fr\\\/lettre-modele-afin-dinterdire-le-piegeage-dans-les-reserves-fauniques-du-quebec\\\/\",\"url\":\"https:\\\/\\\/sorinionescu.org\\\/fr\\\/lettre-modele-afin-dinterdire-le-piegeage-dans-les-reserves-fauniques-du-quebec\\\/\",\"name\":\"Lettre mod\u00e8le afin d\u2019interdire le pi\u00e9geage dans les r\u00e9serves fauniques du Qu\u00e9bec ~ Sorin Ionescu\",\"isPartOf\":{\"@id\":\"https:\\\/\\\/sorinionescu.org\\\/#website\"},\"datePublished\":\"2019-11-22T04:14:38+00:00\",\"dateModified\":\"2019-11-22T04:14:39+00:00\",\"breadcrumb\":{\"@id\":\"https:\\\/\\\/sorinionescu.org\\\/fr\\\/lettre-modele-afin-dinterdire-le-piegeage-dans-les-reserves-fauniques-du-quebec\\\/#breadcrumb\"},\"inLanguage\":\"fr-FR\",\"potentialAction\":[{\"@type\":\"ReadAction\",\"target\":[\"https:\\\/\\\/sorinionescu.org\\\/fr\\\/lettre-modele-afin-dinterdire-le-piegeage-dans-les-reserves-fauniques-du-quebec\\\/\"]}]},{\"@type\":\"BreadcrumbList\",\"@id\":\"https:\\\/\\\/sorinionescu.org\\\/fr\\\/lettre-modele-afin-dinterdire-le-piegeage-dans-les-reserves-fauniques-du-quebec\\\/#breadcrumb\",\"itemListElement\":[{\"@type\":\"ListItem\",\"position\":1,\"name\":\"Home\",\"item\":\"https:\\\/\\\/sorinionescu.org\\\/fr\\\/\"},{\"@type\":\"ListItem\",\"position\":2,\"name\":\"Lettre mod\u00e8le afin d\u2019interdire le pi\u00e9geage dans les r\u00e9serves fauniques du Qu\u00e9bec\"}]},{\"@type\":\"WebSite\",\"@id\":\"https:\\\/\\\/sorinionescu.org\\\/#website\",\"url\":\"https:\\\/\\\/sorinionescu.org\\\/\",\"name\":\"Sorin Ionescu\",\"description\":\"\",\"publisher\":{\"@id\":\"https:\\\/\\\/sorinionescu.org\\\/#\\\/schema\\\/person\\\/8b60c7d9c1322e6c108e45a89abb67ae\"},\"potentialAction\":[{\"@type\":\"SearchAction\",\"target\":{\"@type\":\"EntryPoint\",\"urlTemplate\":\"https:\\\/\\\/sorinionescu.org\\\/?s={search_term_string}\"},\"query-input\":{\"@type\":\"PropertyValueSpecification\",\"valueRequired\":true,\"valueName\":\"search_term_string\"}}],\"inLanguage\":\"fr-FR\"},{\"@type\":[\"Person\",\"Organization\"],\"@id\":\"https:\\\/\\\/sorinionescu.org\\\/#\\\/schema\\\/person\\\/8b60c7d9c1322e6c108e45a89abb67ae\",\"name\":\"Sorin Ionescu\",\"image\":{\"@type\":\"ImageObject\",\"inLanguage\":\"fr-FR\",\"@id\":\"https:\\\/\\\/sorinionescu.org\\\/wp-content\\\/uploads\\\/2019\\\/08\\\/cropped-SorinLogo.png\",\"url\":\"https:\\\/\\\/sorinionescu.org\\\/wp-content\\\/uploads\\\/2019\\\/08\\\/cropped-SorinLogo.png\",\"contentUrl\":\"https:\\\/\\\/sorinionescu.org\\\/wp-content\\\/uploads\\\/2019\\\/08\\\/cropped-SorinLogo.png\",\"width\":126,\"height\":119,\"caption\":\"Sorin Ionescu\"},\"logo\":{\"@id\":\"https:\\\/\\\/sorinionescu.org\\\/wp-content\\\/uploads\\\/2019\\\/08\\\/cropped-SorinLogo.png\"},\"sameAs\":[\"https:\\\/\\\/sorinionescu.org\"]}]}<\/script>\n<!-- \/ Yoast SEO plugin. -->","yoast_head_json":{"title":"Lettre mod\u00e8le afin d\u2019interdire le pi\u00e9geage dans les r\u00e9serves fauniques du Qu\u00e9bec ~ Sorin Ionescu","robots":{"index":"index","follow":"follow","max-snippet":"max-snippet:-1","max-image-preview":"max-image-preview:large","max-video-preview":"max-video-preview:-1"},"canonical":"https:\/\/sorinionescu.org\/fr\/lettre-modele-afin-dinterdire-le-piegeage-dans-les-reserves-fauniques-du-quebec\/","og_locale":"fr_FR","og_type":"article","og_title":"Lettre mod\u00e8le afin d\u2019interdire le pi\u00e9geage dans les r\u00e9serves fauniques du Qu\u00e9bec ~ Sorin Ionescu","og_description":"Objet : Le pi\u00e9geage des animaux \u00e0 fourrure dans les r\u00e9serves fauniques du Qu\u00e9bec COURRIEL: ministre-mffp@mffp.gouv.qc.ca Adresse Monsieur Pierre Dufour, ministre Minist\u00e8re des For\u00eats, de la Faune et des Parcs 5700, 4e Avenue Ouest Qu\u00e9bec (Qu\u00e9bec)\u00a0\u00a0G1H 6R1 Monsieur le Ministre, En 1984, le gouvernement du Qu\u00e9bec levait l&rsquo;interdiction de pi\u00e9ger dans les r\u00e9serves fauniques, c\u00e9dant [&hellip;]","og_url":"https:\/\/sorinionescu.org\/fr\/lettre-modele-afin-dinterdire-le-piegeage-dans-les-reserves-fauniques-du-quebec\/","og_site_name":"Sorin Ionescu","article_modified_time":"2019-11-22T04:14:39+00:00","twitter_card":"summary_large_image","twitter_misc":{"Dur\u00e9e de lecture estim\u00e9e":"1 minute"},"schema":{"@context":"https:\/\/schema.org","@graph":[{"@type":"WebPage","@id":"https:\/\/sorinionescu.org\/fr\/lettre-modele-afin-dinterdire-le-piegeage-dans-les-reserves-fauniques-du-quebec\/","url":"https:\/\/sorinionescu.org\/fr\/lettre-modele-afin-dinterdire-le-piegeage-dans-les-reserves-fauniques-du-quebec\/","name":"Lettre mod\u00e8le afin d\u2019interdire le pi\u00e9geage dans les r\u00e9serves fauniques du Qu\u00e9bec ~ Sorin Ionescu","isPartOf":{"@id":"https:\/\/sorinionescu.org\/#website"},"datePublished":"2019-11-22T04:14:38+00:00","dateModified":"2019-11-22T04:14:39+00:00","breadcrumb":{"@id":"https:\/\/sorinionescu.org\/fr\/lettre-modele-afin-dinterdire-le-piegeage-dans-les-reserves-fauniques-du-quebec\/#breadcrumb"},"inLanguage":"fr-FR","potentialAction":[{"@type":"ReadAction","target":["https:\/\/sorinionescu.org\/fr\/lettre-modele-afin-dinterdire-le-piegeage-dans-les-reserves-fauniques-du-quebec\/"]}]},{"@type":"BreadcrumbList","@id":"https:\/\/sorinionescu.org\/fr\/lettre-modele-afin-dinterdire-le-piegeage-dans-les-reserves-fauniques-du-quebec\/#breadcrumb","itemListElement":[{"@type":"ListItem","position":1,"name":"Home","item":"https:\/\/sorinionescu.org\/fr\/"},{"@type":"ListItem","position":2,"name":"Lettre mod\u00e8le afin d\u2019interdire le pi\u00e9geage dans les r\u00e9serves fauniques du Qu\u00e9bec"}]},{"@type":"WebSite","@id":"https:\/\/sorinionescu.org\/#website","url":"https:\/\/sorinionescu.org\/","name":"Sorin Ionescu","description":"","publisher":{"@id":"https:\/\/sorinionescu.org\/#\/schema\/person\/8b60c7d9c1322e6c108e45a89abb67ae"},"potentialAction":[{"@type":"SearchAction","target":{"@type":"EntryPoint","urlTemplate":"https:\/\/sorinionescu.org\/?s={search_term_string}"},"query-input":{"@type":"PropertyValueSpecification","valueRequired":true,"valueName":"search_term_string"}}],"inLanguage":"fr-FR"},{"@type":["Person","Organization"],"@id":"https:\/\/sorinionescu.org\/#\/schema\/person\/8b60c7d9c1322e6c108e45a89abb67ae","name":"Sorin Ionescu","image":{"@type":"ImageObject","inLanguage":"fr-FR","@id":"https:\/\/sorinionescu.org\/wp-content\/uploads\/2019\/08\/cropped-SorinLogo.png","url":"https:\/\/sorinionescu.org\/wp-content\/uploads\/2019\/08\/cropped-SorinLogo.png","contentUrl":"https:\/\/sorinionescu.org\/wp-content\/uploads\/2019\/08\/cropped-SorinLogo.png","width":126,"height":119,"caption":"Sorin Ionescu"},"logo":{"@id":"https:\/\/sorinionescu.org\/wp-content\/uploads\/2019\/08\/cropped-SorinLogo.png"},"sameAs":["https:\/\/sorinionescu.org"]}]}},"_links":{"self":[{"href":"https:\/\/sorinionescu.org\/fr\/wp-json\/wp\/v2\/pages\/228","targetHints":{"allow":["GET"]}}],"collection":[{"href":"https:\/\/sorinionescu.org\/fr\/wp-json\/wp\/v2\/pages"}],"about":[{"href":"https:\/\/sorinionescu.org\/fr\/wp-json\/wp\/v2\/types\/page"}],"author":[{"embeddable":true,"href":"https:\/\/sorinionescu.org\/fr\/wp-json\/wp\/v2\/users\/2"}],"replies":[{"embeddable":true,"href":"https:\/\/sorinionescu.org\/fr\/wp-json\/wp\/v2\/comments?post=228"}],"version-history":[{"count":1,"href":"https:\/\/sorinionescu.org\/fr\/wp-json\/wp\/v2\/pages\/228\/revisions"}],"predecessor-version":[{"id":229,"href":"https:\/\/sorinionescu.org\/fr\/wp-json\/wp\/v2\/pages\/228\/revisions\/229"}],"wp:attachment":[{"href":"https:\/\/sorinionescu.org\/fr\/wp-json\/wp\/v2\/media?parent=228"}],"curies":[{"name":"wp","href":"https:\/\/api.w.org\/{rel}","templated":true}]}}