{"id":52,"date":"2019-08-05T16:46:22","date_gmt":"2019-08-05T20:46:22","guid":{"rendered":"https:\/\/sorinionescu.org\/a-propos-de-moi\/"},"modified":"2019-11-25T03:11:57","modified_gmt":"2019-11-25T08:11:57","slug":"a-propos-de-moi","status":"publish","type":"page","link":"https:\/\/sorinionescu.org\/fr\/a-propos-de-moi\/","title":{"rendered":"\u00c0 propos de moi"},"content":{"rendered":"\t\t<div data-elementor-type=\"wp-post\" data-elementor-id=\"52\" class=\"elementor elementor-52 elementor-2\" data-elementor-post-type=\"page\">\n\t\t\t\t\t\t<section class=\"elementor-section elementor-top-section elementor-element elementor-element-69ca028f elementor-section-boxed elementor-section-height-default elementor-section-height-default\" data-id=\"69ca028f\" data-element_type=\"section\">\n\t\t\t\t\t\t<div class=\"elementor-container elementor-column-gap-default\">\n\t\t\t\t\t<div class=\"elementor-column elementor-col-100 elementor-top-column elementor-element elementor-element-bfe7e47\" data-id=\"bfe7e47\" data-element_type=\"column\">\n\t\t\t<div class=\"elementor-widget-wrap elementor-element-populated\">\n\t\t\t\t\t\t<div class=\"elementor-element elementor-element-93bd454 elementor-widget elementor-widget-heading\" data-id=\"93bd454\" data-element_type=\"widget\" data-widget_type=\"heading.default\">\n\t\t\t\t<div class=\"elementor-widget-container\">\n\t\t\t\t\t<h2 class=\"elementor-heading-title elementor-size-default\">Mon pr\u00e9sent<\/h2>\t\t\t\t<\/div>\n\t\t\t\t<\/div>\n\t\t\t\t<div class=\"elementor-element elementor-element-d2f81db elementor-widget elementor-widget-image\" data-id=\"d2f81db\" data-element_type=\"widget\" data-widget_type=\"image.default\">\n\t\t\t\t<div class=\"elementor-widget-container\">\n\t\t\t\t\t\t\t\t\t\t\t\t\t\t\t<img fetchpriority=\"high\" decoding=\"async\" width=\"960\" height=\"960\" src=\"https:\/\/sorinionescu.org\/wp-content\/uploads\/2019\/08\/sorin.jpg\" class=\"attachment-full size-full wp-image-50\" alt=\"\" srcset=\"https:\/\/sorinionescu.org\/wp-content\/uploads\/2019\/08\/sorin.jpg 960w, https:\/\/sorinionescu.org\/wp-content\/uploads\/2019\/08\/sorin-150x150.jpg 150w, https:\/\/sorinionescu.org\/wp-content\/uploads\/2019\/08\/sorin-300x300.jpg 300w, https:\/\/sorinionescu.org\/wp-content\/uploads\/2019\/08\/sorin-768x768.jpg 768w\" sizes=\"(max-width: 960px) 100vw, 960px\" \/>\t\t\t\t\t\t\t\t\t\t\t\t\t\t\t<\/div>\n\t\t\t\t<\/div>\n\t\t\t\t<section class=\"elementor-section elementor-inner-section elementor-element elementor-element-59bf05a elementor-section-boxed elementor-section-height-default elementor-section-height-default\" data-id=\"59bf05a\" data-element_type=\"section\" data-settings=\"{&quot;background_background&quot;:&quot;classic&quot;}\">\n\t\t\t\t\t\t<div class=\"elementor-container elementor-column-gap-default\">\n\t\t\t\t\t<div class=\"elementor-column elementor-col-50 elementor-inner-column elementor-element elementor-element-35377f4\" data-id=\"35377f4\" data-element_type=\"column\" data-settings=\"{&quot;background_background&quot;:&quot;classic&quot;}\">\n\t\t\t<div class=\"elementor-widget-wrap elementor-element-populated\">\n\t\t\t\t\t\t<div class=\"elementor-element elementor-element-31da6e6 elementor-widget elementor-widget-text-editor\" data-id=\"31da6e6\" data-element_type=\"widget\" data-widget_type=\"text-editor.default\">\n\t\t\t\t<div class=\"elementor-widget-container\">\n\t\t\t\t\t\t\t\t\t<p>Je suis titulaire d&rsquo;une ma\u00eetrise et d&rsquo;un baccalaur\u00e9at en g\u00e9nie logiciel de l&rsquo;Universit\u00e9 Concordia \u00e0 Montr\u00e9al et j&rsquo;ai une formation en intelligence artificielle.<\/p>\n<p>Je suis autodidacte en philosophie, psychologie et \u00e9thique. Je m&rsquo;int\u00e9resse aux neurosciences et au bouddhisme, et \u00e0 la relation entre notre r\u00e9alit\u00e9 subjective int\u00e9rieure et notre r\u00e9alit\u00e9 objective ext\u00e9rieure. Je suis un environnementaliste, un anti-sp\u00e9ciste, un \u00e9galitariste et un anarchiste. Je suis activiste social et je crois que l&rsquo;amour est le moteur le plus puissant dans la poursuite de l&rsquo;all\u00e9gement de la souffrance &#8211; ma principale priorit\u00e9 \u00e9thique &#8211; et je m&rsquo;efforce de cr\u00e9er des ponts et des partenariats entre des groupes de changement social aux approches diverses.<\/p>\n<p>Je suis cofondateur d&rsquo;<a href=\"https:\/\/veganoptioncanada.org\/\">Option V\u00e9gane Canada<\/a> et membre actif de l&rsquo;Organisation pour la Pr\u00e9vention des Souffrances Intenses (<a href=\"http:\/\/www.preventsuffering.org\/\">OPIS<\/a>) et de l&rsquo;<a href=\"http:\/\/www.preventsuffering.org\/\">Alliance Algosph\u00e8re<\/a>. Je suis actuellement organisateur communautaire d&rsquo;<a href=\"https:\/\/animalrebellionturtleisland.org\/\">Animal Rebellion Turtle Island<\/a> (Am\u00e9rique du Nord). Je participe au projet <a href=\"https:\/\/carbonface.ca\/\">CarbonFace<\/a>.<\/p>\n\t\t\t\t\t\t\t\t<\/div>\n\t\t\t\t<\/div>\n\t\t\t\t\t<\/div>\n\t\t<\/div>\n\t\t\t\t<div class=\"elementor-column elementor-col-50 elementor-inner-column elementor-element elementor-element-38dfeff\" data-id=\"38dfeff\" data-element_type=\"column\">\n\t\t\t<div class=\"elementor-widget-wrap\">\n\t\t\t\t\t\t\t<\/div>\n\t\t<\/div>\n\t\t\t\t\t<\/div>\n\t\t<\/section>\n\t\t\t\t<div class=\"elementor-element elementor-element-54c7dc8 elementor-widget-divider--view-line elementor-widget elementor-widget-divider\" data-id=\"54c7dc8\" data-element_type=\"widget\" data-widget_type=\"divider.default\">\n\t\t\t\t<div class=\"elementor-widget-container\">\n\t\t\t\t\t\t\t<div class=\"elementor-divider\">\n\t\t\t<span class=\"elementor-divider-separator\">\n\t\t\t\t\t\t<\/span>\n\t\t<\/div>\n\t\t\t\t\t\t<\/div>\n\t\t\t\t<\/div>\n\t\t\t\t<div class=\"elementor-element elementor-element-f83c866 elementor-widget elementor-widget-text-editor\" data-id=\"f83c866\" data-element_type=\"widget\" data-widget_type=\"text-editor.default\">\n\t\t\t\t<div class=\"elementor-widget-container\">\n\t\t\t\t\t\t\t\t\t<p>J&rsquo;essaie de ne pas trop vivre dans le pass\u00e9, car cela peut rendre d\u00e9prim\u00e9. Cependant, parfois un r\u00e9cit du pass\u00e9 est int\u00e9ressant et si vous voulez lire un peu sur <a href=\"https:\/\/sorinionescu.org\/mon-passe\/?lang=fr\">mon pass\u00e9<\/a>, vous pouvez le faire.<\/p>\n<p>Je vis un peu trop dans l&rsquo;avenir, malgr\u00e9 le danger que cela peut rendre anxieux.<\/p>\n\t\t\t\t\t\t\t\t<\/div>\n\t\t\t\t<\/div>\n\t\t\t\t<div class=\"elementor-element elementor-element-5e56462 elementor-shape-rounded elementor-grid-0 e-grid-align-center elementor-widget elementor-widget-social-icons\" data-id=\"5e56462\" data-element_type=\"widget\" data-widget_type=\"social-icons.default\">\n\t\t\t\t<div class=\"elementor-widget-container\">\n\t\t\t\t\t\t\t<div class=\"elementor-social-icons-wrapper elementor-grid\" role=\"list\">\n\t\t\t\t\t\t\t<span class=\"elementor-grid-item\" role=\"listitem\">\n\t\t\t\t\t<a class=\"elementor-icon elementor-social-icon elementor-social-icon-facebook elementor-repeater-item-a402aaf\" target=\"_blank\">\n\t\t\t\t\t\t<span class=\"elementor-screen-only\">Facebook<\/span>\n\t\t\t\t\t\t<i class=\"fab fa-facebook\"><\/i>\t\t\t\t\t<\/a>\n\t\t\t\t<\/span>\n\t\t\t\t\t\t\t<span class=\"elementor-grid-item\" role=\"listitem\">\n\t\t\t\t\t<a class=\"elementor-icon elementor-social-icon elementor-social-icon-linkedin elementor-repeater-item-ea4c686\" href=\"https:\/\/www.linkedin.com\/in\/sorin-ionescu-33526825\/\" target=\"_blank\">\n\t\t\t\t\t\t<span class=\"elementor-screen-only\">Linkedin<\/span>\n\t\t\t\t\t\t<i class=\"fab fa-linkedin\"><\/i>\t\t\t\t\t<\/a>\n\t\t\t\t<\/span>\n\t\t\t\t\t\t\t<span class=\"elementor-grid-item\" role=\"listitem\">\n\t\t\t\t\t<a class=\"elementor-icon elementor-social-icon elementor-social-icon-envelope elementor-repeater-item-19038ed\" href=\"mailto:sionescu.sangoma@gmail.com\" target=\"_blank\">\n\t\t\t\t\t\t<span class=\"elementor-screen-only\">Envelope<\/span>\n\t\t\t\t\t\t<i class=\"fas fa-envelope\"><\/i>\t\t\t\t\t<\/a>\n\t\t\t\t<\/span>\n\t\t\t\t\t\t\t<span class=\"elementor-grid-item\" role=\"listitem\">\n\t\t\t\t\t<a class=\"elementor-icon elementor-social-icon elementor-social-icon-whatsapp elementor-repeater-item-f19fc72\" href=\"https:\/\/www.facebook.com\/VeganSorin\" target=\"_blank\">\n\t\t\t\t\t\t<span class=\"elementor-screen-only\">Whatsapp<\/span>\n\t\t\t\t\t\t<i class=\"fab fa-whatsapp\"><\/i>\t\t\t\t\t<\/a>\n\t\t\t\t<\/span>\n\t\t\t\t\t<\/div>\n\t\t\t\t\t\t<\/div>\n\t\t\t\t<\/div>\n\t\t\t\t\t<\/div>\n\t\t<\/div>\n\t\t\t\t\t<\/div>\n\t\t<\/section>\n\t\t\t\t<\/div>\n\t\t","protected":false},"excerpt":{"rendered":"<p>Mon pr\u00e9sent Je suis titulaire d&rsquo;une ma\u00eetrise et d&rsquo;un baccalaur\u00e9at en g\u00e9nie logiciel de l&rsquo;Universit\u00e9 Concordia \u00e0 Montr\u00e9al et j&rsquo;ai une formation en intelligence artificielle. Je suis autodidacte en philosophie, psychologie et \u00e9thique. Je m&rsquo;int\u00e9resse aux neurosciences et au bouddhisme, et \u00e0 la relation entre notre r\u00e9alit\u00e9 subjective int\u00e9rieure et notre r\u00e9alit\u00e9 objective ext\u00e9rieure. Je [&hellip;]<\/p>\n","protected":false},"author":1,"featured_media":0,"parent":0,"menu_order":0,"comment_status":"closed","ping_status":"open","template":"","meta":{"footnotes":""},"class_list":["post-52","page","type-page","status-publish","hentry"],"yoast_head":"<!-- This site is optimized with the Yoast SEO plugin v27.4 - https:\/\/yoast.com\/product\/yoast-seo-wordpress\/ -->\n<title>\u00c0 propos de moi ~ Sorin Ionescu<\/title>\n<meta name=\"robots\" content=\"index, follow, max-snippet:-1, max-image-preview:large, max-video-preview:-1\" \/>\n<link rel=\"canonical\" href=\"https:\/\/sorinionescu.org\/fr\/a-propos-de-moi\/\" \/>\n<meta property=\"og:locale\" content=\"fr_FR\" \/>\n<meta property=\"og:type\" content=\"article\" \/>\n<meta property=\"og:title\" content=\"\u00c0 propos de moi ~ Sorin Ionescu\" \/>\n<meta property=\"og:description\" content=\"Mon pr\u00e9sent Je suis titulaire d&rsquo;une ma\u00eetrise et d&rsquo;un baccalaur\u00e9at en g\u00e9nie logiciel de l&rsquo;Universit\u00e9 Concordia \u00e0 Montr\u00e9al et j&rsquo;ai une formation en intelligence artificielle. Je suis autodidacte en philosophie, psychologie et \u00e9thique. Je m&rsquo;int\u00e9resse aux neurosciences et au bouddhisme, et \u00e0 la relation entre notre r\u00e9alit\u00e9 subjective int\u00e9rieure et notre r\u00e9alit\u00e9 objective ext\u00e9rieure. Je [&hellip;]\" \/>\n<meta property=\"og:url\" content=\"https:\/\/sorinionescu.org\/fr\/a-propos-de-moi\/\" \/>\n<meta property=\"og:site_name\" content=\"Sorin Ionescu\" \/>\n<meta property=\"article:modified_time\" content=\"2019-11-25T08:11:57+00:00\" \/>\n<meta property=\"og:image\" content=\"https:\/\/sorinionescu.org\/wp-content\/uploads\/2019\/08\/sorin.jpg\" \/>\n<meta name=\"twitter:card\" content=\"summary_large_image\" \/>\n<meta name=\"twitter:label1\" content=\"Dur\u00e9e de lecture estim\u00e9e\" \/>\n\t<meta name=\"twitter:data1\" content=\"1 minute\" \/>\n<script type=\"application\/ld+json\" class=\"yoast-schema-graph\">{\"@context\":\"https:\\\/\\\/schema.org\",\"@graph\":[{\"@type\":\"WebPage\",\"@id\":\"https:\\\/\\\/sorinionescu.org\\\/fr\\\/a-propos-de-moi\\\/\",\"url\":\"https:\\\/\\\/sorinionescu.org\\\/fr\\\/a-propos-de-moi\\\/\",\"name\":\"\u00c0 propos de moi ~ Sorin Ionescu\",\"isPartOf\":{\"@id\":\"https:\\\/\\\/sorinionescu.org\\\/#website\"},\"primaryImageOfPage\":{\"@id\":\"https:\\\/\\\/sorinionescu.org\\\/fr\\\/a-propos-de-moi\\\/#primaryimage\"},\"image\":{\"@id\":\"https:\\\/\\\/sorinionescu.org\\\/fr\\\/a-propos-de-moi\\\/#primaryimage\"},\"thumbnailUrl\":\"https:\\\/\\\/sorinionescu.org\\\/wp-content\\\/uploads\\\/2019\\\/08\\\/sorin.jpg\",\"datePublished\":\"2019-08-05T20:46:22+00:00\",\"dateModified\":\"2019-11-25T08:11:57+00:00\",\"breadcrumb\":{\"@id\":\"https:\\\/\\\/sorinionescu.org\\\/fr\\\/a-propos-de-moi\\\/#breadcrumb\"},\"inLanguage\":\"fr-FR\",\"potentialAction\":[{\"@type\":\"ReadAction\",\"target\":[\"https:\\\/\\\/sorinionescu.org\\\/fr\\\/a-propos-de-moi\\\/\"]}]},{\"@type\":\"ImageObject\",\"inLanguage\":\"fr-FR\",\"@id\":\"https:\\\/\\\/sorinionescu.org\\\/fr\\\/a-propos-de-moi\\\/#primaryimage\",\"url\":\"https:\\\/\\\/sorinionescu.org\\\/wp-content\\\/uploads\\\/2019\\\/08\\\/sorin.jpg\",\"contentUrl\":\"https:\\\/\\\/sorinionescu.org\\\/wp-content\\\/uploads\\\/2019\\\/08\\\/sorin.jpg\"},{\"@type\":\"BreadcrumbList\",\"@id\":\"https:\\\/\\\/sorinionescu.org\\\/fr\\\/a-propos-de-moi\\\/#breadcrumb\",\"itemListElement\":[{\"@type\":\"ListItem\",\"position\":1,\"name\":\"Home\",\"item\":\"https:\\\/\\\/sorinionescu.org\\\/fr\\\/\"},{\"@type\":\"ListItem\",\"position\":2,\"name\":\"\u00c0 propos de moi\"}]},{\"@type\":\"WebSite\",\"@id\":\"https:\\\/\\\/sorinionescu.org\\\/#website\",\"url\":\"https:\\\/\\\/sorinionescu.org\\\/\",\"name\":\"Sorin Ionescu\",\"description\":\"\",\"publisher\":{\"@id\":\"https:\\\/\\\/sorinionescu.org\\\/#\\\/schema\\\/person\\\/8b60c7d9c1322e6c108e45a89abb67ae\"},\"potentialAction\":[{\"@type\":\"SearchAction\",\"target\":{\"@type\":\"EntryPoint\",\"urlTemplate\":\"https:\\\/\\\/sorinionescu.org\\\/?s={search_term_string}\"},\"query-input\":{\"@type\":\"PropertyValueSpecification\",\"valueRequired\":true,\"valueName\":\"search_term_string\"}}],\"inLanguage\":\"fr-FR\"},{\"@type\":[\"Person\",\"Organization\"],\"@id\":\"https:\\\/\\\/sorinionescu.org\\\/#\\\/schema\\\/person\\\/8b60c7d9c1322e6c108e45a89abb67ae\",\"name\":\"Sorin Ionescu\",\"image\":{\"@type\":\"ImageObject\",\"inLanguage\":\"fr-FR\",\"@id\":\"https:\\\/\\\/sorinionescu.org\\\/wp-content\\\/uploads\\\/2019\\\/08\\\/cropped-SorinLogo.png\",\"url\":\"https:\\\/\\\/sorinionescu.org\\\/wp-content\\\/uploads\\\/2019\\\/08\\\/cropped-SorinLogo.png\",\"contentUrl\":\"https:\\\/\\\/sorinionescu.org\\\/wp-content\\\/uploads\\\/2019\\\/08\\\/cropped-SorinLogo.png\",\"width\":126,\"height\":119,\"caption\":\"Sorin Ionescu\"},\"logo\":{\"@id\":\"https:\\\/\\\/sorinionescu.org\\\/wp-content\\\/uploads\\\/2019\\\/08\\\/cropped-SorinLogo.png\"},\"sameAs\":[\"https:\\\/\\\/sorinionescu.org\"]}]}<\/script>\n<!-- \/ Yoast SEO plugin. -->","yoast_head_json":{"title":"\u00c0 propos de moi ~ Sorin Ionescu","robots":{"index":"index","follow":"follow","max-snippet":"max-snippet:-1","max-image-preview":"max-image-preview:large","max-video-preview":"max-video-preview:-1"},"canonical":"https:\/\/sorinionescu.org\/fr\/a-propos-de-moi\/","og_locale":"fr_FR","og_type":"article","og_title":"\u00c0 propos de moi ~ Sorin Ionescu","og_description":"Mon pr\u00e9sent Je suis titulaire d&rsquo;une ma\u00eetrise et d&rsquo;un baccalaur\u00e9at en g\u00e9nie logiciel de l&rsquo;Universit\u00e9 Concordia \u00e0 Montr\u00e9al et j&rsquo;ai une formation en intelligence artificielle. Je suis autodidacte en philosophie, psychologie et \u00e9thique. Je m&rsquo;int\u00e9resse aux neurosciences et au bouddhisme, et \u00e0 la relation entre notre r\u00e9alit\u00e9 subjective int\u00e9rieure et notre r\u00e9alit\u00e9 objective ext\u00e9rieure. Je [&hellip;]","og_url":"https:\/\/sorinionescu.org\/fr\/a-propos-de-moi\/","og_site_name":"Sorin Ionescu","article_modified_time":"2019-11-25T08:11:57+00:00","og_image":[{"url":"https:\/\/sorinionescu.org\/wp-content\/uploads\/2019\/08\/sorin.jpg","type":"","width":"","height":""}],"twitter_card":"summary_large_image","twitter_misc":{"Dur\u00e9e de lecture estim\u00e9e":"1 minute"},"schema":{"@context":"https:\/\/schema.org","@graph":[{"@type":"WebPage","@id":"https:\/\/sorinionescu.org\/fr\/a-propos-de-moi\/","url":"https:\/\/sorinionescu.org\/fr\/a-propos-de-moi\/","name":"\u00c0 propos de moi ~ Sorin Ionescu","isPartOf":{"@id":"https:\/\/sorinionescu.org\/#website"},"primaryImageOfPage":{"@id":"https:\/\/sorinionescu.org\/fr\/a-propos-de-moi\/#primaryimage"},"image":{"@id":"https:\/\/sorinionescu.org\/fr\/a-propos-de-moi\/#primaryimage"},"thumbnailUrl":"https:\/\/sorinionescu.org\/wp-content\/uploads\/2019\/08\/sorin.jpg","datePublished":"2019-08-05T20:46:22+00:00","dateModified":"2019-11-25T08:11:57+00:00","breadcrumb":{"@id":"https:\/\/sorinionescu.org\/fr\/a-propos-de-moi\/#breadcrumb"},"inLanguage":"fr-FR","potentialAction":[{"@type":"ReadAction","target":["https:\/\/sorinionescu.org\/fr\/a-propos-de-moi\/"]}]},{"@type":"ImageObject","inLanguage":"fr-FR","@id":"https:\/\/sorinionescu.org\/fr\/a-propos-de-moi\/#primaryimage","url":"https:\/\/sorinionescu.org\/wp-content\/uploads\/2019\/08\/sorin.jpg","contentUrl":"https:\/\/sorinionescu.org\/wp-content\/uploads\/2019\/08\/sorin.jpg"},{"@type":"BreadcrumbList","@id":"https:\/\/sorinionescu.org\/fr\/a-propos-de-moi\/#breadcrumb","itemListElement":[{"@type":"ListItem","position":1,"name":"Home","item":"https:\/\/sorinionescu.org\/fr\/"},{"@type":"ListItem","position":2,"name":"\u00c0 propos de moi"}]},{"@type":"WebSite","@id":"https:\/\/sorinionescu.org\/#website","url":"https:\/\/sorinionescu.org\/","name":"Sorin Ionescu","description":"","publisher":{"@id":"https:\/\/sorinionescu.org\/#\/schema\/person\/8b60c7d9c1322e6c108e45a89abb67ae"},"potentialAction":[{"@type":"SearchAction","target":{"@type":"EntryPoint","urlTemplate":"https:\/\/sorinionescu.org\/?s={search_term_string}"},"query-input":{"@type":"PropertyValueSpecification","valueRequired":true,"valueName":"search_term_string"}}],"inLanguage":"fr-FR"},{"@type":["Person","Organization"],"@id":"https:\/\/sorinionescu.org\/#\/schema\/person\/8b60c7d9c1322e6c108e45a89abb67ae","name":"Sorin Ionescu","image":{"@type":"ImageObject","inLanguage":"fr-FR","@id":"https:\/\/sorinionescu.org\/wp-content\/uploads\/2019\/08\/cropped-SorinLogo.png","url":"https:\/\/sorinionescu.org\/wp-content\/uploads\/2019\/08\/cropped-SorinLogo.png","contentUrl":"https:\/\/sorinionescu.org\/wp-content\/uploads\/2019\/08\/cropped-SorinLogo.png","width":126,"height":119,"caption":"Sorin Ionescu"},"logo":{"@id":"https:\/\/sorinionescu.org\/wp-content\/uploads\/2019\/08\/cropped-SorinLogo.png"},"sameAs":["https:\/\/sorinionescu.org"]}]}},"_links":{"self":[{"href":"https:\/\/sorinionescu.org\/fr\/wp-json\/wp\/v2\/pages\/52","targetHints":{"allow":["GET"]}}],"collection":[{"href":"https:\/\/sorinionescu.org\/fr\/wp-json\/wp\/v2\/pages"}],"about":[{"href":"https:\/\/sorinionescu.org\/fr\/wp-json\/wp\/v2\/types\/page"}],"author":[{"embeddable":true,"href":"https:\/\/sorinionescu.org\/fr\/wp-json\/wp\/v2\/users\/1"}],"replies":[{"embeddable":true,"href":"https:\/\/sorinionescu.org\/fr\/wp-json\/wp\/v2\/comments?post=52"}],"version-history":[{"count":5,"href":"https:\/\/sorinionescu.org\/fr\/wp-json\/wp\/v2\/pages\/52\/revisions"}],"predecessor-version":[{"id":303,"href":"https:\/\/sorinionescu.org\/fr\/wp-json\/wp\/v2\/pages\/52\/revisions\/303"}],"wp:attachment":[{"href":"https:\/\/sorinionescu.org\/fr\/wp-json\/wp\/v2\/media?parent=52"}],"curies":[{"name":"wp","href":"https:\/\/api.w.org\/{rel}","templated":true}]}}