{"id":524,"date":"2020-07-16T06:50:00","date_gmt":"2020-07-16T10:50:00","guid":{"rendered":"https:\/\/sorinionescu.org\/accueil\/"},"modified":"2020-07-16T06:50:00","modified_gmt":"2020-07-16T10:50:00","slug":"accueil","status":"publish","type":"page","link":"https:\/\/sorinionescu.org\/fr\/","title":{"rendered":"Accueil"},"content":{"rendered":"\t\t<div data-elementor-type=\"wp-post\" data-elementor-id=\"524\" class=\"elementor elementor-524 elementor-505\" data-elementor-post-type=\"page\">\n\t\t\t\t\t\t<section class=\"elementor-section elementor-top-section elementor-element elementor-element-e594fb2 elementor-section-boxed elementor-section-height-default elementor-section-height-default\" data-id=\"e594fb2\" data-element_type=\"section\">\n\t\t\t\t\t\t<div class=\"elementor-container elementor-column-gap-default\">\n\t\t\t\t\t<div class=\"elementor-column elementor-col-100 elementor-top-column elementor-element elementor-element-5778bf8\" data-id=\"5778bf8\" data-element_type=\"column\">\n\t\t\t<div class=\"elementor-widget-wrap elementor-element-populated\">\n\t\t\t\t\t\t<section class=\"elementor-section elementor-inner-section elementor-element elementor-element-16f8c1d elementor-section-boxed elementor-section-height-default elementor-section-height-default\" data-id=\"16f8c1d\" data-element_type=\"section\">\n\t\t\t\t\t\t<div class=\"elementor-container elementor-column-gap-default\">\n\t\t\t\t\t<div class=\"elementor-column elementor-col-50 elementor-inner-column elementor-element elementor-element-0aae901\" data-id=\"0aae901\" data-element_type=\"column\">\n\t\t\t<div class=\"elementor-widget-wrap elementor-element-populated\">\n\t\t\t\t\t\t<div class=\"elementor-element elementor-element-0d2472e elementor-widget elementor-widget-heading\" data-id=\"0d2472e\" data-element_type=\"widget\" data-widget_type=\"heading.default\">\n\t\t\t\t<div class=\"elementor-widget-container\">\n\t\t\t\t\t<h2 class=\"elementor-heading-title elementor-size-default\">Qui suis-je ?<\/h2>\t\t\t\t<\/div>\n\t\t\t\t<\/div>\n\t\t\t\t<div class=\"elementor-element elementor-element-e704e7e elementor-widget elementor-widget-text-editor\" data-id=\"e704e7e\" data-element_type=\"widget\" data-widget_type=\"text-editor.default\">\n\t\t\t\t<div class=\"elementor-widget-container\">\n\t\t\t\t\t\t\t\t\t<p>Je cherche le sens et la v\u00e9rit\u00e9.<\/p>\n<p>Je cherche \u00e0 trouver le sens dans un monde o\u00f9 il n&rsquo;est pas facile de comprendre.<\/p>\n<p>Je cherche \u00e0 faire une diff\u00e9rence en laissant le monde un peu meilleur que je ne l&rsquo;ai trouv\u00e9.<\/p>\n<p>Je cherche \u00e0 minimiser la souffrance par mes actions et mes pens\u00e9es.<\/p>\n<p>Je redoute que certaines r\u00e9cits soient \u00e9crits au plus profond de notre biologie, comme la comp\u00e9tition pr\u00e9datrice.<\/p>\n<p>Je redoute \u00e9galement certaines histoires issues de notre culture, comme le consum\u00e9risme et l&rsquo;individualisme.<\/p>\n<p>Je crains que les chances que la Terre \u00e9vite un effondrement catastrophique soient infiniment faibles.<\/p>\n\t\t\t\t\t\t\t\t<\/div>\n\t\t\t\t<\/div>\n\t\t\t\t\t<\/div>\n\t\t<\/div>\n\t\t\t\t<div class=\"elementor-column elementor-col-50 elementor-inner-column elementor-element elementor-element-bf5e334\" data-id=\"bf5e334\" data-element_type=\"column\">\n\t\t\t<div class=\"elementor-widget-wrap elementor-element-populated\">\n\t\t\t\t\t\t<div class=\"elementor-element elementor-element-a167d82 elementor-widget elementor-widget-image\" data-id=\"a167d82\" data-element_type=\"widget\" data-widget_type=\"image.default\">\n\t\t\t\t<div class=\"elementor-widget-container\">\n\t\t\t\t\t\t\t\t\t\t\t\t\t\t\t<img fetchpriority=\"high\" decoding=\"async\" width=\"800\" height=\"600\" src=\"https:\/\/sorinionescu.org\/wp-content\/uploads\/2020\/07\/Rock-1-1024x768.jpg\" class=\"attachment-large size-large wp-image-511\" alt=\"\" srcset=\"https:\/\/sorinionescu.org\/wp-content\/uploads\/2020\/07\/Rock-1-1024x768.jpg 1024w, https:\/\/sorinionescu.org\/wp-content\/uploads\/2020\/07\/Rock-1-300x225.jpg 300w, https:\/\/sorinionescu.org\/wp-content\/uploads\/2020\/07\/Rock-1-768x576.jpg 768w, https:\/\/sorinionescu.org\/wp-content\/uploads\/2020\/07\/Rock-1.jpg 1152w\" sizes=\"(max-width: 800px) 100vw, 800px\" \/>\t\t\t\t\t\t\t\t\t\t\t\t\t\t\t<\/div>\n\t\t\t\t<\/div>\n\t\t\t\t\t<\/div>\n\t\t<\/div>\n\t\t\t\t\t<\/div>\n\t\t<\/section>\n\t\t\t\t<section class=\"elementor-section elementor-inner-section elementor-element elementor-element-0a35555 elementor-section-boxed elementor-section-height-default elementor-section-height-default\" data-id=\"0a35555\" data-element_type=\"section\">\n\t\t\t\t\t\t<div class=\"elementor-container elementor-column-gap-default\">\n\t\t\t\t\t<div class=\"elementor-column elementor-col-50 elementor-inner-column elementor-element elementor-element-1e1e829\" data-id=\"1e1e829\" data-element_type=\"column\">\n\t\t\t<div class=\"elementor-widget-wrap elementor-element-populated\">\n\t\t\t\t\t\t<div class=\"elementor-element elementor-element-4c3cef4 elementor-widget elementor-widget-image\" data-id=\"4c3cef4\" data-element_type=\"widget\" data-widget_type=\"image.default\">\n\t\t\t\t<div class=\"elementor-widget-container\">\n\t\t\t\t\t\t\t\t\t\t\t\t\t\t\t<img decoding=\"async\" width=\"800\" height=\"400\" src=\"https:\/\/sorinionescu.org\/wp-content\/uploads\/2020\/07\/Altrusim-1024x512.jpg\" class=\"attachment-large size-large wp-image-515\" alt=\"\" srcset=\"https:\/\/sorinionescu.org\/wp-content\/uploads\/2020\/07\/Altrusim-1024x512.jpg 1024w, https:\/\/sorinionescu.org\/wp-content\/uploads\/2020\/07\/Altrusim-300x150.jpg 300w, https:\/\/sorinionescu.org\/wp-content\/uploads\/2020\/07\/Altrusim-768x384.jpg 768w, https:\/\/sorinionescu.org\/wp-content\/uploads\/2020\/07\/Altrusim.jpg 1040w\" sizes=\"(max-width: 800px) 100vw, 800px\" \/>\t\t\t\t\t\t\t\t\t\t\t\t\t\t\t<\/div>\n\t\t\t\t<\/div>\n\t\t\t\t\t<\/div>\n\t\t<\/div>\n\t\t\t\t<div class=\"elementor-column elementor-col-50 elementor-inner-column elementor-element elementor-element-f4af1dc\" data-id=\"f4af1dc\" data-element_type=\"column\">\n\t\t\t<div class=\"elementor-widget-wrap elementor-element-populated\">\n\t\t\t\t\t\t<div class=\"elementor-element elementor-element-f43795d elementor-widget elementor-widget-text-editor\" data-id=\"f43795d\" data-element_type=\"widget\" data-widget_type=\"text-editor.default\">\n\t\t\t\t<div class=\"elementor-widget-container\">\n\t\t\t\t\t\t\t\t\t<p>J&rsquo;ai foi en l&rsquo;altruisme, la bont\u00e9 et la compassion qui sont en chacun de nous.<\/p>\n<p>Je nourris le profond espoir que nous allons surmonter cette situation et je suis convaincu que la coop\u00e9ration et l&rsquo;intelligence collective coh\u00e9rente et bienveillante pr\u00e9vaudront.<\/p>\n\t\t\t\t\t\t\t\t<\/div>\n\t\t\t\t<\/div>\n\t\t\t\t\t<\/div>\n\t\t<\/div>\n\t\t\t\t\t<\/div>\n\t\t<\/section>\n\t\t\t\t<section class=\"elementor-section elementor-inner-section elementor-element elementor-element-b74443f elementor-section-boxed elementor-section-height-default elementor-section-height-default\" data-id=\"b74443f\" data-element_type=\"section\">\n\t\t\t\t\t\t<div class=\"elementor-container elementor-column-gap-default\">\n\t\t\t\t\t<div class=\"elementor-column elementor-col-50 elementor-inner-column elementor-element elementor-element-0f6a989\" data-id=\"0f6a989\" data-element_type=\"column\">\n\t\t\t<div class=\"elementor-widget-wrap elementor-element-populated\">\n\t\t\t\t\t\t<div class=\"elementor-element elementor-element-f70ce28 elementor-widget elementor-widget-text-editor\" data-id=\"f70ce28\" data-element_type=\"widget\" data-widget_type=\"text-editor.default\">\n\t\t\t\t<div class=\"elementor-widget-container\">\n\t\t\t\t\t\t\t\t\t<p>J&rsquo;\u00e9tais un ing\u00e9nieur logiciel canadien n\u00e9 en Roumanie.<\/p>\n<p>J&rsquo;ai quitt\u00e9 mon travail et ma maison, et je suis maintenant un nomade au service de la transition que doit traverser l&rsquo;humanit\u00e9, une petite cellule terrestre au service de l&rsquo;organisme de la plan\u00e8te Terre.<\/p>\n<p>Je suis un r\u00eaveur de jour et un travailleur de nuit.<\/p>\n<p>Je suis un amoureux de tout ce qui est beau et bon et je suis un chercheur de connexions profondes et authentiques.<\/p>\n<p>Par-dessus tout, je ne suis personne.<\/p>\n\t\t\t\t\t\t\t\t<\/div>\n\t\t\t\t<\/div>\n\t\t\t\t\t<\/div>\n\t\t<\/div>\n\t\t\t\t<div class=\"elementor-column elementor-col-50 elementor-inner-column elementor-element elementor-element-75fc519\" data-id=\"75fc519\" data-element_type=\"column\">\n\t\t\t<div class=\"elementor-widget-wrap elementor-element-populated\">\n\t\t\t\t\t\t<div class=\"elementor-element elementor-element-c914b74 elementor-widget elementor-widget-image\" data-id=\"c914b74\" data-element_type=\"widget\" data-widget_type=\"image.default\">\n\t\t\t\t<div class=\"elementor-widget-container\">\n\t\t\t\t\t\t\t\t\t\t\t\t\t\t\t<img decoding=\"async\" width=\"472\" height=\"354\" src=\"https:\/\/sorinionescu.org\/wp-content\/uploads\/2020\/07\/Nomad.jpg\" class=\"attachment-large size-large wp-image-519\" alt=\"\" srcset=\"https:\/\/sorinionescu.org\/wp-content\/uploads\/2020\/07\/Nomad.jpg 472w, https:\/\/sorinionescu.org\/wp-content\/uploads\/2020\/07\/Nomad-300x225.jpg 300w\" sizes=\"(max-width: 472px) 100vw, 472px\" \/>\t\t\t\t\t\t\t\t\t\t\t\t\t\t\t<\/div>\n\t\t\t\t<\/div>\n\t\t\t\t\t<\/div>\n\t\t<\/div>\n\t\t\t\t\t<\/div>\n\t\t<\/section>\n\t\t\t\t\t<\/div>\n\t\t<\/div>\n\t\t\t\t\t<\/div>\n\t\t<\/section>\n\t\t\t\t<\/div>\n\t\t","protected":false},"excerpt":{"rendered":"<p>Qui suis-je ? Je cherche le sens et la v\u00e9rit\u00e9. Je cherche \u00e0 trouver le sens dans un monde o\u00f9 il n&rsquo;est pas facile de comprendre. Je cherche \u00e0 faire une diff\u00e9rence en laissant le monde un peu meilleur que je ne l&rsquo;ai trouv\u00e9. Je cherche \u00e0 minimiser la souffrance par mes actions et mes [&hellip;]<\/p>\n","protected":false},"author":2,"featured_media":0,"parent":0,"menu_order":0,"comment_status":"closed","ping_status":"closed","template":"","meta":{"footnotes":""},"class_list":["post-524","page","type-page","status-publish","hentry"],"yoast_head":"<!-- This site is optimized with the Yoast SEO plugin v27.4 - https:\/\/yoast.com\/product\/yoast-seo-wordpress\/ -->\n<title>Accueil ~ Sorin Ionescu<\/title>\n<meta name=\"robots\" content=\"index, follow, max-snippet:-1, max-image-preview:large, max-video-preview:-1\" \/>\n<link rel=\"canonical\" href=\"https:\/\/sorinionescu.org\/fr\/\" \/>\n<meta property=\"og:locale\" content=\"fr_FR\" \/>\n<meta property=\"og:type\" content=\"article\" \/>\n<meta property=\"og:title\" content=\"Accueil ~ Sorin Ionescu\" \/>\n<meta property=\"og:description\" content=\"Qui suis-je ? Je cherche le sens et la v\u00e9rit\u00e9. Je cherche \u00e0 trouver le sens dans un monde o\u00f9 il n&rsquo;est pas facile de comprendre. Je cherche \u00e0 faire une diff\u00e9rence en laissant le monde un peu meilleur que je ne l&rsquo;ai trouv\u00e9. Je cherche \u00e0 minimiser la souffrance par mes actions et mes [&hellip;]\" \/>\n<meta property=\"og:url\" content=\"https:\/\/sorinionescu.org\/fr\/\" \/>\n<meta property=\"og:site_name\" content=\"Sorin Ionescu\" \/>\n<meta property=\"og:image\" content=\"https:\/\/sorinionescu.org\/wp-content\/uploads\/2020\/07\/Rock-1-1024x768.jpg\" \/>\n<meta name=\"twitter:card\" content=\"summary_large_image\" \/>\n<meta name=\"twitter:label1\" content=\"Dur\u00e9e de lecture estim\u00e9e\" \/>\n\t<meta name=\"twitter:data1\" content=\"1 minute\" \/>\n<script type=\"application\/ld+json\" class=\"yoast-schema-graph\">{\"@context\":\"https:\\\/\\\/schema.org\",\"@graph\":[{\"@type\":\"WebPage\",\"@id\":\"https:\\\/\\\/sorinionescu.org\\\/fr\\\/\",\"url\":\"https:\\\/\\\/sorinionescu.org\\\/fr\\\/\",\"name\":\"Accueil ~ Sorin Ionescu\",\"isPartOf\":{\"@id\":\"https:\\\/\\\/sorinionescu.org\\\/#website\"},\"primaryImageOfPage\":{\"@id\":\"https:\\\/\\\/sorinionescu.org\\\/fr\\\/#primaryimage\"},\"image\":{\"@id\":\"https:\\\/\\\/sorinionescu.org\\\/fr\\\/#primaryimage\"},\"thumbnailUrl\":\"https:\\\/\\\/sorinionescu.org\\\/wp-content\\\/uploads\\\/2020\\\/07\\\/Rock-1-1024x768.jpg\",\"datePublished\":\"2020-07-16T10:50:00+00:00\",\"breadcrumb\":{\"@id\":\"https:\\\/\\\/sorinionescu.org\\\/fr\\\/#breadcrumb\"},\"inLanguage\":\"fr-FR\",\"potentialAction\":[{\"@type\":\"ReadAction\",\"target\":[\"https:\\\/\\\/sorinionescu.org\\\/fr\\\/\"]}]},{\"@type\":\"ImageObject\",\"inLanguage\":\"fr-FR\",\"@id\":\"https:\\\/\\\/sorinionescu.org\\\/fr\\\/#primaryimage\",\"url\":\"https:\\\/\\\/sorinionescu.org\\\/wp-content\\\/uploads\\\/2020\\\/07\\\/Rock-1-1024x768.jpg\",\"contentUrl\":\"https:\\\/\\\/sorinionescu.org\\\/wp-content\\\/uploads\\\/2020\\\/07\\\/Rock-1-1024x768.jpg\"},{\"@type\":\"BreadcrumbList\",\"@id\":\"https:\\\/\\\/sorinionescu.org\\\/fr\\\/#breadcrumb\",\"itemListElement\":[{\"@type\":\"ListItem\",\"position\":1,\"name\":\"Home\",\"item\":\"https:\\\/\\\/sorinionescu.org\\\/fr\\\/\"},{\"@type\":\"ListItem\",\"position\":2,\"name\":\"Accueil\"}]},{\"@type\":\"WebSite\",\"@id\":\"https:\\\/\\\/sorinionescu.org\\\/#website\",\"url\":\"https:\\\/\\\/sorinionescu.org\\\/\",\"name\":\"Sorin Ionescu\",\"description\":\"\",\"publisher\":{\"@id\":\"https:\\\/\\\/sorinionescu.org\\\/#\\\/schema\\\/person\\\/8b60c7d9c1322e6c108e45a89abb67ae\"},\"potentialAction\":[{\"@type\":\"SearchAction\",\"target\":{\"@type\":\"EntryPoint\",\"urlTemplate\":\"https:\\\/\\\/sorinionescu.org\\\/?s={search_term_string}\"},\"query-input\":{\"@type\":\"PropertyValueSpecification\",\"valueRequired\":true,\"valueName\":\"search_term_string\"}}],\"inLanguage\":\"fr-FR\"},{\"@type\":[\"Person\",\"Organization\"],\"@id\":\"https:\\\/\\\/sorinionescu.org\\\/#\\\/schema\\\/person\\\/8b60c7d9c1322e6c108e45a89abb67ae\",\"name\":\"Sorin Ionescu\",\"image\":{\"@type\":\"ImageObject\",\"inLanguage\":\"fr-FR\",\"@id\":\"https:\\\/\\\/sorinionescu.org\\\/wp-content\\\/uploads\\\/2019\\\/08\\\/cropped-SorinLogo.png\",\"url\":\"https:\\\/\\\/sorinionescu.org\\\/wp-content\\\/uploads\\\/2019\\\/08\\\/cropped-SorinLogo.png\",\"contentUrl\":\"https:\\\/\\\/sorinionescu.org\\\/wp-content\\\/uploads\\\/2019\\\/08\\\/cropped-SorinLogo.png\",\"width\":126,\"height\":119,\"caption\":\"Sorin Ionescu\"},\"logo\":{\"@id\":\"https:\\\/\\\/sorinionescu.org\\\/wp-content\\\/uploads\\\/2019\\\/08\\\/cropped-SorinLogo.png\"},\"sameAs\":[\"https:\\\/\\\/sorinionescu.org\"]}]}<\/script>\n<!-- \/ Yoast SEO plugin. -->","yoast_head_json":{"title":"Accueil ~ Sorin Ionescu","robots":{"index":"index","follow":"follow","max-snippet":"max-snippet:-1","max-image-preview":"max-image-preview:large","max-video-preview":"max-video-preview:-1"},"canonical":"https:\/\/sorinionescu.org\/fr\/","og_locale":"fr_FR","og_type":"article","og_title":"Accueil ~ Sorin Ionescu","og_description":"Qui suis-je ? Je cherche le sens et la v\u00e9rit\u00e9. Je cherche \u00e0 trouver le sens dans un monde o\u00f9 il n&rsquo;est pas facile de comprendre. Je cherche \u00e0 faire une diff\u00e9rence en laissant le monde un peu meilleur que je ne l&rsquo;ai trouv\u00e9. Je cherche \u00e0 minimiser la souffrance par mes actions et mes [&hellip;]","og_url":"https:\/\/sorinionescu.org\/fr\/","og_site_name":"Sorin Ionescu","og_image":[{"url":"https:\/\/sorinionescu.org\/wp-content\/uploads\/2020\/07\/Rock-1-1024x768.jpg","type":"","width":"","height":""}],"twitter_card":"summary_large_image","twitter_misc":{"Dur\u00e9e de lecture estim\u00e9e":"1 minute"},"schema":{"@context":"https:\/\/schema.org","@graph":[{"@type":"WebPage","@id":"https:\/\/sorinionescu.org\/fr\/","url":"https:\/\/sorinionescu.org\/fr\/","name":"Accueil ~ Sorin Ionescu","isPartOf":{"@id":"https:\/\/sorinionescu.org\/#website"},"primaryImageOfPage":{"@id":"https:\/\/sorinionescu.org\/fr\/#primaryimage"},"image":{"@id":"https:\/\/sorinionescu.org\/fr\/#primaryimage"},"thumbnailUrl":"https:\/\/sorinionescu.org\/wp-content\/uploads\/2020\/07\/Rock-1-1024x768.jpg","datePublished":"2020-07-16T10:50:00+00:00","breadcrumb":{"@id":"https:\/\/sorinionescu.org\/fr\/#breadcrumb"},"inLanguage":"fr-FR","potentialAction":[{"@type":"ReadAction","target":["https:\/\/sorinionescu.org\/fr\/"]}]},{"@type":"ImageObject","inLanguage":"fr-FR","@id":"https:\/\/sorinionescu.org\/fr\/#primaryimage","url":"https:\/\/sorinionescu.org\/wp-content\/uploads\/2020\/07\/Rock-1-1024x768.jpg","contentUrl":"https:\/\/sorinionescu.org\/wp-content\/uploads\/2020\/07\/Rock-1-1024x768.jpg"},{"@type":"BreadcrumbList","@id":"https:\/\/sorinionescu.org\/fr\/#breadcrumb","itemListElement":[{"@type":"ListItem","position":1,"name":"Home","item":"https:\/\/sorinionescu.org\/fr\/"},{"@type":"ListItem","position":2,"name":"Accueil"}]},{"@type":"WebSite","@id":"https:\/\/sorinionescu.org\/#website","url":"https:\/\/sorinionescu.org\/","name":"Sorin Ionescu","description":"","publisher":{"@id":"https:\/\/sorinionescu.org\/#\/schema\/person\/8b60c7d9c1322e6c108e45a89abb67ae"},"potentialAction":[{"@type":"SearchAction","target":{"@type":"EntryPoint","urlTemplate":"https:\/\/sorinionescu.org\/?s={search_term_string}"},"query-input":{"@type":"PropertyValueSpecification","valueRequired":true,"valueName":"search_term_string"}}],"inLanguage":"fr-FR"},{"@type":["Person","Organization"],"@id":"https:\/\/sorinionescu.org\/#\/schema\/person\/8b60c7d9c1322e6c108e45a89abb67ae","name":"Sorin Ionescu","image":{"@type":"ImageObject","inLanguage":"fr-FR","@id":"https:\/\/sorinionescu.org\/wp-content\/uploads\/2019\/08\/cropped-SorinLogo.png","url":"https:\/\/sorinionescu.org\/wp-content\/uploads\/2019\/08\/cropped-SorinLogo.png","contentUrl":"https:\/\/sorinionescu.org\/wp-content\/uploads\/2019\/08\/cropped-SorinLogo.png","width":126,"height":119,"caption":"Sorin Ionescu"},"logo":{"@id":"https:\/\/sorinionescu.org\/wp-content\/uploads\/2019\/08\/cropped-SorinLogo.png"},"sameAs":["https:\/\/sorinionescu.org"]}]}},"_links":{"self":[{"href":"https:\/\/sorinionescu.org\/fr\/wp-json\/wp\/v2\/pages\/524","targetHints":{"allow":["GET"]}}],"collection":[{"href":"https:\/\/sorinionescu.org\/fr\/wp-json\/wp\/v2\/pages"}],"about":[{"href":"https:\/\/sorinionescu.org\/fr\/wp-json\/wp\/v2\/types\/page"}],"author":[{"embeddable":true,"href":"https:\/\/sorinionescu.org\/fr\/wp-json\/wp\/v2\/users\/2"}],"replies":[{"embeddable":true,"href":"https:\/\/sorinionescu.org\/fr\/wp-json\/wp\/v2\/comments?post=524"}],"version-history":[{"count":1,"href":"https:\/\/sorinionescu.org\/fr\/wp-json\/wp\/v2\/pages\/524\/revisions"}],"predecessor-version":[{"id":525,"href":"https:\/\/sorinionescu.org\/fr\/wp-json\/wp\/v2\/pages\/524\/revisions\/525"}],"wp:attachment":[{"href":"https:\/\/sorinionescu.org\/fr\/wp-json\/wp\/v2\/media?parent=524"}],"curies":[{"name":"wp","href":"https:\/\/api.w.org\/{rel}","templated":true}]}}