{"id":286,"date":"2019-11-25T02:41:26","date_gmt":"2019-11-25T07:41:26","guid":{"rendered":"https:\/\/sorinionescu.org\/a-proposito-di-me\/"},"modified":"2019-11-25T03:13:02","modified_gmt":"2019-11-25T08:13:02","slug":"a-proposito-di-me","status":"publish","type":"page","link":"https:\/\/sorinionescu.org\/it\/a-proposito-di-me\/","title":{"rendered":"A proposito di me"},"content":{"rendered":"\t\t<div data-elementor-type=\"wp-post\" data-elementor-id=\"286\" class=\"elementor elementor-286 elementor-2\" data-elementor-post-type=\"page\">\n\t\t\t\t\t\t<section class=\"elementor-section elementor-top-section elementor-element elementor-element-69ca028f elementor-section-boxed elementor-section-height-default elementor-section-height-default\" data-id=\"69ca028f\" data-element_type=\"section\">\n\t\t\t\t\t\t<div class=\"elementor-container elementor-column-gap-default\">\n\t\t\t\t\t<div class=\"elementor-column elementor-col-100 elementor-top-column elementor-element elementor-element-bfe7e47\" data-id=\"bfe7e47\" data-element_type=\"column\">\n\t\t\t<div class=\"elementor-widget-wrap elementor-element-populated\">\n\t\t\t\t\t\t<div class=\"elementor-element elementor-element-93bd454 elementor-widget elementor-widget-heading\" data-id=\"93bd454\" data-element_type=\"widget\" data-widget_type=\"heading.default\">\n\t\t\t\t<div class=\"elementor-widget-container\">\n\t\t\t\t\t<h2 class=\"elementor-heading-title elementor-size-default\">Il mio presente<\/h2>\t\t\t\t<\/div>\n\t\t\t\t<\/div>\n\t\t\t\t<div class=\"elementor-element elementor-element-d2f81db elementor-widget elementor-widget-image\" data-id=\"d2f81db\" data-element_type=\"widget\" data-widget_type=\"image.default\">\n\t\t\t\t<div class=\"elementor-widget-container\">\n\t\t\t\t\t\t\t\t\t\t\t\t\t\t\t<img decoding=\"async\" src=\"https:\/\/sorinionescu.org\/wp-content\/uploads\/2019\/08\/sorin.jpg\" title=\"\" alt=\"\" loading=\"lazy\" \/>\t\t\t\t\t\t\t\t\t\t\t\t\t\t\t<\/div>\n\t\t\t\t<\/div>\n\t\t\t\t<section class=\"elementor-section elementor-inner-section elementor-element elementor-element-59bf05a elementor-section-boxed elementor-section-height-default elementor-section-height-default\" data-id=\"59bf05a\" data-element_type=\"section\" data-settings=\"{&quot;background_background&quot;:&quot;classic&quot;}\">\n\t\t\t\t\t\t<div class=\"elementor-container elementor-column-gap-default\">\n\t\t\t\t\t<div class=\"elementor-column elementor-col-50 elementor-inner-column elementor-element elementor-element-35377f4\" data-id=\"35377f4\" data-element_type=\"column\" data-settings=\"{&quot;background_background&quot;:&quot;classic&quot;}\">\n\t\t\t<div class=\"elementor-widget-wrap elementor-element-populated\">\n\t\t\t\t\t\t<div class=\"elementor-element elementor-element-31da6e6 elementor-widget elementor-widget-text-editor\" data-id=\"31da6e6\" data-element_type=\"widget\" data-widget_type=\"text-editor.default\">\n\t\t\t\t<div class=\"elementor-widget-container\">\n\t\t\t\t\t\t\t\t\t<p>Ho conseguito un Master e una laurea in Ingegneria del Software presso l&#8217;Universit\u00e0 Concordia di Montreal e ho una formazione in intelligenza artificiale.<\/p>\n<p>Sono un autodidatta in filosofia, psicologia ed etica. Sono interessato alle neuroscienze e al buddismo, e al rapporto tra la nostra realt\u00e0 soggettiva interiore e la nostra realt\u00e0 oggettiva esterna. Sono un ambientalista, un antispeciesiste, un egualitario e un anarchico. Sono un attivista sociale, e credo che l&#8217;amore sia il motore pi\u00f9 potente nella ricerca di alleviare la sofferenza &#8211; la mia priorit\u00e0 etica principale &#8211; e mi sforzo di creare ponti e partenariati tra gruppi di cambiamento sociale con approcci diversi.<\/p>\n<p>Sono co-fondatore di <a href=\"https:\/\/veganoptioncanada.org\/\">Vegan Option Canada<\/a> e membro attivo dell&#8217;Organizzazione per la prevenzione della sofferenza intensa (<a href=\"http:\/\/www.preventsuffering.org\/\">OPIS<\/a>) e dell&#8217;<a href=\"https:\/\/algosphere.org\/\">Algosphere Alliance<\/a>. Attualmente sono un organizzatore comunitario di <a href=\"https:\/\/animalrebellionturtleisland.org\/\">Animal Rebellion Turtle Island <\/a>(Nord America). Sono coinvolto nel progetto CarbonFace.<\/p>\n\t\t\t\t\t\t\t\t<\/div>\n\t\t\t\t<\/div>\n\t\t\t\t\t<\/div>\n\t\t<\/div>\n\t\t\t\t<div class=\"elementor-column elementor-col-50 elementor-inner-column elementor-element elementor-element-38dfeff\" data-id=\"38dfeff\" data-element_type=\"column\">\n\t\t\t<div class=\"elementor-widget-wrap\">\n\t\t\t\t\t\t\t<\/div>\n\t\t<\/div>\n\t\t\t\t\t<\/div>\n\t\t<\/section>\n\t\t\t\t<div class=\"elementor-element elementor-element-54c7dc8 elementor-widget-divider--view-line elementor-widget elementor-widget-divider\" data-id=\"54c7dc8\" data-element_type=\"widget\" data-widget_type=\"divider.default\">\n\t\t\t\t<div class=\"elementor-widget-container\">\n\t\t\t\t\t\t\t<div class=\"elementor-divider\">\n\t\t\t<span class=\"elementor-divider-separator\">\n\t\t\t\t\t\t<\/span>\n\t\t<\/div>\n\t\t\t\t\t\t<\/div>\n\t\t\t\t<\/div>\n\t\t\t\t<div class=\"elementor-element elementor-element-f83c866 elementor-widget elementor-widget-text-editor\" data-id=\"f83c866\" data-element_type=\"widget\" data-widget_type=\"text-editor.default\">\n\t\t\t\t<div class=\"elementor-widget-container\">\n\t\t\t\t\t\t\t\t\t<p>Cerco di non vivere troppo nel passato, perch\u00e9 pu\u00f2 deprimere. Tuttavia, a volte una narrazione del passato \u00e8 interessante e se vuoi leggere un po&#8217; del <a href=\"https:\/\/sorinionescu.org\/il-mio-passato\/?lang=it\">mio passato<\/a> puoi farlo.<\/p>\n<p>Vivo un po&#8217; troppo in futuro, nonostante il pericolo che renda l&#8217;uomo ansioso.<\/p>\n\t\t\t\t\t\t\t\t<\/div>\n\t\t\t\t<\/div>\n\t\t\t\t<div class=\"elementor-element elementor-element-5e56462 elementor-shape-rounded elementor-grid-0 e-grid-align-center elementor-widget elementor-widget-social-icons\" data-id=\"5e56462\" data-element_type=\"widget\" data-widget_type=\"social-icons.default\">\n\t\t\t\t<div class=\"elementor-widget-container\">\n\t\t\t\t\t\t\t<div class=\"elementor-social-icons-wrapper elementor-grid\" role=\"list\">\n\t\t\t\t\t\t\t<span class=\"elementor-grid-item\" role=\"listitem\">\n\t\t\t\t\t<a class=\"elementor-icon elementor-social-icon elementor-social-icon-facebook elementor-repeater-item-a402aaf\" target=\"_blank\">\n\t\t\t\t\t\t<span class=\"elementor-screen-only\">Facebook<\/span>\n\t\t\t\t\t\t<i class=\"fab fa-facebook\"><\/i>\t\t\t\t\t<\/a>\n\t\t\t\t<\/span>\n\t\t\t\t\t\t\t<span class=\"elementor-grid-item\" role=\"listitem\">\n\t\t\t\t\t<a class=\"elementor-icon elementor-social-icon elementor-social-icon-linkedin elementor-repeater-item-ea4c686\" href=\"https:\/\/www.linkedin.com\/in\/sorin-ionescu-33526825\/\" target=\"_blank\">\n\t\t\t\t\t\t<span class=\"elementor-screen-only\">Linkedin<\/span>\n\t\t\t\t\t\t<i class=\"fab fa-linkedin\"><\/i>\t\t\t\t\t<\/a>\n\t\t\t\t<\/span>\n\t\t\t\t\t\t\t<span class=\"elementor-grid-item\" role=\"listitem\">\n\t\t\t\t\t<a class=\"elementor-icon elementor-social-icon elementor-social-icon-envelope elementor-repeater-item-19038ed\" href=\"mailto:sionescu.sangoma@gmail.com\" target=\"_blank\">\n\t\t\t\t\t\t<span class=\"elementor-screen-only\">Envelope<\/span>\n\t\t\t\t\t\t<i class=\"fas fa-envelope\"><\/i>\t\t\t\t\t<\/a>\n\t\t\t\t<\/span>\n\t\t\t\t\t\t\t<span class=\"elementor-grid-item\" role=\"listitem\">\n\t\t\t\t\t<a class=\"elementor-icon elementor-social-icon elementor-social-icon-whatsapp elementor-repeater-item-f19fc72\" href=\"https:\/\/www.facebook.com\/VeganSorin\" target=\"_blank\">\n\t\t\t\t\t\t<span class=\"elementor-screen-only\">Whatsapp<\/span>\n\t\t\t\t\t\t<i class=\"fab fa-whatsapp\"><\/i>\t\t\t\t\t<\/a>\n\t\t\t\t<\/span>\n\t\t\t\t\t<\/div>\n\t\t\t\t\t\t<\/div>\n\t\t\t\t<\/div>\n\t\t\t\t\t<\/div>\n\t\t<\/div>\n\t\t\t\t\t<\/div>\n\t\t<\/section>\n\t\t\t\t<\/div>\n\t\t","protected":false},"excerpt":{"rendered":"<p>Il mio presente Ho conseguito un Master e una laurea in Ingegneria del Software presso l&#8217;Universit\u00e0 Concordia di Montreal e ho una formazione in intelligenza artificiale. Sono un autodidatta in filosofia, psicologia ed etica. Sono interessato alle neuroscienze e al buddismo, e al rapporto tra la nostra realt\u00e0 soggettiva interiore e la nostra realt\u00e0 oggettiva [&hellip;]<\/p>\n","protected":false},"author":1,"featured_media":0,"parent":0,"menu_order":0,"comment_status":"closed","ping_status":"open","template":"","meta":{"footnotes":""},"class_list":["post-286","page","type-page","status-publish","hentry"],"yoast_head":"<!-- This site is optimized with the Yoast SEO plugin v27.4 - https:\/\/yoast.com\/product\/yoast-seo-wordpress\/ -->\n<title>A proposito di me ~ Sorin Ionescu<\/title>\n<meta name=\"robots\" content=\"index, follow, max-snippet:-1, max-image-preview:large, max-video-preview:-1\" \/>\n<link rel=\"canonical\" href=\"https:\/\/sorinionescu.org\/it\/a-proposito-di-me\/\" \/>\n<meta property=\"og:locale\" content=\"it_IT\" \/>\n<meta property=\"og:type\" content=\"article\" \/>\n<meta property=\"og:title\" content=\"A proposito di me ~ Sorin Ionescu\" \/>\n<meta property=\"og:description\" content=\"Il mio presente Ho conseguito un Master e una laurea in Ingegneria del Software presso l&#8217;Universit\u00e0 Concordia di Montreal e ho una formazione in intelligenza artificiale. Sono un autodidatta in filosofia, psicologia ed etica. Sono interessato alle neuroscienze e al buddismo, e al rapporto tra la nostra realt\u00e0 soggettiva interiore e la nostra realt\u00e0 oggettiva [&hellip;]\" \/>\n<meta property=\"og:url\" content=\"https:\/\/sorinionescu.org\/it\/a-proposito-di-me\/\" \/>\n<meta property=\"og:site_name\" content=\"Sorin Ionescu\" \/>\n<meta property=\"article:modified_time\" content=\"2019-11-25T08:13:02+00:00\" \/>\n<meta property=\"og:image\" content=\"https:\/\/sorinionescu.org\/wp-content\/uploads\/2019\/08\/sorin.jpg\" \/>\n<meta name=\"twitter:card\" content=\"summary_large_image\" \/>\n<meta name=\"twitter:label1\" content=\"Tempo di lettura stimato\" \/>\n\t<meta name=\"twitter:data1\" content=\"1 minuto\" \/>\n<script type=\"application\/ld+json\" class=\"yoast-schema-graph\">{\"@context\":\"https:\\\/\\\/schema.org\",\"@graph\":[{\"@type\":\"WebPage\",\"@id\":\"https:\\\/\\\/sorinionescu.org\\\/it\\\/a-proposito-di-me\\\/\",\"url\":\"https:\\\/\\\/sorinionescu.org\\\/it\\\/a-proposito-di-me\\\/\",\"name\":\"A proposito di me ~ Sorin Ionescu\",\"isPartOf\":{\"@id\":\"https:\\\/\\\/sorinionescu.org\\\/#website\"},\"primaryImageOfPage\":{\"@id\":\"https:\\\/\\\/sorinionescu.org\\\/it\\\/a-proposito-di-me\\\/#primaryimage\"},\"image\":{\"@id\":\"https:\\\/\\\/sorinionescu.org\\\/it\\\/a-proposito-di-me\\\/#primaryimage\"},\"thumbnailUrl\":\"https:\\\/\\\/sorinionescu.org\\\/wp-content\\\/uploads\\\/2019\\\/08\\\/sorin.jpg\",\"datePublished\":\"2019-11-25T07:41:26+00:00\",\"dateModified\":\"2019-11-25T08:13:02+00:00\",\"breadcrumb\":{\"@id\":\"https:\\\/\\\/sorinionescu.org\\\/it\\\/a-proposito-di-me\\\/#breadcrumb\"},\"inLanguage\":\"it-IT\",\"potentialAction\":[{\"@type\":\"ReadAction\",\"target\":[\"https:\\\/\\\/sorinionescu.org\\\/it\\\/a-proposito-di-me\\\/\"]}]},{\"@type\":\"ImageObject\",\"inLanguage\":\"it-IT\",\"@id\":\"https:\\\/\\\/sorinionescu.org\\\/it\\\/a-proposito-di-me\\\/#primaryimage\",\"url\":\"https:\\\/\\\/sorinionescu.org\\\/wp-content\\\/uploads\\\/2019\\\/08\\\/sorin.jpg\",\"contentUrl\":\"https:\\\/\\\/sorinionescu.org\\\/wp-content\\\/uploads\\\/2019\\\/08\\\/sorin.jpg\"},{\"@type\":\"BreadcrumbList\",\"@id\":\"https:\\\/\\\/sorinionescu.org\\\/it\\\/a-proposito-di-me\\\/#breadcrumb\",\"itemListElement\":[{\"@type\":\"ListItem\",\"position\":1,\"name\":\"Home\",\"item\":\"https:\\\/\\\/sorinionescu.org\\\/it\\\/\"},{\"@type\":\"ListItem\",\"position\":2,\"name\":\"A proposito di me\"}]},{\"@type\":\"WebSite\",\"@id\":\"https:\\\/\\\/sorinionescu.org\\\/#website\",\"url\":\"https:\\\/\\\/sorinionescu.org\\\/\",\"name\":\"Sorin Ionescu\",\"description\":\"\",\"publisher\":{\"@id\":\"https:\\\/\\\/sorinionescu.org\\\/#\\\/schema\\\/person\\\/8b60c7d9c1322e6c108e45a89abb67ae\"},\"potentialAction\":[{\"@type\":\"SearchAction\",\"target\":{\"@type\":\"EntryPoint\",\"urlTemplate\":\"https:\\\/\\\/sorinionescu.org\\\/?s={search_term_string}\"},\"query-input\":{\"@type\":\"PropertyValueSpecification\",\"valueRequired\":true,\"valueName\":\"search_term_string\"}}],\"inLanguage\":\"it-IT\"},{\"@type\":[\"Person\",\"Organization\"],\"@id\":\"https:\\\/\\\/sorinionescu.org\\\/#\\\/schema\\\/person\\\/8b60c7d9c1322e6c108e45a89abb67ae\",\"name\":\"Sorin Ionescu\",\"image\":{\"@type\":\"ImageObject\",\"inLanguage\":\"it-IT\",\"@id\":\"https:\\\/\\\/sorinionescu.org\\\/wp-content\\\/uploads\\\/2019\\\/08\\\/cropped-SorinLogo.png\",\"url\":\"https:\\\/\\\/sorinionescu.org\\\/wp-content\\\/uploads\\\/2019\\\/08\\\/cropped-SorinLogo.png\",\"contentUrl\":\"https:\\\/\\\/sorinionescu.org\\\/wp-content\\\/uploads\\\/2019\\\/08\\\/cropped-SorinLogo.png\",\"width\":126,\"height\":119,\"caption\":\"Sorin Ionescu\"},\"logo\":{\"@id\":\"https:\\\/\\\/sorinionescu.org\\\/wp-content\\\/uploads\\\/2019\\\/08\\\/cropped-SorinLogo.png\"},\"sameAs\":[\"https:\\\/\\\/sorinionescu.org\"]}]}<\/script>\n<!-- \/ Yoast SEO plugin. -->","yoast_head_json":{"title":"A proposito di me ~ Sorin Ionescu","robots":{"index":"index","follow":"follow","max-snippet":"max-snippet:-1","max-image-preview":"max-image-preview:large","max-video-preview":"max-video-preview:-1"},"canonical":"https:\/\/sorinionescu.org\/it\/a-proposito-di-me\/","og_locale":"it_IT","og_type":"article","og_title":"A proposito di me ~ Sorin Ionescu","og_description":"Il mio presente Ho conseguito un Master e una laurea in Ingegneria del Software presso l&#8217;Universit\u00e0 Concordia di Montreal e ho una formazione in intelligenza artificiale. Sono un autodidatta in filosofia, psicologia ed etica. Sono interessato alle neuroscienze e al buddismo, e al rapporto tra la nostra realt\u00e0 soggettiva interiore e la nostra realt\u00e0 oggettiva [&hellip;]","og_url":"https:\/\/sorinionescu.org\/it\/a-proposito-di-me\/","og_site_name":"Sorin Ionescu","article_modified_time":"2019-11-25T08:13:02+00:00","og_image":[{"url":"https:\/\/sorinionescu.org\/wp-content\/uploads\/2019\/08\/sorin.jpg","type":"","width":"","height":""}],"twitter_card":"summary_large_image","twitter_misc":{"Tempo di lettura stimato":"1 minuto"},"schema":{"@context":"https:\/\/schema.org","@graph":[{"@type":"WebPage","@id":"https:\/\/sorinionescu.org\/it\/a-proposito-di-me\/","url":"https:\/\/sorinionescu.org\/it\/a-proposito-di-me\/","name":"A proposito di me ~ Sorin Ionescu","isPartOf":{"@id":"https:\/\/sorinionescu.org\/#website"},"primaryImageOfPage":{"@id":"https:\/\/sorinionescu.org\/it\/a-proposito-di-me\/#primaryimage"},"image":{"@id":"https:\/\/sorinionescu.org\/it\/a-proposito-di-me\/#primaryimage"},"thumbnailUrl":"https:\/\/sorinionescu.org\/wp-content\/uploads\/2019\/08\/sorin.jpg","datePublished":"2019-11-25T07:41:26+00:00","dateModified":"2019-11-25T08:13:02+00:00","breadcrumb":{"@id":"https:\/\/sorinionescu.org\/it\/a-proposito-di-me\/#breadcrumb"},"inLanguage":"it-IT","potentialAction":[{"@type":"ReadAction","target":["https:\/\/sorinionescu.org\/it\/a-proposito-di-me\/"]}]},{"@type":"ImageObject","inLanguage":"it-IT","@id":"https:\/\/sorinionescu.org\/it\/a-proposito-di-me\/#primaryimage","url":"https:\/\/sorinionescu.org\/wp-content\/uploads\/2019\/08\/sorin.jpg","contentUrl":"https:\/\/sorinionescu.org\/wp-content\/uploads\/2019\/08\/sorin.jpg"},{"@type":"BreadcrumbList","@id":"https:\/\/sorinionescu.org\/it\/a-proposito-di-me\/#breadcrumb","itemListElement":[{"@type":"ListItem","position":1,"name":"Home","item":"https:\/\/sorinionescu.org\/it\/"},{"@type":"ListItem","position":2,"name":"A proposito di me"}]},{"@type":"WebSite","@id":"https:\/\/sorinionescu.org\/#website","url":"https:\/\/sorinionescu.org\/","name":"Sorin Ionescu","description":"","publisher":{"@id":"https:\/\/sorinionescu.org\/#\/schema\/person\/8b60c7d9c1322e6c108e45a89abb67ae"},"potentialAction":[{"@type":"SearchAction","target":{"@type":"EntryPoint","urlTemplate":"https:\/\/sorinionescu.org\/?s={search_term_string}"},"query-input":{"@type":"PropertyValueSpecification","valueRequired":true,"valueName":"search_term_string"}}],"inLanguage":"it-IT"},{"@type":["Person","Organization"],"@id":"https:\/\/sorinionescu.org\/#\/schema\/person\/8b60c7d9c1322e6c108e45a89abb67ae","name":"Sorin Ionescu","image":{"@type":"ImageObject","inLanguage":"it-IT","@id":"https:\/\/sorinionescu.org\/wp-content\/uploads\/2019\/08\/cropped-SorinLogo.png","url":"https:\/\/sorinionescu.org\/wp-content\/uploads\/2019\/08\/cropped-SorinLogo.png","contentUrl":"https:\/\/sorinionescu.org\/wp-content\/uploads\/2019\/08\/cropped-SorinLogo.png","width":126,"height":119,"caption":"Sorin Ionescu"},"logo":{"@id":"https:\/\/sorinionescu.org\/wp-content\/uploads\/2019\/08\/cropped-SorinLogo.png"},"sameAs":["https:\/\/sorinionescu.org"]}]}},"_links":{"self":[{"href":"https:\/\/sorinionescu.org\/it\/wp-json\/wp\/v2\/pages\/286","targetHints":{"allow":["GET"]}}],"collection":[{"href":"https:\/\/sorinionescu.org\/it\/wp-json\/wp\/v2\/pages"}],"about":[{"href":"https:\/\/sorinionescu.org\/it\/wp-json\/wp\/v2\/types\/page"}],"author":[{"embeddable":true,"href":"https:\/\/sorinionescu.org\/it\/wp-json\/wp\/v2\/users\/1"}],"replies":[{"embeddable":true,"href":"https:\/\/sorinionescu.org\/it\/wp-json\/wp\/v2\/comments?post=286"}],"version-history":[{"count":2,"href":"https:\/\/sorinionescu.org\/it\/wp-json\/wp\/v2\/pages\/286\/revisions"}],"predecessor-version":[{"id":304,"href":"https:\/\/sorinionescu.org\/it\/wp-json\/wp\/v2\/pages\/286\/revisions\/304"}],"wp:attachment":[{"href":"https:\/\/sorinionescu.org\/it\/wp-json\/wp\/v2\/media?parent=286"}],"curies":[{"name":"wp","href":"https:\/\/api.w.org\/{rel}","templated":true}]}}