{"id":290,"date":"2019-11-25T02:51:00","date_gmt":"2019-11-25T07:51:00","guid":{"rendered":"https:\/\/sorinionescu.org\/il-mio-passato\/"},"modified":"2019-11-25T02:51:00","modified_gmt":"2019-11-25T07:51:00","slug":"il-mio-passato","status":"publish","type":"page","link":"https:\/\/sorinionescu.org\/it\/il-mio-passato\/","title":{"rendered":"Il mio passato"},"content":{"rendered":"\t\t<div data-elementor-type=\"wp-post\" data-elementor-id=\"290\" class=\"elementor elementor-290 elementor-277\" data-elementor-post-type=\"page\">\n\t\t\t\t\t\t<section class=\"elementor-section elementor-inner-section elementor-element elementor-element-c9ffd72 elementor-section-boxed elementor-section-height-default elementor-section-height-default\" data-id=\"c9ffd72\" data-element_type=\"section\">\n\t\t\t\t\t\t<div class=\"elementor-container elementor-column-gap-default\">\n\t\t\t\t\t<div class=\"elementor-column elementor-col-50 elementor-inner-column elementor-element elementor-element-e79321f\" data-id=\"e79321f\" data-element_type=\"column\">\n\t\t\t<div class=\"elementor-widget-wrap elementor-element-populated\">\n\t\t\t\t\t\t<div class=\"elementor-element elementor-element-457f12d elementor-widget elementor-widget-image\" data-id=\"457f12d\" data-element_type=\"widget\" data-widget_type=\"image.default\">\n\t\t\t\t<div class=\"elementor-widget-container\">\n\t\t\t\t\t\t\t\t\t\t\t\t\t\t\t<img decoding=\"async\" src=\"https:\/\/sorinionescu.org\/wp-content\/uploads\/2019\/11\/baby-me-dad-1.jpg\" title=\"\" alt=\"\" loading=\"lazy\" \/>\t\t\t\t\t\t\t\t\t\t\t\t\t\t\t<\/div>\n\t\t\t\t<\/div>\n\t\t\t\t\t<\/div>\n\t\t<\/div>\n\t\t\t\t<div class=\"elementor-column elementor-col-50 elementor-inner-column elementor-element elementor-element-8feda85\" data-id=\"8feda85\" data-element_type=\"column\">\n\t\t\t<div class=\"elementor-widget-wrap elementor-element-populated\">\n\t\t\t\t\t\t<div class=\"elementor-element elementor-element-e705ea5 elementor-widget elementor-widget-heading\" data-id=\"e705ea5\" data-element_type=\"widget\" data-widget_type=\"heading.default\">\n\t\t\t\t<div class=\"elementor-widget-container\">\n\t\t\t\t\t<h3 class=\"elementor-heading-title elementor-size-default\">Prima Vita<\/h3>\t\t\t\t<\/div>\n\t\t\t\t<\/div>\n\t\t\t\t<div class=\"elementor-element elementor-element-a5a1a79 elementor-widget elementor-widget-text-editor\" data-id=\"a5a1a79\" data-element_type=\"widget\" data-widget_type=\"text-editor.default\">\n\t\t\t\t<div class=\"elementor-widget-container\">\n\t\t\t\t\t\t\t\t\t<p>Sono nato nella terra degli antichi Dacs, oggi conosciuta come Romania. (Non mi identifico come se avessi una nazionalit\u00e0 pi\u00f9 di un&#8217;altra). Sono cresciuto nel comunismo sotto la dittatura di Ceausescu. Avevo nove anni durante la rivoluzione e ricordo ancora il rumore dei proiettili mentre mi nascondevo nel corridoio del nostro appartamento. Ricordo ancora di avere solo un&#8217;arancia all&#8217;anno a Natale, crescendo senza elettricit\u00e0, riscaldamento o acqua (fredda o calda) e mia nonna che trovava un topo morto in mezzo a una pagnotta di pane.<\/p>\n\t\t\t\t\t\t\t\t<\/div>\n\t\t\t\t<\/div>\n\t\t\t\t\t<\/div>\n\t\t<\/div>\n\t\t\t\t\t<\/div>\n\t\t<\/section>\n\t\t\t\t<section class=\"elementor-section elementor-inner-section elementor-element elementor-element-ef620c8 elementor-section-boxed elementor-section-height-default elementor-section-height-default\" data-id=\"ef620c8\" data-element_type=\"section\">\n\t\t\t\t\t\t<div class=\"elementor-container elementor-column-gap-default\">\n\t\t\t\t\t<div class=\"elementor-column elementor-col-50 elementor-inner-column elementor-element elementor-element-f9bba63\" data-id=\"f9bba63\" data-element_type=\"column\">\n\t\t\t<div class=\"elementor-widget-wrap elementor-element-populated\">\n\t\t\t\t\t\t<div class=\"elementor-element elementor-element-a97c8b7 elementor-widget elementor-widget-text-editor\" data-id=\"a97c8b7\" data-element_type=\"widget\" data-widget_type=\"text-editor.default\">\n\t\t\t\t<div class=\"elementor-widget-container\">\n\t\t\t\t\t\t\t\t\t<p>Ho vissuto in prima persona la scarsit\u00e0 economica e la povert\u00e0 del falso regime comunista nei paesi dell&#8217;Europa orientale, anche se la mia famiglia apparteneva alla classe media superiore &#8211; eravamo ricchi per gli standard rumeni. Mio padre era un brillante professore universitario di meccanica e mia madre un ingegnere civile di una certa influenza. Tuttavia, entrambi non facevano parte del partito comunista a causa dei loro valori e la nostra famiglia ne ha sofferto di conseguenza. La corruzione del paese \u00e8 stata imposta su di loro come lo \u00e8 stata su tutti loro. Mio padre \u00e8 stato molto colpito dal fatto che \u00e8 stato costretto a dare voti alti in modo che gli studenti riuscissero non secondo gli standard accademici, ma secondo la loro appartenenza e la loro influenza nel partito.<\/p>\n\t\t\t\t\t\t\t\t<\/div>\n\t\t\t\t<\/div>\n\t\t\t\t\t<\/div>\n\t\t<\/div>\n\t\t\t\t<div class=\"elementor-column elementor-col-50 elementor-inner-column elementor-element elementor-element-9f04b79\" data-id=\"9f04b79\" data-element_type=\"column\">\n\t\t\t<div class=\"elementor-widget-wrap elementor-element-populated\">\n\t\t\t\t\t\t<div class=\"elementor-element elementor-element-d6ac57c elementor-widget elementor-widget-image\" data-id=\"d6ac57c\" data-element_type=\"widget\" data-widget_type=\"image.default\">\n\t\t\t\t<div class=\"elementor-widget-container\">\n\t\t\t\t\t\t\t\t\t\t\t\t\t\t\t<img decoding=\"async\" src=\"https:\/\/sorinionescu.org\/wp-content\/uploads\/2019\/11\/me-in-romania.jpg\" title=\"\" alt=\"\" loading=\"lazy\" \/>\t\t\t\t\t\t\t\t\t\t\t\t\t\t\t<\/div>\n\t\t\t\t<\/div>\n\t\t\t\t\t<\/div>\n\t\t<\/div>\n\t\t\t\t\t<\/div>\n\t\t<\/section>\n\t\t\t\t<section class=\"elementor-section elementor-top-section elementor-element elementor-element-c67ca31 elementor-section-boxed elementor-section-height-default elementor-section-height-default\" data-id=\"c67ca31\" data-element_type=\"section\">\n\t\t\t\t\t\t<div class=\"elementor-container elementor-column-gap-default\">\n\t\t\t\t\t<div class=\"elementor-column elementor-col-100 elementor-top-column elementor-element elementor-element-538ede8\" data-id=\"538ede8\" data-element_type=\"column\">\n\t\t\t<div class=\"elementor-widget-wrap elementor-element-populated\">\n\t\t\t\t\t\t<div class=\"elementor-element elementor-element-19a97ef elementor-widget elementor-widget-text-editor\" data-id=\"19a97ef\" data-element_type=\"widget\" data-widget_type=\"text-editor.default\">\n\t\t\t\t<div class=\"elementor-widget-container\">\n\t\t\t\t\t\t\t\t\t<p>Un anno dopo la caduta del regime comunista, delusi dall&#8217;alto grado di corruzione del nuovo governo rumeno e dal fatto che le cose non erano cambiate affatto, i miei genitori sono partiti per l&#8217;Italia. Non sono tornati per tre anni e durante questo periodo ho passato il mio tempo con i miei nonni. In Italia non avevano il permesso di lavoro e potevano vivere con redditi bassi e altri lavori nel mercato nero. Infine, \u00e8 stato concesso loro il diritto di venire in Canada come residenti permanenti come rifugiati.<\/p>\n\t\t\t\t\t\t\t\t<\/div>\n\t\t\t\t<\/div>\n\t\t\t\t\t<\/div>\n\t\t<\/div>\n\t\t\t\t\t<\/div>\n\t\t<\/section>\n\t\t\t\t<section class=\"elementor-section elementor-top-section elementor-element elementor-element-f1b7120 elementor-section-boxed elementor-section-height-default elementor-section-height-default\" data-id=\"f1b7120\" data-element_type=\"section\">\n\t\t\t\t\t\t<div class=\"elementor-container elementor-column-gap-default\">\n\t\t\t\t\t<div class=\"elementor-column elementor-col-100 elementor-top-column elementor-element elementor-element-c150645\" data-id=\"c150645\" data-element_type=\"column\">\n\t\t\t<div class=\"elementor-widget-wrap elementor-element-populated\">\n\t\t\t\t\t\t<div class=\"elementor-element elementor-element-7b55376 elementor-widget-divider--view-line elementor-widget elementor-widget-divider\" data-id=\"7b55376\" data-element_type=\"widget\" data-widget_type=\"divider.default\">\n\t\t\t\t<div class=\"elementor-widget-container\">\n\t\t\t\t\t\t\t<div class=\"elementor-divider\">\n\t\t\t<span class=\"elementor-divider-separator\">\n\t\t\t\t\t\t<\/span>\n\t\t<\/div>\n\t\t\t\t\t\t<\/div>\n\t\t\t\t<\/div>\n\t\t\t\t\t<\/div>\n\t\t<\/div>\n\t\t\t\t\t<\/div>\n\t\t<\/section>\n\t\t\t\t<section class=\"elementor-section elementor-top-section elementor-element elementor-element-b9adda6 elementor-section-boxed elementor-section-height-default elementor-section-height-default\" data-id=\"b9adda6\" data-element_type=\"section\">\n\t\t\t\t\t\t<div class=\"elementor-container elementor-column-gap-default\">\n\t\t\t\t\t<div class=\"elementor-column elementor-col-100 elementor-top-column elementor-element elementor-element-9e1626b\" data-id=\"9e1626b\" data-element_type=\"column\">\n\t\t\t<div class=\"elementor-widget-wrap elementor-element-populated\">\n\t\t\t\t\t\t<div class=\"elementor-element elementor-element-cd8ef3f elementor-widget elementor-widget-heading\" data-id=\"cd8ef3f\" data-element_type=\"widget\" data-widget_type=\"heading.default\">\n\t\t\t\t<div class=\"elementor-widget-container\">\n\t\t\t\t\t<h3 class=\"elementor-heading-title elementor-size-default\">I miei anni dell'adolescenza<\/h3>\t\t\t\t<\/div>\n\t\t\t\t<\/div>\n\t\t\t\t\t<\/div>\n\t\t<\/div>\n\t\t\t\t\t<\/div>\n\t\t<\/section>\n\t\t\t\t<section class=\"elementor-section elementor-top-section elementor-element elementor-element-2495f7d elementor-section-boxed elementor-section-height-default elementor-section-height-default\" data-id=\"2495f7d\" data-element_type=\"section\">\n\t\t\t\t\t\t<div class=\"elementor-container elementor-column-gap-default\">\n\t\t\t\t\t<div class=\"elementor-column elementor-col-100 elementor-top-column elementor-element elementor-element-f3bd643\" data-id=\"f3bd643\" data-element_type=\"column\">\n\t\t\t<div class=\"elementor-widget-wrap elementor-element-populated\">\n\t\t\t\t\t\t<div class=\"elementor-element elementor-element-d40db09 elementor-widget elementor-widget-text-editor\" data-id=\"d40db09\" data-element_type=\"widget\" data-widget_type=\"text-editor.default\">\n\t\t\t\t<div class=\"elementor-widget-container\">\n\t\t\t\t\t\t\t\t\t<p>Come la maggior parte dei tredicenni, non mi piaceva essere portato via dai miei amici e dal mio noto ambiente tre volte di fila &#8211; una volta quando i miei genitori andavano in Italia e io dovevo andare a vivere con i miei nonni, una volta quando mi sono unito a loro per vivere un anno in Italia e una terza volta quando siamo arrivati a Turtle Island (nel territorio rivendicato dallo stato canadese).<\/p>\n<p>A scuola, il mio rendimento scolastico, la mia fragile anatomia e l&#8217;atteggiamento educato mi hanno reso il bersaglio ideale per il bullismo. Sono stato spinto dai miei genitori che non hanno mai perso un&#8217;occasione per ricordarmi il sacrificio che mi hanno fatto per portarmi in un paese dove avrei avuto la possibilit\u00e0 di &#8220;avere successo&#8221; in un modo che loro non avrebbero mai potuto fare. Nonostante questo, disprezzavo silenziosamente gli studi e la scuola (quindi non ho mai studiato veramente) e tutte le altre forme di autorit\u00e0.<\/p>\n<p>La necessit\u00e0 di conformarmi mi ha costretto a fare le stesse scelte di tutti gli altri.<\/p>\n\t\t\t\t\t\t\t\t<\/div>\n\t\t\t\t<\/div>\n\t\t\t\t\t<\/div>\n\t\t<\/div>\n\t\t\t\t\t<\/div>\n\t\t<\/section>\n\t\t\t\t<section class=\"elementor-section elementor-inner-section elementor-element elementor-element-1972aca elementor-section-boxed elementor-section-height-default elementor-section-height-default\" data-id=\"1972aca\" data-element_type=\"section\">\n\t\t\t\t\t\t<div class=\"elementor-container elementor-column-gap-default\">\n\t\t\t\t\t<div class=\"elementor-column elementor-col-50 elementor-inner-column elementor-element elementor-element-ae01185\" data-id=\"ae01185\" data-element_type=\"column\">\n\t\t\t<div class=\"elementor-widget-wrap elementor-element-populated\">\n\t\t\t\t\t\t<div class=\"elementor-element elementor-element-66eedba elementor-widget elementor-widget-heading\" data-id=\"66eedba\" data-element_type=\"widget\" data-widget_type=\"heading.default\">\n\t\t\t\t<div class=\"elementor-widget-container\">\n\t\t\t\t\t<h3 class=\"elementor-heading-title elementor-size-default\">Primi carrer<\/h3>\t\t\t\t<\/div>\n\t\t\t\t<\/div>\n\t\t\t\t<div class=\"elementor-element elementor-element-99f65ca elementor-widget elementor-widget-image\" data-id=\"99f65ca\" data-element_type=\"widget\" data-widget_type=\"image.default\">\n\t\t\t\t<div class=\"elementor-widget-container\">\n\t\t\t\t\t\t\t\t\t\t\t\t\t\t\t<img decoding=\"async\" src=\"https:\/\/sorinionescu.org\/wp-content\/uploads\/2019\/11\/university.png\" title=\"\" alt=\"\" loading=\"lazy\" \/>\t\t\t\t\t\t\t\t\t\t\t\t\t\t\t<\/div>\n\t\t\t\t<\/div>\n\t\t\t\t\t<\/div>\n\t\t<\/div>\n\t\t\t\t<div class=\"elementor-column elementor-col-50 elementor-inner-column elementor-element elementor-element-ff4a560\" data-id=\"ff4a560\" data-element_type=\"column\">\n\t\t\t<div class=\"elementor-widget-wrap elementor-element-populated\">\n\t\t\t\t\t\t<div class=\"elementor-element elementor-element-3f38b7e elementor-widget elementor-widget-text-editor\" data-id=\"3f38b7e\" data-element_type=\"widget\" data-widget_type=\"text-editor.default\">\n\t\t\t\t<div class=\"elementor-widget-container\">\n\t\t\t\t\t\t\t\t\t<p>Ho dovuto scegliere una carriera. Mia madre voleva che diventassi medico. Mio padre mi ha consigliato di non farlo a causa della mia incapacit\u00e0 di essere disciplinata. Mi ha suggerito che l&#8217;ingegneria del software potrebbe essere una buona scelta date le mie capacit\u00e0 matematiche. Ero un nichilista che non pensava che nulla avesse senso e voleva divertirsi fino al giorno della mia morte. Sono diventato un ingegnere del software.<\/p>\n<p>I primi anni furono buoni. Ho fatto un sacco di soldi e mi sono procurato un po&#8217; di dopamina risolvendo problemi di programmazione. Ho iniziato a vivere il &#8220;sogno americano&#8221;. Mi resi subito conto delle crepe del sistema a scopo di lucro e, per compensare, ricorrei all&#8217;alcolismo del fine settimana. A ventotto anni, ero al top della mia carriera e avevo quasi tutto quello che si supponeva di avere per gli standard della societ\u00e0. L&#8217;unica cosa che mancava era la felicit\u00e0. Ho fatto l&#8217;unica cosa che il mio corpo mi ha permesso di fare, ho avuto il mio primo incidente e bruciare e riavviare il mio sistema.<\/p>\n<p>Mio padre mor\u00ec di cancro poco dopo, lasciandomi nella pi\u00f9 grande oscurit\u00e0 della mia vita. Avevo vissuto la mia vita nella sua ombra, senza prendere decisioni personali, confidando nel suo giudizio prima di tutto. Il suo splendore era ineguagliabile ai miei occhi, ma la sua ambizione e la sua volont\u00e0 furono infrante dal nostro sistema tossico. Mi ricordo ancora di avergli chiesto perch\u00e9 non aveva usato le sue capacit\u00e0 per cambiare il nostro sistema. Ricorder\u00f2 sempre che mi ha detto con sguardo nostalgico, che un giorno capir\u00f2 (ancora non lo capisco).<\/p>\n\t\t\t\t\t\t\t\t<\/div>\n\t\t\t\t<\/div>\n\t\t\t\t\t<\/div>\n\t\t<\/div>\n\t\t\t\t\t<\/div>\n\t\t<\/section>\n\t\t\t\t<\/div>\n\t\t","protected":false},"excerpt":{"rendered":"<p>Prima Vita Sono nato nella terra degli antichi Dacs, oggi conosciuta come Romania. (Non mi identifico come se avessi una nazionalit\u00e0 pi\u00f9 di un&#8217;altra). Sono cresciuto nel comunismo sotto la dittatura di Ceausescu. Avevo nove anni durante la rivoluzione e ricordo ancora il rumore dei proiettili mentre mi nascondevo nel corridoio del nostro appartamento. Ricordo [&hellip;]<\/p>\n","protected":false},"author":2,"featured_media":0,"parent":0,"menu_order":0,"comment_status":"closed","ping_status":"closed","template":"","meta":{"footnotes":""},"class_list":["post-290","page","type-page","status-publish","hentry"],"yoast_head":"<!-- This site is optimized with the Yoast SEO plugin v27.4 - https:\/\/yoast.com\/product\/yoast-seo-wordpress\/ -->\n<title>Il mio passato ~ Sorin Ionescu<\/title>\n<meta name=\"robots\" content=\"index, follow, max-snippet:-1, max-image-preview:large, max-video-preview:-1\" \/>\n<link rel=\"canonical\" href=\"https:\/\/sorinionescu.org\/it\/il-mio-passato\/\" \/>\n<meta property=\"og:locale\" content=\"it_IT\" \/>\n<meta property=\"og:type\" content=\"article\" \/>\n<meta property=\"og:title\" content=\"Il mio passato ~ Sorin Ionescu\" \/>\n<meta property=\"og:description\" content=\"Prima Vita Sono nato nella terra degli antichi Dacs, oggi conosciuta come Romania. (Non mi identifico come se avessi una nazionalit\u00e0 pi\u00f9 di un&#8217;altra). Sono cresciuto nel comunismo sotto la dittatura di Ceausescu. Avevo nove anni durante la rivoluzione e ricordo ancora il rumore dei proiettili mentre mi nascondevo nel corridoio del nostro appartamento. Ricordo [&hellip;]\" \/>\n<meta property=\"og:url\" content=\"https:\/\/sorinionescu.org\/it\/il-mio-passato\/\" \/>\n<meta property=\"og:site_name\" content=\"Sorin Ionescu\" \/>\n<meta property=\"og:image\" content=\"https:\/\/sorinionescu.org\/wp-content\/uploads\/2019\/11\/baby-me-dad-1.jpg\" \/>\n<meta name=\"twitter:card\" content=\"summary_large_image\" \/>\n<meta name=\"twitter:label1\" content=\"Tempo di lettura stimato\" \/>\n\t<meta name=\"twitter:data1\" content=\"4 minuti\" \/>\n<script type=\"application\/ld+json\" class=\"yoast-schema-graph\">{\"@context\":\"https:\\\/\\\/schema.org\",\"@graph\":[{\"@type\":\"WebPage\",\"@id\":\"https:\\\/\\\/sorinionescu.org\\\/it\\\/il-mio-passato\\\/\",\"url\":\"https:\\\/\\\/sorinionescu.org\\\/it\\\/il-mio-passato\\\/\",\"name\":\"Il mio passato ~ Sorin Ionescu\",\"isPartOf\":{\"@id\":\"https:\\\/\\\/sorinionescu.org\\\/#website\"},\"primaryImageOfPage\":{\"@id\":\"https:\\\/\\\/sorinionescu.org\\\/it\\\/il-mio-passato\\\/#primaryimage\"},\"image\":{\"@id\":\"https:\\\/\\\/sorinionescu.org\\\/it\\\/il-mio-passato\\\/#primaryimage\"},\"thumbnailUrl\":\"https:\\\/\\\/sorinionescu.org\\\/wp-content\\\/uploads\\\/2019\\\/11\\\/baby-me-dad-1.jpg\",\"datePublished\":\"2019-11-25T07:51:00+00:00\",\"breadcrumb\":{\"@id\":\"https:\\\/\\\/sorinionescu.org\\\/it\\\/il-mio-passato\\\/#breadcrumb\"},\"inLanguage\":\"it-IT\",\"potentialAction\":[{\"@type\":\"ReadAction\",\"target\":[\"https:\\\/\\\/sorinionescu.org\\\/it\\\/il-mio-passato\\\/\"]}]},{\"@type\":\"ImageObject\",\"inLanguage\":\"it-IT\",\"@id\":\"https:\\\/\\\/sorinionescu.org\\\/it\\\/il-mio-passato\\\/#primaryimage\",\"url\":\"https:\\\/\\\/sorinionescu.org\\\/wp-content\\\/uploads\\\/2019\\\/11\\\/baby-me-dad-1.jpg\",\"contentUrl\":\"https:\\\/\\\/sorinionescu.org\\\/wp-content\\\/uploads\\\/2019\\\/11\\\/baby-me-dad-1.jpg\"},{\"@type\":\"BreadcrumbList\",\"@id\":\"https:\\\/\\\/sorinionescu.org\\\/it\\\/il-mio-passato\\\/#breadcrumb\",\"itemListElement\":[{\"@type\":\"ListItem\",\"position\":1,\"name\":\"Home\",\"item\":\"https:\\\/\\\/sorinionescu.org\\\/it\\\/\"},{\"@type\":\"ListItem\",\"position\":2,\"name\":\"Il mio passato\"}]},{\"@type\":\"WebSite\",\"@id\":\"https:\\\/\\\/sorinionescu.org\\\/#website\",\"url\":\"https:\\\/\\\/sorinionescu.org\\\/\",\"name\":\"Sorin Ionescu\",\"description\":\"\",\"publisher\":{\"@id\":\"https:\\\/\\\/sorinionescu.org\\\/#\\\/schema\\\/person\\\/8b60c7d9c1322e6c108e45a89abb67ae\"},\"potentialAction\":[{\"@type\":\"SearchAction\",\"target\":{\"@type\":\"EntryPoint\",\"urlTemplate\":\"https:\\\/\\\/sorinionescu.org\\\/?s={search_term_string}\"},\"query-input\":{\"@type\":\"PropertyValueSpecification\",\"valueRequired\":true,\"valueName\":\"search_term_string\"}}],\"inLanguage\":\"it-IT\"},{\"@type\":[\"Person\",\"Organization\"],\"@id\":\"https:\\\/\\\/sorinionescu.org\\\/#\\\/schema\\\/person\\\/8b60c7d9c1322e6c108e45a89abb67ae\",\"name\":\"Sorin Ionescu\",\"image\":{\"@type\":\"ImageObject\",\"inLanguage\":\"it-IT\",\"@id\":\"https:\\\/\\\/sorinionescu.org\\\/wp-content\\\/uploads\\\/2019\\\/08\\\/cropped-SorinLogo.png\",\"url\":\"https:\\\/\\\/sorinionescu.org\\\/wp-content\\\/uploads\\\/2019\\\/08\\\/cropped-SorinLogo.png\",\"contentUrl\":\"https:\\\/\\\/sorinionescu.org\\\/wp-content\\\/uploads\\\/2019\\\/08\\\/cropped-SorinLogo.png\",\"width\":126,\"height\":119,\"caption\":\"Sorin Ionescu\"},\"logo\":{\"@id\":\"https:\\\/\\\/sorinionescu.org\\\/wp-content\\\/uploads\\\/2019\\\/08\\\/cropped-SorinLogo.png\"},\"sameAs\":[\"https:\\\/\\\/sorinionescu.org\"]}]}<\/script>\n<!-- \/ Yoast SEO plugin. -->","yoast_head_json":{"title":"Il mio passato ~ Sorin Ionescu","robots":{"index":"index","follow":"follow","max-snippet":"max-snippet:-1","max-image-preview":"max-image-preview:large","max-video-preview":"max-video-preview:-1"},"canonical":"https:\/\/sorinionescu.org\/it\/il-mio-passato\/","og_locale":"it_IT","og_type":"article","og_title":"Il mio passato ~ Sorin Ionescu","og_description":"Prima Vita Sono nato nella terra degli antichi Dacs, oggi conosciuta come Romania. (Non mi identifico come se avessi una nazionalit\u00e0 pi\u00f9 di un&#8217;altra). Sono cresciuto nel comunismo sotto la dittatura di Ceausescu. Avevo nove anni durante la rivoluzione e ricordo ancora il rumore dei proiettili mentre mi nascondevo nel corridoio del nostro appartamento. Ricordo [&hellip;]","og_url":"https:\/\/sorinionescu.org\/it\/il-mio-passato\/","og_site_name":"Sorin Ionescu","og_image":[{"url":"https:\/\/sorinionescu.org\/wp-content\/uploads\/2019\/11\/baby-me-dad-1.jpg","type":"","width":"","height":""}],"twitter_card":"summary_large_image","twitter_misc":{"Tempo di lettura stimato":"4 minuti"},"schema":{"@context":"https:\/\/schema.org","@graph":[{"@type":"WebPage","@id":"https:\/\/sorinionescu.org\/it\/il-mio-passato\/","url":"https:\/\/sorinionescu.org\/it\/il-mio-passato\/","name":"Il mio passato ~ Sorin Ionescu","isPartOf":{"@id":"https:\/\/sorinionescu.org\/#website"},"primaryImageOfPage":{"@id":"https:\/\/sorinionescu.org\/it\/il-mio-passato\/#primaryimage"},"image":{"@id":"https:\/\/sorinionescu.org\/it\/il-mio-passato\/#primaryimage"},"thumbnailUrl":"https:\/\/sorinionescu.org\/wp-content\/uploads\/2019\/11\/baby-me-dad-1.jpg","datePublished":"2019-11-25T07:51:00+00:00","breadcrumb":{"@id":"https:\/\/sorinionescu.org\/it\/il-mio-passato\/#breadcrumb"},"inLanguage":"it-IT","potentialAction":[{"@type":"ReadAction","target":["https:\/\/sorinionescu.org\/it\/il-mio-passato\/"]}]},{"@type":"ImageObject","inLanguage":"it-IT","@id":"https:\/\/sorinionescu.org\/it\/il-mio-passato\/#primaryimage","url":"https:\/\/sorinionescu.org\/wp-content\/uploads\/2019\/11\/baby-me-dad-1.jpg","contentUrl":"https:\/\/sorinionescu.org\/wp-content\/uploads\/2019\/11\/baby-me-dad-1.jpg"},{"@type":"BreadcrumbList","@id":"https:\/\/sorinionescu.org\/it\/il-mio-passato\/#breadcrumb","itemListElement":[{"@type":"ListItem","position":1,"name":"Home","item":"https:\/\/sorinionescu.org\/it\/"},{"@type":"ListItem","position":2,"name":"Il mio passato"}]},{"@type":"WebSite","@id":"https:\/\/sorinionescu.org\/#website","url":"https:\/\/sorinionescu.org\/","name":"Sorin Ionescu","description":"","publisher":{"@id":"https:\/\/sorinionescu.org\/#\/schema\/person\/8b60c7d9c1322e6c108e45a89abb67ae"},"potentialAction":[{"@type":"SearchAction","target":{"@type":"EntryPoint","urlTemplate":"https:\/\/sorinionescu.org\/?s={search_term_string}"},"query-input":{"@type":"PropertyValueSpecification","valueRequired":true,"valueName":"search_term_string"}}],"inLanguage":"it-IT"},{"@type":["Person","Organization"],"@id":"https:\/\/sorinionescu.org\/#\/schema\/person\/8b60c7d9c1322e6c108e45a89abb67ae","name":"Sorin Ionescu","image":{"@type":"ImageObject","inLanguage":"it-IT","@id":"https:\/\/sorinionescu.org\/wp-content\/uploads\/2019\/08\/cropped-SorinLogo.png","url":"https:\/\/sorinionescu.org\/wp-content\/uploads\/2019\/08\/cropped-SorinLogo.png","contentUrl":"https:\/\/sorinionescu.org\/wp-content\/uploads\/2019\/08\/cropped-SorinLogo.png","width":126,"height":119,"caption":"Sorin Ionescu"},"logo":{"@id":"https:\/\/sorinionescu.org\/wp-content\/uploads\/2019\/08\/cropped-SorinLogo.png"},"sameAs":["https:\/\/sorinionescu.org"]}]}},"_links":{"self":[{"href":"https:\/\/sorinionescu.org\/it\/wp-json\/wp\/v2\/pages\/290","targetHints":{"allow":["GET"]}}],"collection":[{"href":"https:\/\/sorinionescu.org\/it\/wp-json\/wp\/v2\/pages"}],"about":[{"href":"https:\/\/sorinionescu.org\/it\/wp-json\/wp\/v2\/types\/page"}],"author":[{"embeddable":true,"href":"https:\/\/sorinionescu.org\/it\/wp-json\/wp\/v2\/users\/2"}],"replies":[{"embeddable":true,"href":"https:\/\/sorinionescu.org\/it\/wp-json\/wp\/v2\/comments?post=290"}],"version-history":[{"count":1,"href":"https:\/\/sorinionescu.org\/it\/wp-json\/wp\/v2\/pages\/290\/revisions"}],"predecessor-version":[{"id":291,"href":"https:\/\/sorinionescu.org\/it\/wp-json\/wp\/v2\/pages\/290\/revisions\/291"}],"wp:attachment":[{"href":"https:\/\/sorinionescu.org\/it\/wp-json\/wp\/v2\/media?parent=290"}],"curies":[{"name":"wp","href":"https:\/\/api.w.org\/{rel}","templated":true}]}}