{"id":288,"date":"2019-11-25T02:46:44","date_gmt":"2019-11-25T07:46:44","guid":{"rendered":"https:\/\/sorinionescu.org\/despre-mine\/"},"modified":"2019-11-25T03:13:44","modified_gmt":"2019-11-25T08:13:44","slug":"despre-mine","status":"publish","type":"page","link":"https:\/\/sorinionescu.org\/ro\/despre-mine\/","title":{"rendered":"Despre mine"},"content":{"rendered":"\t\t<div data-elementor-type=\"wp-post\" data-elementor-id=\"288\" class=\"elementor elementor-288 elementor-2\" data-elementor-post-type=\"page\">\n\t\t\t\t\t\t<section class=\"elementor-section elementor-top-section elementor-element elementor-element-69ca028f elementor-section-boxed elementor-section-height-default elementor-section-height-default\" data-id=\"69ca028f\" data-element_type=\"section\">\n\t\t\t\t\t\t<div class=\"elementor-container elementor-column-gap-default\">\n\t\t\t\t\t<div class=\"elementor-column elementor-col-100 elementor-top-column elementor-element elementor-element-bfe7e47\" data-id=\"bfe7e47\" data-element_type=\"column\">\n\t\t\t<div class=\"elementor-widget-wrap elementor-element-populated\">\n\t\t\t\t\t\t<div class=\"elementor-element elementor-element-93bd454 elementor-widget elementor-widget-heading\" data-id=\"93bd454\" data-element_type=\"widget\" data-widget_type=\"heading.default\">\n\t\t\t\t<div class=\"elementor-widget-container\">\n\t\t\t\t\t<h2 class=\"elementor-heading-title elementor-size-default\">Prezentul meu<\/h2>\t\t\t\t<\/div>\n\t\t\t\t<\/div>\n\t\t\t\t<div class=\"elementor-element elementor-element-d2f81db elementor-widget elementor-widget-image\" data-id=\"d2f81db\" data-element_type=\"widget\" data-widget_type=\"image.default\">\n\t\t\t\t<div class=\"elementor-widget-container\">\n\t\t\t\t\t\t\t\t\t\t\t\t\t\t\t<img decoding=\"async\" src=\"https:\/\/sorinionescu.org\/wp-content\/uploads\/2019\/08\/sorin.jpg\" title=\"\" alt=\"\" loading=\"lazy\" \/>\t\t\t\t\t\t\t\t\t\t\t\t\t\t\t<\/div>\n\t\t\t\t<\/div>\n\t\t\t\t<section class=\"elementor-section elementor-inner-section elementor-element elementor-element-59bf05a elementor-section-boxed elementor-section-height-default elementor-section-height-default\" data-id=\"59bf05a\" data-element_type=\"section\" data-settings=\"{&quot;background_background&quot;:&quot;classic&quot;}\">\n\t\t\t\t\t\t<div class=\"elementor-container elementor-column-gap-default\">\n\t\t\t\t\t<div class=\"elementor-column elementor-col-50 elementor-inner-column elementor-element elementor-element-35377f4\" data-id=\"35377f4\" data-element_type=\"column\" data-settings=\"{&quot;background_background&quot;:&quot;classic&quot;}\">\n\t\t\t<div class=\"elementor-widget-wrap elementor-element-populated\">\n\t\t\t\t\t\t<div class=\"elementor-element elementor-element-31da6e6 elementor-widget elementor-widget-text-editor\" data-id=\"31da6e6\" data-element_type=\"widget\" data-widget_type=\"text-editor.default\">\n\t\t\t\t<div class=\"elementor-widget-container\">\n\t\t\t\t\t\t\t\t\t<p>Detin masterat si licenta in Inginerie Software de la Universitatea Concordia din Montreal si am un background in inteligenta artificiala.<\/p>\n<p>Sunt autodidact \u00een filozofie, psihologie \u0219i etic\u0103. M\u0103 intereseaz\u0103 neuro\u0219tiin\u021ba \u0219i budismul \u0219i rela\u021bia dintre realitatea noastr\u0103 subiectiv\u0103 interioar\u0103 \u0219i realitatea noastr\u0103 obiectiv\u0103 exterioar\u0103. Sunt ecologist, antispecialist, egalitar \u0219i anarhist. Sunt activist social \u0219i cred c\u0103 iubirea este cel mai puternic motor \u00een urm\u0103rirea de a atenua suferin\u021ba &#8211; principala mea prioritate etic\u0103 &#8211; \u0219i m\u0103 str\u0103duiesc s\u0103 creez pun\u021bi \u0219i parteneriate \u00eentre grupurile de schimbare social\u0103 cu abord\u0103ri diverse.<\/p>\n<p>Sunt co-fondator al <a href=\"https:\/\/veganoptioncanada.org\/\">Vegan Option Canada<\/a> \u0219i membru activ al organiza\u021biei pentru prevenirea suferin\u021bei intense (<a href=\"http:\/\/www.preventsuffering.org\/\">OPIS<\/a>) \u0219i al <a href=\"https:\/\/algosphere.org\/\">Alian\u021bei Algosfera<\/a>. \u00cen prezent sunt organizator comunitar al\u00a0 <a href=\"https:\/\/animalrebellionturtleisland.org\/\">Animal Rebellion Turtle Island<\/a> (America de Nord). Sunt implicat \u00een proiectul <a href=\"https:\/\/carbonface.ca\/\">CarbonFace<\/a>.<\/p>\n\t\t\t\t\t\t\t\t<\/div>\n\t\t\t\t<\/div>\n\t\t\t\t\t<\/div>\n\t\t<\/div>\n\t\t\t\t<div class=\"elementor-column elementor-col-50 elementor-inner-column elementor-element elementor-element-38dfeff\" data-id=\"38dfeff\" data-element_type=\"column\">\n\t\t\t<div class=\"elementor-widget-wrap\">\n\t\t\t\t\t\t\t<\/div>\n\t\t<\/div>\n\t\t\t\t\t<\/div>\n\t\t<\/section>\n\t\t\t\t<div class=\"elementor-element elementor-element-54c7dc8 elementor-widget-divider--view-line elementor-widget elementor-widget-divider\" data-id=\"54c7dc8\" data-element_type=\"widget\" data-widget_type=\"divider.default\">\n\t\t\t\t<div class=\"elementor-widget-container\">\n\t\t\t\t\t\t\t<div class=\"elementor-divider\">\n\t\t\t<span class=\"elementor-divider-separator\">\n\t\t\t\t\t\t<\/span>\n\t\t<\/div>\n\t\t\t\t\t\t<\/div>\n\t\t\t\t<\/div>\n\t\t\t\t<div class=\"elementor-element elementor-element-f83c866 elementor-widget elementor-widget-text-editor\" data-id=\"f83c866\" data-element_type=\"widget\" data-widget_type=\"text-editor.default\">\n\t\t\t\t<div class=\"elementor-widget-container\">\n\t\t\t\t\t\t\t\t\t<p>\u00cencerc s\u0103 nu tr\u0103iesc prea mult \u00een trecut, deoarece poate face ca unul s\u0103 fie deprimat. Cu toate acestea, uneori o nara\u021biune trecut\u0103 este interesant\u0103 \u0219i dac\u0103 vrei s\u0103 cite\u0219ti un pic despre <a href=\"https:\/\/sorinionescu.org\/trecutul-meu\/?lang=ro\">trecutul meu<\/a> este posibil.<\/p>\n<p>Tr\u0103iesc un pic prea mult \u00een viitor, \u00een ciuda pericolului c\u0103 acesta este unul nelini\u0219tit.<\/p>\n\t\t\t\t\t\t\t\t<\/div>\n\t\t\t\t<\/div>\n\t\t\t\t<div class=\"elementor-element elementor-element-5e56462 elementor-shape-rounded elementor-grid-0 e-grid-align-center elementor-widget elementor-widget-social-icons\" data-id=\"5e56462\" data-element_type=\"widget\" data-widget_type=\"social-icons.default\">\n\t\t\t\t<div class=\"elementor-widget-container\">\n\t\t\t\t\t\t\t<div class=\"elementor-social-icons-wrapper elementor-grid\" role=\"list\">\n\t\t\t\t\t\t\t<span class=\"elementor-grid-item\" role=\"listitem\">\n\t\t\t\t\t<a class=\"elementor-icon elementor-social-icon elementor-social-icon-facebook elementor-repeater-item-a402aaf\" target=\"_blank\">\n\t\t\t\t\t\t<span class=\"elementor-screen-only\">Facebook<\/span>\n\t\t\t\t\t\t<i class=\"fab fa-facebook\"><\/i>\t\t\t\t\t<\/a>\n\t\t\t\t<\/span>\n\t\t\t\t\t\t\t<span class=\"elementor-grid-item\" role=\"listitem\">\n\t\t\t\t\t<a class=\"elementor-icon elementor-social-icon elementor-social-icon-linkedin elementor-repeater-item-ea4c686\" href=\"https:\/\/www.linkedin.com\/in\/sorin-ionescu-33526825\/\" target=\"_blank\">\n\t\t\t\t\t\t<span class=\"elementor-screen-only\">Linkedin<\/span>\n\t\t\t\t\t\t<i class=\"fab fa-linkedin\"><\/i>\t\t\t\t\t<\/a>\n\t\t\t\t<\/span>\n\t\t\t\t\t\t\t<span class=\"elementor-grid-item\" role=\"listitem\">\n\t\t\t\t\t<a class=\"elementor-icon elementor-social-icon elementor-social-icon-envelope elementor-repeater-item-19038ed\" href=\"mailto:sionescu.sangoma@gmail.com\" target=\"_blank\">\n\t\t\t\t\t\t<span class=\"elementor-screen-only\">Envelope<\/span>\n\t\t\t\t\t\t<i class=\"fas fa-envelope\"><\/i>\t\t\t\t\t<\/a>\n\t\t\t\t<\/span>\n\t\t\t\t\t\t\t<span class=\"elementor-grid-item\" role=\"listitem\">\n\t\t\t\t\t<a class=\"elementor-icon elementor-social-icon elementor-social-icon-whatsapp elementor-repeater-item-f19fc72\" href=\"https:\/\/www.facebook.com\/VeganSorin\" target=\"_blank\">\n\t\t\t\t\t\t<span class=\"elementor-screen-only\">Whatsapp<\/span>\n\t\t\t\t\t\t<i class=\"fab fa-whatsapp\"><\/i>\t\t\t\t\t<\/a>\n\t\t\t\t<\/span>\n\t\t\t\t\t<\/div>\n\t\t\t\t\t\t<\/div>\n\t\t\t\t<\/div>\n\t\t\t\t\t<\/div>\n\t\t<\/div>\n\t\t\t\t\t<\/div>\n\t\t<\/section>\n\t\t\t\t<\/div>\n\t\t","protected":false},"excerpt":{"rendered":"<p>Prezentul meu Detin masterat si licenta in Inginerie Software de la Universitatea Concordia din Montreal si am un background in inteligenta artificiala. Sunt autodidact \u00een filozofie, psihologie \u0219i etic\u0103. M\u0103 intereseaz\u0103 neuro\u0219tiin\u021ba \u0219i budismul \u0219i rela\u021bia dintre realitatea noastr\u0103 subiectiv\u0103 interioar\u0103 \u0219i realitatea noastr\u0103 obiectiv\u0103 exterioar\u0103. Sunt ecologist, antispecialist, egalitar \u0219i anarhist. Sunt activist social [&hellip;]<\/p>\n","protected":false},"author":1,"featured_media":0,"parent":0,"menu_order":0,"comment_status":"closed","ping_status":"open","template":"","meta":{"footnotes":""},"class_list":["post-288","page","type-page","status-publish","hentry"],"yoast_head":"<!-- This site is optimized with the Yoast SEO plugin v27.4 - https:\/\/yoast.com\/product\/yoast-seo-wordpress\/ -->\n<title>Despre mine ~ Sorin Ionescu<\/title>\n<meta name=\"robots\" content=\"index, follow, max-snippet:-1, max-image-preview:large, max-video-preview:-1\" \/>\n<link rel=\"canonical\" href=\"https:\/\/sorinionescu.org\/ro\/despre-mine\/\" \/>\n<meta property=\"og:locale\" content=\"ro_RO\" \/>\n<meta property=\"og:type\" content=\"article\" \/>\n<meta property=\"og:title\" content=\"Despre mine ~ Sorin Ionescu\" \/>\n<meta property=\"og:description\" content=\"Prezentul meu Detin masterat si licenta in Inginerie Software de la Universitatea Concordia din Montreal si am un background in inteligenta artificiala. Sunt autodidact \u00een filozofie, psihologie \u0219i etic\u0103. M\u0103 intereseaz\u0103 neuro\u0219tiin\u021ba \u0219i budismul \u0219i rela\u021bia dintre realitatea noastr\u0103 subiectiv\u0103 interioar\u0103 \u0219i realitatea noastr\u0103 obiectiv\u0103 exterioar\u0103. Sunt ecologist, antispecialist, egalitar \u0219i anarhist. Sunt activist social [&hellip;]\" \/>\n<meta property=\"og:url\" content=\"https:\/\/sorinionescu.org\/ro\/despre-mine\/\" \/>\n<meta property=\"og:site_name\" content=\"Sorin Ionescu\" \/>\n<meta property=\"article:modified_time\" content=\"2019-11-25T08:13:44+00:00\" \/>\n<meta property=\"og:image\" content=\"https:\/\/sorinionescu.org\/wp-content\/uploads\/2019\/08\/sorin.jpg\" \/>\n<meta name=\"twitter:card\" content=\"summary_large_image\" \/>\n<meta name=\"twitter:label1\" content=\"Timp estimat pentru citire\" \/>\n\t<meta name=\"twitter:data1\" content=\"1 minut\" \/>\n<script type=\"application\/ld+json\" class=\"yoast-schema-graph\">{\"@context\":\"https:\\\/\\\/schema.org\",\"@graph\":[{\"@type\":\"WebPage\",\"@id\":\"https:\\\/\\\/sorinionescu.org\\\/ro\\\/despre-mine\\\/\",\"url\":\"https:\\\/\\\/sorinionescu.org\\\/ro\\\/despre-mine\\\/\",\"name\":\"Despre mine ~ Sorin Ionescu\",\"isPartOf\":{\"@id\":\"https:\\\/\\\/sorinionescu.org\\\/#website\"},\"primaryImageOfPage\":{\"@id\":\"https:\\\/\\\/sorinionescu.org\\\/ro\\\/despre-mine\\\/#primaryimage\"},\"image\":{\"@id\":\"https:\\\/\\\/sorinionescu.org\\\/ro\\\/despre-mine\\\/#primaryimage\"},\"thumbnailUrl\":\"https:\\\/\\\/sorinionescu.org\\\/wp-content\\\/uploads\\\/2019\\\/08\\\/sorin.jpg\",\"datePublished\":\"2019-11-25T07:46:44+00:00\",\"dateModified\":\"2019-11-25T08:13:44+00:00\",\"breadcrumb\":{\"@id\":\"https:\\\/\\\/sorinionescu.org\\\/ro\\\/despre-mine\\\/#breadcrumb\"},\"inLanguage\":\"ro-RO\",\"potentialAction\":[{\"@type\":\"ReadAction\",\"target\":[\"https:\\\/\\\/sorinionescu.org\\\/ro\\\/despre-mine\\\/\"]}]},{\"@type\":\"ImageObject\",\"inLanguage\":\"ro-RO\",\"@id\":\"https:\\\/\\\/sorinionescu.org\\\/ro\\\/despre-mine\\\/#primaryimage\",\"url\":\"https:\\\/\\\/sorinionescu.org\\\/wp-content\\\/uploads\\\/2019\\\/08\\\/sorin.jpg\",\"contentUrl\":\"https:\\\/\\\/sorinionescu.org\\\/wp-content\\\/uploads\\\/2019\\\/08\\\/sorin.jpg\"},{\"@type\":\"BreadcrumbList\",\"@id\":\"https:\\\/\\\/sorinionescu.org\\\/ro\\\/despre-mine\\\/#breadcrumb\",\"itemListElement\":[{\"@type\":\"ListItem\",\"position\":1,\"name\":\"Home\",\"item\":\"https:\\\/\\\/sorinionescu.org\\\/ro\\\/\"},{\"@type\":\"ListItem\",\"position\":2,\"name\":\"Despre mine\"}]},{\"@type\":\"WebSite\",\"@id\":\"https:\\\/\\\/sorinionescu.org\\\/#website\",\"url\":\"https:\\\/\\\/sorinionescu.org\\\/\",\"name\":\"Sorin Ionescu\",\"description\":\"\",\"publisher\":{\"@id\":\"https:\\\/\\\/sorinionescu.org\\\/#\\\/schema\\\/person\\\/8b60c7d9c1322e6c108e45a89abb67ae\"},\"potentialAction\":[{\"@type\":\"SearchAction\",\"target\":{\"@type\":\"EntryPoint\",\"urlTemplate\":\"https:\\\/\\\/sorinionescu.org\\\/?s={search_term_string}\"},\"query-input\":{\"@type\":\"PropertyValueSpecification\",\"valueRequired\":true,\"valueName\":\"search_term_string\"}}],\"inLanguage\":\"ro-RO\"},{\"@type\":[\"Person\",\"Organization\"],\"@id\":\"https:\\\/\\\/sorinionescu.org\\\/#\\\/schema\\\/person\\\/8b60c7d9c1322e6c108e45a89abb67ae\",\"name\":\"Sorin Ionescu\",\"image\":{\"@type\":\"ImageObject\",\"inLanguage\":\"ro-RO\",\"@id\":\"https:\\\/\\\/sorinionescu.org\\\/wp-content\\\/uploads\\\/2019\\\/08\\\/cropped-SorinLogo.png\",\"url\":\"https:\\\/\\\/sorinionescu.org\\\/wp-content\\\/uploads\\\/2019\\\/08\\\/cropped-SorinLogo.png\",\"contentUrl\":\"https:\\\/\\\/sorinionescu.org\\\/wp-content\\\/uploads\\\/2019\\\/08\\\/cropped-SorinLogo.png\",\"width\":126,\"height\":119,\"caption\":\"Sorin Ionescu\"},\"logo\":{\"@id\":\"https:\\\/\\\/sorinionescu.org\\\/wp-content\\\/uploads\\\/2019\\\/08\\\/cropped-SorinLogo.png\"},\"sameAs\":[\"https:\\\/\\\/sorinionescu.org\"]}]}<\/script>\n<!-- \/ Yoast SEO plugin. -->","yoast_head_json":{"title":"Despre mine ~ Sorin Ionescu","robots":{"index":"index","follow":"follow","max-snippet":"max-snippet:-1","max-image-preview":"max-image-preview:large","max-video-preview":"max-video-preview:-1"},"canonical":"https:\/\/sorinionescu.org\/ro\/despre-mine\/","og_locale":"ro_RO","og_type":"article","og_title":"Despre mine ~ Sorin Ionescu","og_description":"Prezentul meu Detin masterat si licenta in Inginerie Software de la Universitatea Concordia din Montreal si am un background in inteligenta artificiala. Sunt autodidact \u00een filozofie, psihologie \u0219i etic\u0103. M\u0103 intereseaz\u0103 neuro\u0219tiin\u021ba \u0219i budismul \u0219i rela\u021bia dintre realitatea noastr\u0103 subiectiv\u0103 interioar\u0103 \u0219i realitatea noastr\u0103 obiectiv\u0103 exterioar\u0103. Sunt ecologist, antispecialist, egalitar \u0219i anarhist. Sunt activist social [&hellip;]","og_url":"https:\/\/sorinionescu.org\/ro\/despre-mine\/","og_site_name":"Sorin Ionescu","article_modified_time":"2019-11-25T08:13:44+00:00","og_image":[{"url":"https:\/\/sorinionescu.org\/wp-content\/uploads\/2019\/08\/sorin.jpg","type":"","width":"","height":""}],"twitter_card":"summary_large_image","twitter_misc":{"Timp estimat pentru citire":"1 minut"},"schema":{"@context":"https:\/\/schema.org","@graph":[{"@type":"WebPage","@id":"https:\/\/sorinionescu.org\/ro\/despre-mine\/","url":"https:\/\/sorinionescu.org\/ro\/despre-mine\/","name":"Despre mine ~ Sorin Ionescu","isPartOf":{"@id":"https:\/\/sorinionescu.org\/#website"},"primaryImageOfPage":{"@id":"https:\/\/sorinionescu.org\/ro\/despre-mine\/#primaryimage"},"image":{"@id":"https:\/\/sorinionescu.org\/ro\/despre-mine\/#primaryimage"},"thumbnailUrl":"https:\/\/sorinionescu.org\/wp-content\/uploads\/2019\/08\/sorin.jpg","datePublished":"2019-11-25T07:46:44+00:00","dateModified":"2019-11-25T08:13:44+00:00","breadcrumb":{"@id":"https:\/\/sorinionescu.org\/ro\/despre-mine\/#breadcrumb"},"inLanguage":"ro-RO","potentialAction":[{"@type":"ReadAction","target":["https:\/\/sorinionescu.org\/ro\/despre-mine\/"]}]},{"@type":"ImageObject","inLanguage":"ro-RO","@id":"https:\/\/sorinionescu.org\/ro\/despre-mine\/#primaryimage","url":"https:\/\/sorinionescu.org\/wp-content\/uploads\/2019\/08\/sorin.jpg","contentUrl":"https:\/\/sorinionescu.org\/wp-content\/uploads\/2019\/08\/sorin.jpg"},{"@type":"BreadcrumbList","@id":"https:\/\/sorinionescu.org\/ro\/despre-mine\/#breadcrumb","itemListElement":[{"@type":"ListItem","position":1,"name":"Home","item":"https:\/\/sorinionescu.org\/ro\/"},{"@type":"ListItem","position":2,"name":"Despre mine"}]},{"@type":"WebSite","@id":"https:\/\/sorinionescu.org\/#website","url":"https:\/\/sorinionescu.org\/","name":"Sorin Ionescu","description":"","publisher":{"@id":"https:\/\/sorinionescu.org\/#\/schema\/person\/8b60c7d9c1322e6c108e45a89abb67ae"},"potentialAction":[{"@type":"SearchAction","target":{"@type":"EntryPoint","urlTemplate":"https:\/\/sorinionescu.org\/?s={search_term_string}"},"query-input":{"@type":"PropertyValueSpecification","valueRequired":true,"valueName":"search_term_string"}}],"inLanguage":"ro-RO"},{"@type":["Person","Organization"],"@id":"https:\/\/sorinionescu.org\/#\/schema\/person\/8b60c7d9c1322e6c108e45a89abb67ae","name":"Sorin Ionescu","image":{"@type":"ImageObject","inLanguage":"ro-RO","@id":"https:\/\/sorinionescu.org\/wp-content\/uploads\/2019\/08\/cropped-SorinLogo.png","url":"https:\/\/sorinionescu.org\/wp-content\/uploads\/2019\/08\/cropped-SorinLogo.png","contentUrl":"https:\/\/sorinionescu.org\/wp-content\/uploads\/2019\/08\/cropped-SorinLogo.png","width":126,"height":119,"caption":"Sorin Ionescu"},"logo":{"@id":"https:\/\/sorinionescu.org\/wp-content\/uploads\/2019\/08\/cropped-SorinLogo.png"},"sameAs":["https:\/\/sorinionescu.org"]}]}},"_links":{"self":[{"href":"https:\/\/sorinionescu.org\/ro\/wp-json\/wp\/v2\/pages\/288","targetHints":{"allow":["GET"]}}],"collection":[{"href":"https:\/\/sorinionescu.org\/ro\/wp-json\/wp\/v2\/pages"}],"about":[{"href":"https:\/\/sorinionescu.org\/ro\/wp-json\/wp\/v2\/types\/page"}],"author":[{"embeddable":true,"href":"https:\/\/sorinionescu.org\/ro\/wp-json\/wp\/v2\/users\/1"}],"replies":[{"embeddable":true,"href":"https:\/\/sorinionescu.org\/ro\/wp-json\/wp\/v2\/comments?post=288"}],"version-history":[{"count":2,"href":"https:\/\/sorinionescu.org\/ro\/wp-json\/wp\/v2\/pages\/288\/revisions"}],"predecessor-version":[{"id":305,"href":"https:\/\/sorinionescu.org\/ro\/wp-json\/wp\/v2\/pages\/288\/revisions\/305"}],"wp:attachment":[{"href":"https:\/\/sorinionescu.org\/ro\/wp-json\/wp\/v2\/media?parent=288"}],"curies":[{"name":"wp","href":"https:\/\/api.w.org\/{rel}","templated":true}]}}