{"id":292,"date":"2019-11-25T03:06:56","date_gmt":"2019-11-25T08:06:56","guid":{"rendered":"https:\/\/sorinionescu.org\/trecutul-meu\/"},"modified":"2019-11-25T03:06:57","modified_gmt":"2019-11-25T08:06:57","slug":"trecutul-meu","status":"publish","type":"page","link":"https:\/\/sorinionescu.org\/ro\/trecutul-meu\/","title":{"rendered":"Trecutul meu"},"content":{"rendered":"\t\t<div data-elementor-type=\"wp-post\" data-elementor-id=\"292\" class=\"elementor elementor-292 elementor-277\" data-elementor-post-type=\"page\">\n\t\t\t\t\t\t<section class=\"elementor-section elementor-inner-section elementor-element elementor-element-c9ffd72 elementor-section-boxed elementor-section-height-default elementor-section-height-default\" data-id=\"c9ffd72\" data-element_type=\"section\">\n\t\t\t\t\t\t<div class=\"elementor-container elementor-column-gap-default\">\n\t\t\t\t\t<div class=\"elementor-column elementor-col-50 elementor-inner-column elementor-element elementor-element-e79321f\" data-id=\"e79321f\" data-element_type=\"column\">\n\t\t\t<div class=\"elementor-widget-wrap elementor-element-populated\">\n\t\t\t\t\t\t<div class=\"elementor-element elementor-element-457f12d elementor-widget elementor-widget-image\" data-id=\"457f12d\" data-element_type=\"widget\" data-widget_type=\"image.default\">\n\t\t\t\t<div class=\"elementor-widget-container\">\n\t\t\t\t\t\t\t\t\t\t\t\t\t\t\t<img decoding=\"async\" src=\"https:\/\/sorinionescu.org\/wp-content\/uploads\/2019\/11\/baby-me-dad-1.jpg\" title=\"\" alt=\"\" loading=\"lazy\" \/>\t\t\t\t\t\t\t\t\t\t\t\t\t\t\t<\/div>\n\t\t\t\t<\/div>\n\t\t\t\t\t<\/div>\n\t\t<\/div>\n\t\t\t\t<div class=\"elementor-column elementor-col-50 elementor-inner-column elementor-element elementor-element-8feda85\" data-id=\"8feda85\" data-element_type=\"column\">\n\t\t\t<div class=\"elementor-widget-wrap elementor-element-populated\">\n\t\t\t\t\t\t<div class=\"elementor-element elementor-element-e705ea5 elementor-widget elementor-widget-heading\" data-id=\"e705ea5\" data-element_type=\"widget\" data-widget_type=\"heading.default\">\n\t\t\t\t<div class=\"elementor-widget-container\">\n\t\t\t\t\t<h3 class=\"elementor-heading-title elementor-size-default\">Tinere\u021be<\/h3>\t\t\t\t<\/div>\n\t\t\t\t<\/div>\n\t\t\t\t<div class=\"elementor-element elementor-element-a5a1a79 elementor-widget elementor-widget-text-editor\" data-id=\"a5a1a79\" data-element_type=\"widget\" data-widget_type=\"text-editor.default\">\n\t\t\t\t<div class=\"elementor-widget-container\">\n\t\t\t\t\t\t\t\t\t<p>M-am n\u0103scut pe p\u0103m\u00e2ntul vechilor <a href=\"https:\/\/ro.wikipedia.org\/wiki\/Dacia\">daci<\/a>, cunoscut ast\u0103zi sub numele de <a href=\"https:\/\/ro.wikipedia.org\/wiki\/Rom%C3%A2nia\">Rom\u00e2nia<\/a>. (Nu identific ca av\u00e2nd o na\u021bionalitate mai mult dec\u00e2t alta). Am crescut \u00een comunism sub dictatura lui <a href=\"https:\/\/ro.wikipedia.org\/wiki\/Nicolae_Ceau%C8%99escu\">Ceau\u0219escu<\/a>. Aveam nou\u0103 ani \u00een timpul <a href=\"https:\/\/ro.wikipedia.org\/wiki\/Revolu%C8%9Bia_Rom%C3%A2n%C4%83_din_1989\">revolu\u021biei<\/a> \u0219i \u00eemi amintesc \u00eenc\u0103 sunetul gloan\u021belor \u00een timp ce m\u0103 ascundeam pe holul apartamentului nostru. \u00cenc\u0103 \u00eemi amintesc c\u0103 am avut o singur\u0103 portocalie pe an la Cr\u0103ciun, cresc\u00e2nd f\u0103r\u0103 energie electric\u0103 stabil\u0103, \u00eenc\u0103lzire sau ap\u0103 (rece sau fierbinte) \u0219i bunica mea g\u0103sind un \u0219obolan mort \u00een mijlocul unei p\u00e2ini.<\/p>\n\t\t\t\t\t\t\t\t<\/div>\n\t\t\t\t<\/div>\n\t\t\t\t\t<\/div>\n\t\t<\/div>\n\t\t\t\t\t<\/div>\n\t\t<\/section>\n\t\t\t\t<section class=\"elementor-section elementor-inner-section elementor-element elementor-element-ef620c8 elementor-section-boxed elementor-section-height-default elementor-section-height-default\" data-id=\"ef620c8\" data-element_type=\"section\">\n\t\t\t\t\t\t<div class=\"elementor-container elementor-column-gap-default\">\n\t\t\t\t\t<div class=\"elementor-column elementor-col-50 elementor-inner-column elementor-element elementor-element-f9bba63\" data-id=\"f9bba63\" data-element_type=\"column\">\n\t\t\t<div class=\"elementor-widget-wrap elementor-element-populated\">\n\t\t\t\t\t\t<div class=\"elementor-element elementor-element-a97c8b7 elementor-widget elementor-widget-text-editor\" data-id=\"a97c8b7\" data-element_type=\"widget\" data-widget_type=\"text-editor.default\">\n\t\t\t\t<div class=\"elementor-widget-container\">\n\t\t\t\t\t\t\t\t\t<p>Am experimentat prima mina deficitul economic \u0219i s\u0103r\u0103cia regimului fals comunist din \u021b\u0103rile Europei de Est, chiar dac\u0103 familia mea apar\u021binea clasei de mijloc superioare &#8211; eram boga\u021bi dup\u0103 standardele rom\u00e2ne\u0219ti. Tat\u0103l meu a fost un str\u0103lucit profesor universitar de mecanic\u0103, iar mama mea un inginer civil de o oarecare influen\u021b\u0103. Cu toate acestea, ambi nu faceau parte din partidul comunist din cauza valorilor lor, iar familia noastr\u0103 a avut de suferit. Corup\u021bia \u021b\u0103rii le-a fost impus\u0103 a\u0219a cum a fost pe to\u021bi. Tat\u0103l meu a fost foarte afectat de faptul c\u0103 a fost obligat s\u0103 dea note mari pentru ca studen\u021bii s\u0103 reu\u0219easc\u0103 nu \u00een conformitate cu standardele academice, ci \u00een func\u021bie de apartenen\u021ba \u0219i influen\u021ba lor la petrecere.<\/p>\n\t\t\t\t\t\t\t\t<\/div>\n\t\t\t\t<\/div>\n\t\t\t\t\t<\/div>\n\t\t<\/div>\n\t\t\t\t<div class=\"elementor-column elementor-col-50 elementor-inner-column elementor-element elementor-element-9f04b79\" data-id=\"9f04b79\" data-element_type=\"column\">\n\t\t\t<div class=\"elementor-widget-wrap elementor-element-populated\">\n\t\t\t\t\t\t<div class=\"elementor-element elementor-element-d6ac57c elementor-widget elementor-widget-image\" data-id=\"d6ac57c\" data-element_type=\"widget\" data-widget_type=\"image.default\">\n\t\t\t\t<div class=\"elementor-widget-container\">\n\t\t\t\t\t\t\t\t\t\t\t\t\t\t\t<img decoding=\"async\" src=\"https:\/\/sorinionescu.org\/wp-content\/uploads\/2019\/11\/me-in-romania.jpg\" title=\"\" alt=\"\" loading=\"lazy\" \/>\t\t\t\t\t\t\t\t\t\t\t\t\t\t\t<\/div>\n\t\t\t\t<\/div>\n\t\t\t\t\t<\/div>\n\t\t<\/div>\n\t\t\t\t\t<\/div>\n\t\t<\/section>\n\t\t\t\t<section class=\"elementor-section elementor-top-section elementor-element elementor-element-c67ca31 elementor-section-boxed elementor-section-height-default elementor-section-height-default\" data-id=\"c67ca31\" data-element_type=\"section\">\n\t\t\t\t\t\t<div class=\"elementor-container elementor-column-gap-default\">\n\t\t\t\t\t<div class=\"elementor-column elementor-col-100 elementor-top-column elementor-element elementor-element-538ede8\" data-id=\"538ede8\" data-element_type=\"column\">\n\t\t\t<div class=\"elementor-widget-wrap elementor-element-populated\">\n\t\t\t\t\t\t<div class=\"elementor-element elementor-element-19a97ef elementor-widget elementor-widget-text-editor\" data-id=\"19a97ef\" data-element_type=\"widget\" data-widget_type=\"text-editor.default\">\n\t\t\t\t<div class=\"elementor-widget-container\">\n\t\t\t\t\t\t\t\t\t<p>La un an de la c\u0103derea regimului comunist, dezam\u0103git de gradul ridicat de corup\u021bie al noului guvern rom\u00e2n \u0219i de faptul c\u0103 lucrurile nu s-au schimbat deloc, p\u0103rin\u021bii mei au plecat \u00een Italia. Nu s-au mai \u00eentors timp de trei ani \u0219i \u00een acea perioad\u0103 mi-am petrecut timpul cu bunicii. \u00cen Italia, nu aveau permise de munc\u0103 \u0219i puteau tr\u0103i cu venituri mici \u0219i alte locuri de munc\u0103 pe pia\u021ba neagr\u0103. \u00cen cele din urm\u0103, li s-a acordat dreptul de a veni \u00een Canada, reziden\u021bi permanen\u021bi ca refugia\u021bi.<\/p>\n\t\t\t\t\t\t\t\t<\/div>\n\t\t\t\t<\/div>\n\t\t\t\t\t<\/div>\n\t\t<\/div>\n\t\t\t\t\t<\/div>\n\t\t<\/section>\n\t\t\t\t<section class=\"elementor-section elementor-top-section elementor-element elementor-element-f1b7120 elementor-section-boxed elementor-section-height-default elementor-section-height-default\" data-id=\"f1b7120\" data-element_type=\"section\">\n\t\t\t\t\t\t<div class=\"elementor-container elementor-column-gap-default\">\n\t\t\t\t\t<div class=\"elementor-column elementor-col-100 elementor-top-column elementor-element elementor-element-c150645\" data-id=\"c150645\" data-element_type=\"column\">\n\t\t\t<div class=\"elementor-widget-wrap elementor-element-populated\">\n\t\t\t\t\t\t<div class=\"elementor-element elementor-element-7b55376 elementor-widget-divider--view-line elementor-widget elementor-widget-divider\" data-id=\"7b55376\" data-element_type=\"widget\" data-widget_type=\"divider.default\">\n\t\t\t\t<div class=\"elementor-widget-container\">\n\t\t\t\t\t\t\t<div class=\"elementor-divider\">\n\t\t\t<span class=\"elementor-divider-separator\">\n\t\t\t\t\t\t<\/span>\n\t\t<\/div>\n\t\t\t\t\t\t<\/div>\n\t\t\t\t<\/div>\n\t\t\t\t\t<\/div>\n\t\t<\/div>\n\t\t\t\t\t<\/div>\n\t\t<\/section>\n\t\t\t\t<section class=\"elementor-section elementor-top-section elementor-element elementor-element-b9adda6 elementor-section-boxed elementor-section-height-default elementor-section-height-default\" data-id=\"b9adda6\" data-element_type=\"section\">\n\t\t\t\t\t\t<div class=\"elementor-container elementor-column-gap-default\">\n\t\t\t\t\t<div class=\"elementor-column elementor-col-100 elementor-top-column elementor-element elementor-element-9e1626b\" data-id=\"9e1626b\" data-element_type=\"column\">\n\t\t\t<div class=\"elementor-widget-wrap elementor-element-populated\">\n\t\t\t\t\t\t<div class=\"elementor-element elementor-element-cd8ef3f elementor-widget elementor-widget-heading\" data-id=\"cd8ef3f\" data-element_type=\"widget\" data-widget_type=\"heading.default\">\n\t\t\t\t<div class=\"elementor-widget-container\">\n\t\t\t\t\t<h3 class=\"elementor-heading-title elementor-size-default\">Adolescen\u021b\u0103<\/h3>\t\t\t\t<\/div>\n\t\t\t\t<\/div>\n\t\t\t\t\t<\/div>\n\t\t<\/div>\n\t\t\t\t\t<\/div>\n\t\t<\/section>\n\t\t\t\t<section class=\"elementor-section elementor-top-section elementor-element elementor-element-2495f7d elementor-section-boxed elementor-section-height-default elementor-section-height-default\" data-id=\"2495f7d\" data-element_type=\"section\">\n\t\t\t\t\t\t<div class=\"elementor-container elementor-column-gap-default\">\n\t\t\t\t\t<div class=\"elementor-column elementor-col-100 elementor-top-column elementor-element elementor-element-f3bd643\" data-id=\"f3bd643\" data-element_type=\"column\">\n\t\t\t<div class=\"elementor-widget-wrap elementor-element-populated\">\n\t\t\t\t\t\t<div class=\"elementor-element elementor-element-d40db09 elementor-widget elementor-widget-text-editor\" data-id=\"d40db09\" data-element_type=\"widget\" data-widget_type=\"text-editor.default\">\n\t\t\t\t<div class=\"elementor-widget-container\">\n\t\t\t\t\t\t\t\t\t<p>Ca majoritatea copiilor de treisprezece ani, nu am apreciat s\u0103 fiu luat de prietenii mei \u0219i de cunoscutul meu mediu de trei ori la r\u00e2nd &#8211; odat\u0103 c\u00e2nd p\u0103rin\u021bii mei au plecat \u00een Italia \u0219i a trebuit s\u0103 merg s\u0103 tr\u0103iesc cu bunicii mei, cind m-am al\u0103turat lor pentru a tr\u0103i un an \u00een Italia \u0219i a treia oar\u0103 c\u00e2nd am ajuns pe Turtle Island (pe teritoriul revendicat de statul canadian).<\/p>\n<p>La \u0219coal\u0103, performan\u021bele mele academice, anatomia fragil\u0103 \u0219i atitudinea politicoas\u0103 m-au f\u0103cut \u021binta ideal\u0103 pentru intimidare. Am fost \u00eempins la performan\u021ba de p\u0103rin\u021bii mei care nu au ratat niciodat\u0103 o ocazie s\u0103-mi aminteasc\u0103 de sacrificiul pe care l-au f\u0103cut pentru a m\u0103 duce \u00eentr-o \u021bar\u0103 \u00een care voi avea \u0219ansa s\u0103 \u201ereu\u0219esc\u201d \u00eentr-un mod \u00een care nu au putut niciodat\u0103. \u00cen ciuda acestui fapt, am dispre\u021buit \u00een t\u0103cere studiile \u0219i \u0219coala (a\u0219a c\u0103 nu am studiat niciodat\u0103 cu adev\u0103rat) \u0219i toate celelalte forme de autoritate.<\/p>\n<p>Nevoia de a m\u0103 conforma m-a obligat s\u0103 ia acelea\u0219i alegeri ca to\u021bi ceilal\u021bi.<\/p>\n\t\t\t\t\t\t\t\t<\/div>\n\t\t\t\t<\/div>\n\t\t\t\t\t<\/div>\n\t\t<\/div>\n\t\t\t\t\t<\/div>\n\t\t<\/section>\n\t\t\t\t<section class=\"elementor-section elementor-inner-section elementor-element elementor-element-1972aca elementor-section-boxed elementor-section-height-default elementor-section-height-default\" data-id=\"1972aca\" data-element_type=\"section\">\n\t\t\t\t\t\t<div class=\"elementor-container elementor-column-gap-default\">\n\t\t\t\t\t<div class=\"elementor-column elementor-col-50 elementor-inner-column elementor-element elementor-element-ae01185\" data-id=\"ae01185\" data-element_type=\"column\">\n\t\t\t<div class=\"elementor-widget-wrap elementor-element-populated\">\n\t\t\t\t\t\t<div class=\"elementor-element elementor-element-66eedba elementor-widget elementor-widget-heading\" data-id=\"66eedba\" data-element_type=\"widget\" data-widget_type=\"heading.default\">\n\t\t\t\t<div class=\"elementor-widget-container\">\n\t\t\t\t\t<h3 class=\"elementor-heading-title elementor-size-default\">Prima carier\u0103<\/h3>\t\t\t\t<\/div>\n\t\t\t\t<\/div>\n\t\t\t\t<div class=\"elementor-element elementor-element-99f65ca elementor-widget elementor-widget-image\" data-id=\"99f65ca\" data-element_type=\"widget\" data-widget_type=\"image.default\">\n\t\t\t\t<div class=\"elementor-widget-container\">\n\t\t\t\t\t\t\t\t\t\t\t\t\t\t\t<img decoding=\"async\" src=\"https:\/\/sorinionescu.org\/wp-content\/uploads\/2019\/11\/university.png\" title=\"\" alt=\"\" loading=\"lazy\" \/>\t\t\t\t\t\t\t\t\t\t\t\t\t\t\t<\/div>\n\t\t\t\t<\/div>\n\t\t\t\t\t<\/div>\n\t\t<\/div>\n\t\t\t\t<div class=\"elementor-column elementor-col-50 elementor-inner-column elementor-element elementor-element-ff4a560\" data-id=\"ff4a560\" data-element_type=\"column\">\n\t\t\t<div class=\"elementor-widget-wrap elementor-element-populated\">\n\t\t\t\t\t\t<div class=\"elementor-element elementor-element-3f38b7e elementor-widget elementor-widget-text-editor\" data-id=\"3f38b7e\" data-element_type=\"widget\" data-widget_type=\"text-editor.default\">\n\t\t\t\t<div class=\"elementor-widget-container\">\n\t\t\t\t\t\t\t\t\t<p>A trebuit s\u0103 aleg o carier\u0103. Mama voia s\u0103 fiu doctor. Tat\u0103l meu m-a sf\u0103tuit s\u0103 nu o fac din cauza incapacit\u0103\u021bii mele de a fi disciplinat. El a sugerat c\u0103 inginer software ar putea fi o alegere bun\u0103, av\u00e2nd \u00een vedere abilit\u0103\u021bile mele matematice. Eram un nihilist care credea c\u0103 nimic nu are sens \u0219i voia s\u0103 m\u0103 distrez p\u00e2n\u0103 \u00een ziua \u00een care am murit. Am devenit inginer software.<\/p>\n<p>Primii ani au fost buni. Am c\u00e2\u0219tigat mul\u021bi bani \u0219i am ob\u021binut ni\u0219te dopamin\u0103 prin rezolvarea problemelor de programare. Am \u00eenceput s\u0103 tr\u0103iesc \u201evisul american\u201d. Mi-am dat seama repede de fisurile sistemului de profit \u0219i pentru a compensa, am recurs la alcoolismul de weekend. La dou\u0103zeci \u0219i opt de ani, eram \u00een v\u00e2rful carierei mele \u0219i aveam aproape tot ce trebuia s\u0103 ai conform standardelor societ\u0103\u021bii. Singurul lucru care lipsea era fericirea. Am f\u0103cut singurul lucru pe care mi l-a permis corpul meu, am avut primul meu crash \u0219i ars \u0219i mi-am repornit sistemul.<\/p>\n<p>Tat\u0103l meu a murit de cancer la scurt timp dup\u0103, l\u0103s\u00e2ndu-m\u0103 \u00een cel mai mare \u00eentuneric a vie\u021bii mele. \u00cemi tr\u0103isem via\u021ba \u00een umbra lui, f\u0103r\u0103 s\u0103 iau decizii personale, av\u00e2nd \u00eencredere \u00een judecata lui mai presus de orice. Str\u0103lucirea lui era inegalabil\u0103 \u00een ochii mei, dar ambi\u021bia \u0219i voin\u021ba lui au fost spulberate de sistemul nostru toxic. \u00cenc\u0103 \u00eemi amintesc c\u0103 l-am \u00eentrebat de ce nu-\u0219i folosise abilit\u0103\u021bile pentru a ne schimba sistemul. \u00cemi voi aminti mereu de el spun\u00e2ndu-mi cu o privire nostalgic\u0103, c\u0103 \u00eentr-o zi voi \u00een\u021belege (\u00eenc\u0103 nu am \u00een\u021bes).<\/p>\n\t\t\t\t\t\t\t\t<\/div>\n\t\t\t\t<\/div>\n\t\t\t\t\t<\/div>\n\t\t<\/div>\n\t\t\t\t\t<\/div>\n\t\t<\/section>\n\t\t\t\t<\/div>\n\t\t","protected":false},"excerpt":{"rendered":"<p>Tinere\u021be M-am n\u0103scut pe p\u0103m\u00e2ntul vechilor daci, cunoscut ast\u0103zi sub numele de Rom\u00e2nia. (Nu identific ca av\u00e2nd o na\u021bionalitate mai mult dec\u00e2t alta). Am crescut \u00een comunism sub dictatura lui Ceau\u0219escu. Aveam nou\u0103 ani \u00een timpul revolu\u021biei \u0219i \u00eemi amintesc \u00eenc\u0103 sunetul gloan\u021belor \u00een timp ce m\u0103 ascundeam pe holul apartamentului nostru. \u00cenc\u0103 \u00eemi amintesc [&hellip;]<\/p>\n","protected":false},"author":2,"featured_media":0,"parent":0,"menu_order":0,"comment_status":"closed","ping_status":"closed","template":"","meta":{"footnotes":""},"class_list":["post-292","page","type-page","status-publish","hentry"],"yoast_head":"<!-- This site is optimized with the Yoast SEO plugin v27.4 - https:\/\/yoast.com\/product\/yoast-seo-wordpress\/ -->\n<title>Trecutul meu ~ Sorin Ionescu<\/title>\n<meta name=\"robots\" content=\"index, follow, max-snippet:-1, max-image-preview:large, max-video-preview:-1\" \/>\n<link rel=\"canonical\" href=\"https:\/\/sorinionescu.org\/ro\/trecutul-meu\/\" \/>\n<meta property=\"og:locale\" content=\"ro_RO\" \/>\n<meta property=\"og:type\" content=\"article\" \/>\n<meta property=\"og:title\" content=\"Trecutul meu ~ Sorin Ionescu\" \/>\n<meta property=\"og:description\" content=\"Tinere\u021be M-am n\u0103scut pe p\u0103m\u00e2ntul vechilor daci, cunoscut ast\u0103zi sub numele de Rom\u00e2nia. (Nu identific ca av\u00e2nd o na\u021bionalitate mai mult dec\u00e2t alta). Am crescut \u00een comunism sub dictatura lui Ceau\u0219escu. Aveam nou\u0103 ani \u00een timpul revolu\u021biei \u0219i \u00eemi amintesc \u00eenc\u0103 sunetul gloan\u021belor \u00een timp ce m\u0103 ascundeam pe holul apartamentului nostru. \u00cenc\u0103 \u00eemi amintesc [&hellip;]\" \/>\n<meta property=\"og:url\" content=\"https:\/\/sorinionescu.org\/ro\/trecutul-meu\/\" \/>\n<meta property=\"og:site_name\" content=\"Sorin Ionescu\" \/>\n<meta property=\"article:modified_time\" content=\"2019-11-25T08:06:57+00:00\" \/>\n<meta property=\"og:image\" content=\"https:\/\/sorinionescu.org\/wp-content\/uploads\/2019\/11\/baby-me-dad-1.jpg\" \/>\n<meta name=\"twitter:card\" content=\"summary_large_image\" \/>\n<meta name=\"twitter:label1\" content=\"Timp estimat pentru citire\" \/>\n\t<meta name=\"twitter:data1\" content=\"4 minute\" \/>\n<script type=\"application\/ld+json\" class=\"yoast-schema-graph\">{\"@context\":\"https:\\\/\\\/schema.org\",\"@graph\":[{\"@type\":\"WebPage\",\"@id\":\"https:\\\/\\\/sorinionescu.org\\\/ro\\\/trecutul-meu\\\/\",\"url\":\"https:\\\/\\\/sorinionescu.org\\\/ro\\\/trecutul-meu\\\/\",\"name\":\"Trecutul meu ~ Sorin Ionescu\",\"isPartOf\":{\"@id\":\"https:\\\/\\\/sorinionescu.org\\\/#website\"},\"primaryImageOfPage\":{\"@id\":\"https:\\\/\\\/sorinionescu.org\\\/ro\\\/trecutul-meu\\\/#primaryimage\"},\"image\":{\"@id\":\"https:\\\/\\\/sorinionescu.org\\\/ro\\\/trecutul-meu\\\/#primaryimage\"},\"thumbnailUrl\":\"https:\\\/\\\/sorinionescu.org\\\/wp-content\\\/uploads\\\/2019\\\/11\\\/baby-me-dad-1.jpg\",\"datePublished\":\"2019-11-25T08:06:56+00:00\",\"dateModified\":\"2019-11-25T08:06:57+00:00\",\"breadcrumb\":{\"@id\":\"https:\\\/\\\/sorinionescu.org\\\/ro\\\/trecutul-meu\\\/#breadcrumb\"},\"inLanguage\":\"ro-RO\",\"potentialAction\":[{\"@type\":\"ReadAction\",\"target\":[\"https:\\\/\\\/sorinionescu.org\\\/ro\\\/trecutul-meu\\\/\"]}]},{\"@type\":\"ImageObject\",\"inLanguage\":\"ro-RO\",\"@id\":\"https:\\\/\\\/sorinionescu.org\\\/ro\\\/trecutul-meu\\\/#primaryimage\",\"url\":\"https:\\\/\\\/sorinionescu.org\\\/wp-content\\\/uploads\\\/2019\\\/11\\\/baby-me-dad-1.jpg\",\"contentUrl\":\"https:\\\/\\\/sorinionescu.org\\\/wp-content\\\/uploads\\\/2019\\\/11\\\/baby-me-dad-1.jpg\"},{\"@type\":\"BreadcrumbList\",\"@id\":\"https:\\\/\\\/sorinionescu.org\\\/ro\\\/trecutul-meu\\\/#breadcrumb\",\"itemListElement\":[{\"@type\":\"ListItem\",\"position\":1,\"name\":\"Home\",\"item\":\"https:\\\/\\\/sorinionescu.org\\\/ro\\\/\"},{\"@type\":\"ListItem\",\"position\":2,\"name\":\"Trecutul meu\"}]},{\"@type\":\"WebSite\",\"@id\":\"https:\\\/\\\/sorinionescu.org\\\/#website\",\"url\":\"https:\\\/\\\/sorinionescu.org\\\/\",\"name\":\"Sorin Ionescu\",\"description\":\"\",\"publisher\":{\"@id\":\"https:\\\/\\\/sorinionescu.org\\\/#\\\/schema\\\/person\\\/8b60c7d9c1322e6c108e45a89abb67ae\"},\"potentialAction\":[{\"@type\":\"SearchAction\",\"target\":{\"@type\":\"EntryPoint\",\"urlTemplate\":\"https:\\\/\\\/sorinionescu.org\\\/?s={search_term_string}\"},\"query-input\":{\"@type\":\"PropertyValueSpecification\",\"valueRequired\":true,\"valueName\":\"search_term_string\"}}],\"inLanguage\":\"ro-RO\"},{\"@type\":[\"Person\",\"Organization\"],\"@id\":\"https:\\\/\\\/sorinionescu.org\\\/#\\\/schema\\\/person\\\/8b60c7d9c1322e6c108e45a89abb67ae\",\"name\":\"Sorin Ionescu\",\"image\":{\"@type\":\"ImageObject\",\"inLanguage\":\"ro-RO\",\"@id\":\"https:\\\/\\\/sorinionescu.org\\\/wp-content\\\/uploads\\\/2019\\\/08\\\/cropped-SorinLogo.png\",\"url\":\"https:\\\/\\\/sorinionescu.org\\\/wp-content\\\/uploads\\\/2019\\\/08\\\/cropped-SorinLogo.png\",\"contentUrl\":\"https:\\\/\\\/sorinionescu.org\\\/wp-content\\\/uploads\\\/2019\\\/08\\\/cropped-SorinLogo.png\",\"width\":126,\"height\":119,\"caption\":\"Sorin Ionescu\"},\"logo\":{\"@id\":\"https:\\\/\\\/sorinionescu.org\\\/wp-content\\\/uploads\\\/2019\\\/08\\\/cropped-SorinLogo.png\"},\"sameAs\":[\"https:\\\/\\\/sorinionescu.org\"]}]}<\/script>\n<!-- \/ Yoast SEO plugin. -->","yoast_head_json":{"title":"Trecutul meu ~ Sorin Ionescu","robots":{"index":"index","follow":"follow","max-snippet":"max-snippet:-1","max-image-preview":"max-image-preview:large","max-video-preview":"max-video-preview:-1"},"canonical":"https:\/\/sorinionescu.org\/ro\/trecutul-meu\/","og_locale":"ro_RO","og_type":"article","og_title":"Trecutul meu ~ Sorin Ionescu","og_description":"Tinere\u021be M-am n\u0103scut pe p\u0103m\u00e2ntul vechilor daci, cunoscut ast\u0103zi sub numele de Rom\u00e2nia. (Nu identific ca av\u00e2nd o na\u021bionalitate mai mult dec\u00e2t alta). Am crescut \u00een comunism sub dictatura lui Ceau\u0219escu. Aveam nou\u0103 ani \u00een timpul revolu\u021biei \u0219i \u00eemi amintesc \u00eenc\u0103 sunetul gloan\u021belor \u00een timp ce m\u0103 ascundeam pe holul apartamentului nostru. \u00cenc\u0103 \u00eemi amintesc [&hellip;]","og_url":"https:\/\/sorinionescu.org\/ro\/trecutul-meu\/","og_site_name":"Sorin Ionescu","article_modified_time":"2019-11-25T08:06:57+00:00","og_image":[{"url":"https:\/\/sorinionescu.org\/wp-content\/uploads\/2019\/11\/baby-me-dad-1.jpg","type":"","width":"","height":""}],"twitter_card":"summary_large_image","twitter_misc":{"Timp estimat pentru citire":"4 minute"},"schema":{"@context":"https:\/\/schema.org","@graph":[{"@type":"WebPage","@id":"https:\/\/sorinionescu.org\/ro\/trecutul-meu\/","url":"https:\/\/sorinionescu.org\/ro\/trecutul-meu\/","name":"Trecutul meu ~ Sorin Ionescu","isPartOf":{"@id":"https:\/\/sorinionescu.org\/#website"},"primaryImageOfPage":{"@id":"https:\/\/sorinionescu.org\/ro\/trecutul-meu\/#primaryimage"},"image":{"@id":"https:\/\/sorinionescu.org\/ro\/trecutul-meu\/#primaryimage"},"thumbnailUrl":"https:\/\/sorinionescu.org\/wp-content\/uploads\/2019\/11\/baby-me-dad-1.jpg","datePublished":"2019-11-25T08:06:56+00:00","dateModified":"2019-11-25T08:06:57+00:00","breadcrumb":{"@id":"https:\/\/sorinionescu.org\/ro\/trecutul-meu\/#breadcrumb"},"inLanguage":"ro-RO","potentialAction":[{"@type":"ReadAction","target":["https:\/\/sorinionescu.org\/ro\/trecutul-meu\/"]}]},{"@type":"ImageObject","inLanguage":"ro-RO","@id":"https:\/\/sorinionescu.org\/ro\/trecutul-meu\/#primaryimage","url":"https:\/\/sorinionescu.org\/wp-content\/uploads\/2019\/11\/baby-me-dad-1.jpg","contentUrl":"https:\/\/sorinionescu.org\/wp-content\/uploads\/2019\/11\/baby-me-dad-1.jpg"},{"@type":"BreadcrumbList","@id":"https:\/\/sorinionescu.org\/ro\/trecutul-meu\/#breadcrumb","itemListElement":[{"@type":"ListItem","position":1,"name":"Home","item":"https:\/\/sorinionescu.org\/ro\/"},{"@type":"ListItem","position":2,"name":"Trecutul meu"}]},{"@type":"WebSite","@id":"https:\/\/sorinionescu.org\/#website","url":"https:\/\/sorinionescu.org\/","name":"Sorin Ionescu","description":"","publisher":{"@id":"https:\/\/sorinionescu.org\/#\/schema\/person\/8b60c7d9c1322e6c108e45a89abb67ae"},"potentialAction":[{"@type":"SearchAction","target":{"@type":"EntryPoint","urlTemplate":"https:\/\/sorinionescu.org\/?s={search_term_string}"},"query-input":{"@type":"PropertyValueSpecification","valueRequired":true,"valueName":"search_term_string"}}],"inLanguage":"ro-RO"},{"@type":["Person","Organization"],"@id":"https:\/\/sorinionescu.org\/#\/schema\/person\/8b60c7d9c1322e6c108e45a89abb67ae","name":"Sorin Ionescu","image":{"@type":"ImageObject","inLanguage":"ro-RO","@id":"https:\/\/sorinionescu.org\/wp-content\/uploads\/2019\/08\/cropped-SorinLogo.png","url":"https:\/\/sorinionescu.org\/wp-content\/uploads\/2019\/08\/cropped-SorinLogo.png","contentUrl":"https:\/\/sorinionescu.org\/wp-content\/uploads\/2019\/08\/cropped-SorinLogo.png","width":126,"height":119,"caption":"Sorin Ionescu"},"logo":{"@id":"https:\/\/sorinionescu.org\/wp-content\/uploads\/2019\/08\/cropped-SorinLogo.png"},"sameAs":["https:\/\/sorinionescu.org"]}]}},"_links":{"self":[{"href":"https:\/\/sorinionescu.org\/ro\/wp-json\/wp\/v2\/pages\/292","targetHints":{"allow":["GET"]}}],"collection":[{"href":"https:\/\/sorinionescu.org\/ro\/wp-json\/wp\/v2\/pages"}],"about":[{"href":"https:\/\/sorinionescu.org\/ro\/wp-json\/wp\/v2\/types\/page"}],"author":[{"embeddable":true,"href":"https:\/\/sorinionescu.org\/ro\/wp-json\/wp\/v2\/users\/2"}],"replies":[{"embeddable":true,"href":"https:\/\/sorinionescu.org\/ro\/wp-json\/wp\/v2\/comments?post=292"}],"version-history":[{"count":1,"href":"https:\/\/sorinionescu.org\/ro\/wp-json\/wp\/v2\/pages\/292\/revisions"}],"predecessor-version":[{"id":293,"href":"https:\/\/sorinionescu.org\/ro\/wp-json\/wp\/v2\/pages\/292\/revisions\/293"}],"wp:attachment":[{"href":"https:\/\/sorinionescu.org\/ro\/wp-json\/wp\/v2\/media?parent=292"}],"curies":[{"name":"wp","href":"https:\/\/api.w.org\/{rel}","templated":true}]}}