{"id":528,"date":"2020-07-16T06:56:20","date_gmt":"2020-07-16T10:56:20","guid":{"rendered":"https:\/\/sorinionescu.org\/acasa\/"},"modified":"2020-07-16T06:56:21","modified_gmt":"2020-07-16T10:56:21","slug":"acasa","status":"publish","type":"page","link":"https:\/\/sorinionescu.org\/ro\/","title":{"rendered":"Acas\u0103"},"content":{"rendered":"\t\t<div data-elementor-type=\"wp-post\" data-elementor-id=\"528\" class=\"elementor elementor-528 elementor-505\" data-elementor-post-type=\"page\">\n\t\t\t\t\t\t<section class=\"elementor-section elementor-top-section elementor-element elementor-element-e594fb2 elementor-section-boxed elementor-section-height-default elementor-section-height-default\" data-id=\"e594fb2\" data-element_type=\"section\">\n\t\t\t\t\t\t<div class=\"elementor-container elementor-column-gap-default\">\n\t\t\t\t\t<div class=\"elementor-column elementor-col-100 elementor-top-column elementor-element elementor-element-5778bf8\" data-id=\"5778bf8\" data-element_type=\"column\">\n\t\t\t<div class=\"elementor-widget-wrap elementor-element-populated\">\n\t\t\t\t\t\t<section class=\"elementor-section elementor-inner-section elementor-element elementor-element-16f8c1d elementor-section-boxed elementor-section-height-default elementor-section-height-default\" data-id=\"16f8c1d\" data-element_type=\"section\">\n\t\t\t\t\t\t<div class=\"elementor-container elementor-column-gap-default\">\n\t\t\t\t\t<div class=\"elementor-column elementor-col-50 elementor-inner-column elementor-element elementor-element-0aae901\" data-id=\"0aae901\" data-element_type=\"column\">\n\t\t\t<div class=\"elementor-widget-wrap elementor-element-populated\">\n\t\t\t\t\t\t<div class=\"elementor-element elementor-element-0d2472e elementor-widget elementor-widget-heading\" data-id=\"0d2472e\" data-element_type=\"widget\" data-widget_type=\"heading.default\">\n\t\t\t\t<div class=\"elementor-widget-container\">\n\t\t\t\t\t<h2 class=\"elementor-heading-title elementor-size-default\"> Cine sunt<\/h2>\t\t\t\t<\/div>\n\t\t\t\t<\/div>\n\t\t\t\t<div class=\"elementor-element elementor-element-e704e7e elementor-widget elementor-widget-text-editor\" data-id=\"e704e7e\" data-element_type=\"widget\" data-widget_type=\"text-editor.default\">\n\t\t\t\t<div class=\"elementor-widget-container\">\n\t\t\t\t\t\t\t\t\t<p>Caut sensul \u0219i adev\u0103rul.<\/p>\n<p>Caut s\u0103 am sens \u00eentr-o lume \u00een care sensul nu este o sarcin\u0103 u\u0219oar\u0103.<\/p>\n<p>Caut s\u0103 fac diferen\u021ba l\u0103s\u00e2nd lumea pu\u021bin mai bine dec\u00e2t am g\u0103sit-o.<\/p>\n<p>Caut s\u0103 minimalizez suferin\u021ba prin ac\u021biunile \u0219i g\u00e2ndurile mele.<\/p>\n<p>M\u0103 tem de unele pove\u0219ti scrise ad\u00e2nc \u00een biologia noastr\u0103, cum ar fi concuren\u021ba pr\u0103d\u0103toare.<\/p>\n<p>M\u0103 tem de unele pove\u0219ti din cultura noastr\u0103, precum consumismul \u0219i individualismul.<\/p>\n<p>M\u0103 tem c\u0103 \u0219ansele P\u0103m\u00e2ntului de a evita o colaps catastrofal sunt infinit de mici.<\/p>\n\t\t\t\t\t\t\t\t<\/div>\n\t\t\t\t<\/div>\n\t\t\t\t\t<\/div>\n\t\t<\/div>\n\t\t\t\t<div class=\"elementor-column elementor-col-50 elementor-inner-column elementor-element elementor-element-bf5e334\" data-id=\"bf5e334\" data-element_type=\"column\">\n\t\t\t<div class=\"elementor-widget-wrap elementor-element-populated\">\n\t\t\t\t\t\t<div class=\"elementor-element elementor-element-a167d82 elementor-widget elementor-widget-image\" data-id=\"a167d82\" data-element_type=\"widget\" data-widget_type=\"image.default\">\n\t\t\t\t<div class=\"elementor-widget-container\">\n\t\t\t\t\t\t\t\t\t\t\t\t\t\t\t<img fetchpriority=\"high\" decoding=\"async\" width=\"800\" height=\"600\" src=\"https:\/\/sorinionescu.org\/wp-content\/uploads\/2020\/07\/Rock-1-1024x768.jpg\" class=\"attachment-large size-large wp-image-513\" alt=\"\" srcset=\"https:\/\/sorinionescu.org\/wp-content\/uploads\/2020\/07\/Rock-1-1024x768.jpg 1024w, https:\/\/sorinionescu.org\/wp-content\/uploads\/2020\/07\/Rock-1-300x225.jpg 300w, https:\/\/sorinionescu.org\/wp-content\/uploads\/2020\/07\/Rock-1-768x576.jpg 768w, https:\/\/sorinionescu.org\/wp-content\/uploads\/2020\/07\/Rock-1.jpg 1152w\" sizes=\"(max-width: 800px) 100vw, 800px\" \/>\t\t\t\t\t\t\t\t\t\t\t\t\t\t\t<\/div>\n\t\t\t\t<\/div>\n\t\t\t\t\t<\/div>\n\t\t<\/div>\n\t\t\t\t\t<\/div>\n\t\t<\/section>\n\t\t\t\t<section class=\"elementor-section elementor-inner-section elementor-element elementor-element-0a35555 elementor-section-boxed elementor-section-height-default elementor-section-height-default\" data-id=\"0a35555\" data-element_type=\"section\">\n\t\t\t\t\t\t<div class=\"elementor-container elementor-column-gap-default\">\n\t\t\t\t\t<div class=\"elementor-column elementor-col-50 elementor-inner-column elementor-element elementor-element-1e1e829\" data-id=\"1e1e829\" data-element_type=\"column\">\n\t\t\t<div class=\"elementor-widget-wrap elementor-element-populated\">\n\t\t\t\t\t\t<div class=\"elementor-element elementor-element-4c3cef4 elementor-widget elementor-widget-image\" data-id=\"4c3cef4\" data-element_type=\"widget\" data-widget_type=\"image.default\">\n\t\t\t\t<div class=\"elementor-widget-container\">\n\t\t\t\t\t\t\t\t\t\t\t\t\t\t\t<img decoding=\"async\" width=\"800\" height=\"400\" src=\"https:\/\/sorinionescu.org\/wp-content\/uploads\/2020\/07\/Altrusim-1024x512.jpg\" class=\"attachment-large size-large wp-image-517\" alt=\"\" srcset=\"https:\/\/sorinionescu.org\/wp-content\/uploads\/2020\/07\/Altrusim-1024x512.jpg 1024w, https:\/\/sorinionescu.org\/wp-content\/uploads\/2020\/07\/Altrusim-300x150.jpg 300w, https:\/\/sorinionescu.org\/wp-content\/uploads\/2020\/07\/Altrusim-768x384.jpg 768w, https:\/\/sorinionescu.org\/wp-content\/uploads\/2020\/07\/Altrusim.jpg 1040w\" sizes=\"(max-width: 800px) 100vw, 800px\" \/>\t\t\t\t\t\t\t\t\t\t\t\t\t\t\t<\/div>\n\t\t\t\t<\/div>\n\t\t\t\t\t<\/div>\n\t\t<\/div>\n\t\t\t\t<div class=\"elementor-column elementor-col-50 elementor-inner-column elementor-element elementor-element-f4af1dc\" data-id=\"f4af1dc\" data-element_type=\"column\">\n\t\t\t<div class=\"elementor-widget-wrap elementor-element-populated\">\n\t\t\t\t\t\t<div class=\"elementor-element elementor-element-f43795d elementor-widget elementor-widget-text-editor\" data-id=\"f43795d\" data-element_type=\"widget\" data-widget_type=\"text-editor.default\">\n\t\t\t\t<div class=\"elementor-widget-container\">\n\t\t\t\t\t\t\t\t\t<p>Am credin\u021b\u0103 \u00een altruismul, bun\u0103tatea \u0219i compasiunea care este \u00een noi to\u021bi.<\/p>\n<p>Am o speran\u021b\u0103 profund\u0103 c\u0103 vom reu\u0219i \u0219i cred c\u0103 vor predomina cooperarea \u0219i inteligen\u021ba colectiv\u0103 coerent\u0103 \u0219i binevoitoare.<\/p>\n\t\t\t\t\t\t\t\t<\/div>\n\t\t\t\t<\/div>\n\t\t\t\t\t<\/div>\n\t\t<\/div>\n\t\t\t\t\t<\/div>\n\t\t<\/section>\n\t\t\t\t<section class=\"elementor-section elementor-inner-section elementor-element elementor-element-b74443f elementor-section-boxed elementor-section-height-default elementor-section-height-default\" data-id=\"b74443f\" data-element_type=\"section\">\n\t\t\t\t\t\t<div class=\"elementor-container elementor-column-gap-default\">\n\t\t\t\t\t<div class=\"elementor-column elementor-col-50 elementor-inner-column elementor-element elementor-element-0f6a989\" data-id=\"0f6a989\" data-element_type=\"column\">\n\t\t\t<div class=\"elementor-widget-wrap elementor-element-populated\">\n\t\t\t\t\t\t<div class=\"elementor-element elementor-element-f70ce28 elementor-widget elementor-widget-text-editor\" data-id=\"f70ce28\" data-element_type=\"widget\" data-widget_type=\"text-editor.default\">\n\t\t\t\t<div class=\"elementor-widget-container\">\n\t\t\t\t\t\t\t\t\t<p>Am fost un inginer software canadian n\u0103scut \u00een Rom\u00e2nia.<\/p>\n<p>Mi-am p\u0103r\u0103sit slujba \u0219i casa mea, iar acum sunt un nomad \u00een slujba tranzi\u021biei prin care trebuie s\u0103 parcurg\u0103 umanitatea, o mic\u0103 celul\u0103 terestr\u0103 \u00een slujba organismului planetei P\u0103m\u00e2nt.<\/p>\n<p>Sunt un vis\u0103tor de zi \u0219i sunt lucr\u0103tor de noapte.<\/p>\n<p>Sunt un iubitor de tot ceea ce este frumos \u0219i amabil \u0219i sunt un c\u0103ut\u0103tor de conexiuni profunde autentice.<\/p>\n<p>Mai presus de toate, nu sunt nimeni.<\/p>\n\t\t\t\t\t\t\t\t<\/div>\n\t\t\t\t<\/div>\n\t\t\t\t\t<\/div>\n\t\t<\/div>\n\t\t\t\t<div class=\"elementor-column elementor-col-50 elementor-inner-column elementor-element elementor-element-75fc519\" data-id=\"75fc519\" data-element_type=\"column\">\n\t\t\t<div class=\"elementor-widget-wrap elementor-element-populated\">\n\t\t\t\t\t\t<div class=\"elementor-element elementor-element-c914b74 elementor-widget elementor-widget-image\" data-id=\"c914b74\" data-element_type=\"widget\" data-widget_type=\"image.default\">\n\t\t\t\t<div class=\"elementor-widget-container\">\n\t\t\t\t\t\t\t\t\t\t\t\t\t\t\t<img decoding=\"async\" width=\"472\" height=\"354\" src=\"https:\/\/sorinionescu.org\/wp-content\/uploads\/2020\/07\/Nomad.jpg\" class=\"attachment-large size-large wp-image-521\" alt=\"\" srcset=\"https:\/\/sorinionescu.org\/wp-content\/uploads\/2020\/07\/Nomad.jpg 472w, https:\/\/sorinionescu.org\/wp-content\/uploads\/2020\/07\/Nomad-300x225.jpg 300w\" sizes=\"(max-width: 472px) 100vw, 472px\" \/>\t\t\t\t\t\t\t\t\t\t\t\t\t\t\t<\/div>\n\t\t\t\t<\/div>\n\t\t\t\t\t<\/div>\n\t\t<\/div>\n\t\t\t\t\t<\/div>\n\t\t<\/section>\n\t\t\t\t\t<\/div>\n\t\t<\/div>\n\t\t\t\t\t<\/div>\n\t\t<\/section>\n\t\t\t\t<\/div>\n\t\t","protected":false},"excerpt":{"rendered":"<p>Cine sunt Caut sensul \u0219i adev\u0103rul. Caut s\u0103 am sens \u00eentr-o lume \u00een care sensul nu este o sarcin\u0103 u\u0219oar\u0103. Caut s\u0103 fac diferen\u021ba l\u0103s\u00e2nd lumea pu\u021bin mai bine dec\u00e2t am g\u0103sit-o. Caut s\u0103 minimalizez suferin\u021ba prin ac\u021biunile \u0219i g\u00e2ndurile mele. M\u0103 tem de unele pove\u0219ti scrise ad\u00e2nc \u00een biologia noastr\u0103, cum ar fi concuren\u021ba [&hellip;]<\/p>\n","protected":false},"author":2,"featured_media":0,"parent":0,"menu_order":0,"comment_status":"closed","ping_status":"closed","template":"","meta":{"footnotes":""},"class_list":["post-528","page","type-page","status-publish","hentry"],"yoast_head":"<!-- This site is optimized with the Yoast SEO plugin v27.4 - https:\/\/yoast.com\/product\/yoast-seo-wordpress\/ -->\n<title>Acas\u0103 ~ Sorin Ionescu<\/title>\n<meta name=\"robots\" content=\"index, follow, max-snippet:-1, max-image-preview:large, max-video-preview:-1\" \/>\n<link rel=\"canonical\" href=\"https:\/\/sorinionescu.org\/ro\/\" \/>\n<meta property=\"og:locale\" content=\"ro_RO\" \/>\n<meta property=\"og:type\" content=\"article\" \/>\n<meta property=\"og:title\" content=\"Acas\u0103 ~ Sorin Ionescu\" \/>\n<meta property=\"og:description\" content=\"Cine sunt Caut sensul \u0219i adev\u0103rul. Caut s\u0103 am sens \u00eentr-o lume \u00een care sensul nu este o sarcin\u0103 u\u0219oar\u0103. Caut s\u0103 fac diferen\u021ba l\u0103s\u00e2nd lumea pu\u021bin mai bine dec\u00e2t am g\u0103sit-o. Caut s\u0103 minimalizez suferin\u021ba prin ac\u021biunile \u0219i g\u00e2ndurile mele. M\u0103 tem de unele pove\u0219ti scrise ad\u00e2nc \u00een biologia noastr\u0103, cum ar fi concuren\u021ba [&hellip;]\" \/>\n<meta property=\"og:url\" content=\"https:\/\/sorinionescu.org\/ro\/\" \/>\n<meta property=\"og:site_name\" content=\"Sorin Ionescu\" \/>\n<meta property=\"article:modified_time\" content=\"2020-07-16T10:56:21+00:00\" \/>\n<meta property=\"og:image\" content=\"https:\/\/sorinionescu.org\/wp-content\/uploads\/2020\/07\/Rock-1-1024x768.jpg\" \/>\n<meta name=\"twitter:card\" content=\"summary_large_image\" \/>\n<meta name=\"twitter:label1\" content=\"Timp estimat pentru citire\" \/>\n\t<meta name=\"twitter:data1\" content=\"1 minut\" \/>\n<script type=\"application\/ld+json\" class=\"yoast-schema-graph\">{\"@context\":\"https:\\\/\\\/schema.org\",\"@graph\":[{\"@type\":\"WebPage\",\"@id\":\"https:\\\/\\\/sorinionescu.org\\\/ro\\\/\",\"url\":\"https:\\\/\\\/sorinionescu.org\\\/ro\\\/\",\"name\":\"Acas\u0103 ~ Sorin Ionescu\",\"isPartOf\":{\"@id\":\"https:\\\/\\\/sorinionescu.org\\\/#website\"},\"primaryImageOfPage\":{\"@id\":\"https:\\\/\\\/sorinionescu.org\\\/ro\\\/#primaryimage\"},\"image\":{\"@id\":\"https:\\\/\\\/sorinionescu.org\\\/ro\\\/#primaryimage\"},\"thumbnailUrl\":\"https:\\\/\\\/sorinionescu.org\\\/wp-content\\\/uploads\\\/2020\\\/07\\\/Rock-1-1024x768.jpg\",\"datePublished\":\"2020-07-16T10:56:20+00:00\",\"dateModified\":\"2020-07-16T10:56:21+00:00\",\"breadcrumb\":{\"@id\":\"https:\\\/\\\/sorinionescu.org\\\/ro\\\/#breadcrumb\"},\"inLanguage\":\"ro-RO\",\"potentialAction\":[{\"@type\":\"ReadAction\",\"target\":[\"https:\\\/\\\/sorinionescu.org\\\/ro\\\/\"]}]},{\"@type\":\"ImageObject\",\"inLanguage\":\"ro-RO\",\"@id\":\"https:\\\/\\\/sorinionescu.org\\\/ro\\\/#primaryimage\",\"url\":\"https:\\\/\\\/sorinionescu.org\\\/wp-content\\\/uploads\\\/2020\\\/07\\\/Rock-1-1024x768.jpg\",\"contentUrl\":\"https:\\\/\\\/sorinionescu.org\\\/wp-content\\\/uploads\\\/2020\\\/07\\\/Rock-1-1024x768.jpg\"},{\"@type\":\"BreadcrumbList\",\"@id\":\"https:\\\/\\\/sorinionescu.org\\\/ro\\\/#breadcrumb\",\"itemListElement\":[{\"@type\":\"ListItem\",\"position\":1,\"name\":\"Home\",\"item\":\"https:\\\/\\\/sorinionescu.org\\\/ro\\\/\"},{\"@type\":\"ListItem\",\"position\":2,\"name\":\"Acas\u0103\"}]},{\"@type\":\"WebSite\",\"@id\":\"https:\\\/\\\/sorinionescu.org\\\/#website\",\"url\":\"https:\\\/\\\/sorinionescu.org\\\/\",\"name\":\"Sorin Ionescu\",\"description\":\"\",\"publisher\":{\"@id\":\"https:\\\/\\\/sorinionescu.org\\\/#\\\/schema\\\/person\\\/8b60c7d9c1322e6c108e45a89abb67ae\"},\"potentialAction\":[{\"@type\":\"SearchAction\",\"target\":{\"@type\":\"EntryPoint\",\"urlTemplate\":\"https:\\\/\\\/sorinionescu.org\\\/?s={search_term_string}\"},\"query-input\":{\"@type\":\"PropertyValueSpecification\",\"valueRequired\":true,\"valueName\":\"search_term_string\"}}],\"inLanguage\":\"ro-RO\"},{\"@type\":[\"Person\",\"Organization\"],\"@id\":\"https:\\\/\\\/sorinionescu.org\\\/#\\\/schema\\\/person\\\/8b60c7d9c1322e6c108e45a89abb67ae\",\"name\":\"Sorin Ionescu\",\"image\":{\"@type\":\"ImageObject\",\"inLanguage\":\"ro-RO\",\"@id\":\"https:\\\/\\\/sorinionescu.org\\\/wp-content\\\/uploads\\\/2019\\\/08\\\/cropped-SorinLogo.png\",\"url\":\"https:\\\/\\\/sorinionescu.org\\\/wp-content\\\/uploads\\\/2019\\\/08\\\/cropped-SorinLogo.png\",\"contentUrl\":\"https:\\\/\\\/sorinionescu.org\\\/wp-content\\\/uploads\\\/2019\\\/08\\\/cropped-SorinLogo.png\",\"width\":126,\"height\":119,\"caption\":\"Sorin Ionescu\"},\"logo\":{\"@id\":\"https:\\\/\\\/sorinionescu.org\\\/wp-content\\\/uploads\\\/2019\\\/08\\\/cropped-SorinLogo.png\"},\"sameAs\":[\"https:\\\/\\\/sorinionescu.org\"]}]}<\/script>\n<!-- \/ Yoast SEO plugin. -->","yoast_head_json":{"title":"Acas\u0103 ~ Sorin Ionescu","robots":{"index":"index","follow":"follow","max-snippet":"max-snippet:-1","max-image-preview":"max-image-preview:large","max-video-preview":"max-video-preview:-1"},"canonical":"https:\/\/sorinionescu.org\/ro\/","og_locale":"ro_RO","og_type":"article","og_title":"Acas\u0103 ~ Sorin Ionescu","og_description":"Cine sunt Caut sensul \u0219i adev\u0103rul. Caut s\u0103 am sens \u00eentr-o lume \u00een care sensul nu este o sarcin\u0103 u\u0219oar\u0103. Caut s\u0103 fac diferen\u021ba l\u0103s\u00e2nd lumea pu\u021bin mai bine dec\u00e2t am g\u0103sit-o. Caut s\u0103 minimalizez suferin\u021ba prin ac\u021biunile \u0219i g\u00e2ndurile mele. M\u0103 tem de unele pove\u0219ti scrise ad\u00e2nc \u00een biologia noastr\u0103, cum ar fi concuren\u021ba [&hellip;]","og_url":"https:\/\/sorinionescu.org\/ro\/","og_site_name":"Sorin Ionescu","article_modified_time":"2020-07-16T10:56:21+00:00","og_image":[{"url":"https:\/\/sorinionescu.org\/wp-content\/uploads\/2020\/07\/Rock-1-1024x768.jpg","type":"","width":"","height":""}],"twitter_card":"summary_large_image","twitter_misc":{"Timp estimat pentru citire":"1 minut"},"schema":{"@context":"https:\/\/schema.org","@graph":[{"@type":"WebPage","@id":"https:\/\/sorinionescu.org\/ro\/","url":"https:\/\/sorinionescu.org\/ro\/","name":"Acas\u0103 ~ Sorin Ionescu","isPartOf":{"@id":"https:\/\/sorinionescu.org\/#website"},"primaryImageOfPage":{"@id":"https:\/\/sorinionescu.org\/ro\/#primaryimage"},"image":{"@id":"https:\/\/sorinionescu.org\/ro\/#primaryimage"},"thumbnailUrl":"https:\/\/sorinionescu.org\/wp-content\/uploads\/2020\/07\/Rock-1-1024x768.jpg","datePublished":"2020-07-16T10:56:20+00:00","dateModified":"2020-07-16T10:56:21+00:00","breadcrumb":{"@id":"https:\/\/sorinionescu.org\/ro\/#breadcrumb"},"inLanguage":"ro-RO","potentialAction":[{"@type":"ReadAction","target":["https:\/\/sorinionescu.org\/ro\/"]}]},{"@type":"ImageObject","inLanguage":"ro-RO","@id":"https:\/\/sorinionescu.org\/ro\/#primaryimage","url":"https:\/\/sorinionescu.org\/wp-content\/uploads\/2020\/07\/Rock-1-1024x768.jpg","contentUrl":"https:\/\/sorinionescu.org\/wp-content\/uploads\/2020\/07\/Rock-1-1024x768.jpg"},{"@type":"BreadcrumbList","@id":"https:\/\/sorinionescu.org\/ro\/#breadcrumb","itemListElement":[{"@type":"ListItem","position":1,"name":"Home","item":"https:\/\/sorinionescu.org\/ro\/"},{"@type":"ListItem","position":2,"name":"Acas\u0103"}]},{"@type":"WebSite","@id":"https:\/\/sorinionescu.org\/#website","url":"https:\/\/sorinionescu.org\/","name":"Sorin Ionescu","description":"","publisher":{"@id":"https:\/\/sorinionescu.org\/#\/schema\/person\/8b60c7d9c1322e6c108e45a89abb67ae"},"potentialAction":[{"@type":"SearchAction","target":{"@type":"EntryPoint","urlTemplate":"https:\/\/sorinionescu.org\/?s={search_term_string}"},"query-input":{"@type":"PropertyValueSpecification","valueRequired":true,"valueName":"search_term_string"}}],"inLanguage":"ro-RO"},{"@type":["Person","Organization"],"@id":"https:\/\/sorinionescu.org\/#\/schema\/person\/8b60c7d9c1322e6c108e45a89abb67ae","name":"Sorin Ionescu","image":{"@type":"ImageObject","inLanguage":"ro-RO","@id":"https:\/\/sorinionescu.org\/wp-content\/uploads\/2019\/08\/cropped-SorinLogo.png","url":"https:\/\/sorinionescu.org\/wp-content\/uploads\/2019\/08\/cropped-SorinLogo.png","contentUrl":"https:\/\/sorinionescu.org\/wp-content\/uploads\/2019\/08\/cropped-SorinLogo.png","width":126,"height":119,"caption":"Sorin Ionescu"},"logo":{"@id":"https:\/\/sorinionescu.org\/wp-content\/uploads\/2019\/08\/cropped-SorinLogo.png"},"sameAs":["https:\/\/sorinionescu.org"]}]}},"_links":{"self":[{"href":"https:\/\/sorinionescu.org\/ro\/wp-json\/wp\/v2\/pages\/528","targetHints":{"allow":["GET"]}}],"collection":[{"href":"https:\/\/sorinionescu.org\/ro\/wp-json\/wp\/v2\/pages"}],"about":[{"href":"https:\/\/sorinionescu.org\/ro\/wp-json\/wp\/v2\/types\/page"}],"author":[{"embeddable":true,"href":"https:\/\/sorinionescu.org\/ro\/wp-json\/wp\/v2\/users\/2"}],"replies":[{"embeddable":true,"href":"https:\/\/sorinionescu.org\/ro\/wp-json\/wp\/v2\/comments?post=528"}],"version-history":[{"count":1,"href":"https:\/\/sorinionescu.org\/ro\/wp-json\/wp\/v2\/pages\/528\/revisions"}],"predecessor-version":[{"id":529,"href":"https:\/\/sorinionescu.org\/ro\/wp-json\/wp\/v2\/pages\/528\/revisions\/529"}],"wp:attachment":[{"href":"https:\/\/sorinionescu.org\/ro\/wp-json\/wp\/v2\/media?parent=528"}],"curies":[{"name":"wp","href":"https:\/\/api.w.org\/{rel}","templated":true}]}}